{"id":29652,"date":"2023-11-24T11:10:39","date_gmt":"2023-11-24T11:10:39","guid":{"rendered":"https:\/\/pl-ua.eu\/zobacz-inne-programy\/"},"modified":"2023-11-24T11:10:39","modified_gmt":"2023-11-24T11:10:39","slug":"zobacz-inne-programy","status":"publish","type":"page","link":"https:\/\/pl-ua.eu\/en\/zobacz-inne-programy\/","title":{"rendered":"Zobacz inne programy"},"content":{"rendered":"\n<div class=\"\">\n  <!-- zobacz-inne-programy -->\n\n\n\n  <div class=\"row g-0\">\n            <div class=\"col-12\">\n              <div class=\"site-header__top-menu__menu-modal__program\">\n                                <h2 class=\"mb-20px w-mc\">\n                  European Funds Portal                <\/h2>\n                \n\n                                <a class=\"link-arrow\" href=\"https:\/\/www.funduszeeuropejskie.gov.pl\/\" rel=\"nofollow noopener\" target=\"_blank\">\n                  <span>Go to the portal<\/span>\n                  <svg width=\"8\" height=\"14\" viewBox=\"0 0 8 14\" fill=\"none\" xmlns=\"http:\/\/www.w3.org\/2000\/svg\"\n                    aria-hidden=\"true\">\n                    <path d=\"M1.04265 1.03198L6.65967 6.649L1.04265 12.266\" stroke=\"#003399\" stroke-width=\"1.5\"\n                      stroke-linecap=\"round\" stroke-linejoin=\"round\"><\/path>\n                  <\/svg>\n                <\/a>\n                \n              <\/div>\n              <button class=\"site-header__top-menu__menu-modal__close\" aria-label=\"Close the window with the program list\"\n                onclick=\"menuProgramsExpandClick()\" id=\"menuProgramsClose\">\n                <svg width=\"29\" height=\"29\" viewBox=\"0 0 29 29\" fill=\"none\" xmlns=\"http:\/\/www.w3.org\/2000\/svg\">\n                  <path d=\"M20.5418 8.45825L8.4585 20.5416\" stroke=\"#003399\" stroke-width=\"1.5\" stroke-linecap=\"round\"\n                    stroke-linejoin=\"round\"><\/path>\n                  <path d=\"M8.4585 8.45825L20.5418 20.5416\" stroke=\"#003399\" stroke-width=\"1.5\" stroke-linecap=\"round\"\n                    stroke-linejoin=\"round\"><\/path>\n                <\/svg>\n                <span class=\"visually-hidden\">Close the window with the program list<\/span>\n              <\/button>\n            <\/div>\n            <hr class=\"hr mb-40px\">\n            <div class=\"col-12 col-md-9\">\n              <!-- -->\n            <\/div>\n\n          <\/div>\n\n                    <div class=\"row g-0 mb-40px\">\n            <div class=\"col-12 col-sm col-md col-lg-4 col-xl-3 col-xxl-3\">\n              <div class=\"site-header__top-menu__menu-modal__program\">\n                                <h2>National Programmes<\/h2>\n                \n\n\n                                <p>Check out the Funds Programmes<br \/>\r\ncarried out throughout the country<\/p>\n                \n                \n              <\/div>\n            <\/div>\n\n                        <div class=\"col-12 col-sm col-md col-lg-8 col-xl-9 col-xxl-9\">\n              <ul class=\"list list-unstyled site-header__top-menu__menu-modal__list-districts\">\n\n                                <li>\n                  <a href=\"https:\/\/pl-ua.eu\/\">\n                    <span class=\"site-header__top-menu__menu-modal__list-doted--dot\" style=\"background: #009744\">\n                      <!-- -->\n                    <\/span>\n                    Infrastructure, climate, environment                  <\/a>\n                <\/li>\n                                                <li>\n                  <a href=\"https:\/\/pl-ua.eu\/\">\n                    <span class=\"site-header__top-menu__menu-modal__list-doted--dot\" style=\"background: #00828c\">\n                      <!-- -->\n                    <\/span>\n                    Modern economy                  <\/a>\n                <\/li>\n                                                <li>\n                  <a href=\"https:\/\/pl-ua.eu\/\">\n                    <span class=\"site-header__top-menu__menu-modal__list-doted--dot\" style=\"background: #367bab\">\n                      <!-- -->\n                    <\/span>\n                    Fisheries                  <\/a>\n                <\/li>\n                                                <li>\n                  <a href=\"https:\/\/pl-ua.eu\/\">\n                    <span class=\"site-header__top-menu__menu-modal__list-doted--dot\" style=\"background: #c5521c\">\n                      <!-- -->\n                    <\/span>\n                    Social development                  <\/a>\n                <\/li>\n                                                <li>\n                  <a href=\"https:\/\/pl-ua.eu\/\">\n                    <span class=\"site-header__top-menu__menu-modal__list-doted--dot\" style=\"background: #4b4fa5\">\n                      <!-- -->\n                    <\/span>\n                    Eastern Poland                  <\/a>\n                <\/li>\n                                                <li>\n                  <a href=\"https:\/\/pl-ua.eu\/\">\n                    <span class=\"site-header__top-menu__menu-modal__list-doted--dot\" style=\"background: #003399\">\n                      <!-- -->\n                    <\/span>\n                     Food Aid                  <\/a>\n                <\/li>\n                                                <li>\n                  <a href=\"https:\/\/pl-ua.eu\/\">\n                    <span class=\"site-header__top-menu__menu-modal__list-doted--dot\" style=\"background: #a82c23\">\n                      <!-- -->\n                    <\/span>\n                    Digital development                  <\/a>\n                <\/li>\n                                                <li>\n                  <a href=\"https:\/\/pl-ua.eu\/\">\n                    <span class=\"site-header__top-menu__menu-modal__list-doted--dot\" style=\"background: #e5001d\">\n                      <!-- -->\n                    <\/span>\n                    Technical Support                  <\/a>\n                <\/li>\n                                                <li>\n                  <a href=\"https:\/\/pl-ua.eu\/\">\n                    <span class=\"site-header__top-menu__menu-modal__list-doted--dot\" style=\"background: #003399\">\n                      <!-- -->\n                    <\/span>\n                     Rural development                  <\/a>\n                <\/li>\n                                              <\/ul>\n            <\/div>\n                      <\/div>\n                    <div class=\"row g-0 mb-40px\">\n            <div class=\"col-12 col-sm col-md col-lg-4 col-xl-3 col-xxl-3\">\n              <div class=\"site-header__top-menu__menu-modal__program\">\n                                <h2>Regional Programmes<\/h2>\n                \n\n\n                                <p>Check out the Funds Programmescarried out throughout your region<\/p>\n                \n                \n              <\/div>\n            <\/div>\n\n                        <div class=\"col-12 col-sm col-md col-lg-8 col-xl-9 col-xxl-9\">\n              <ul class=\"list list-unstyled site-header__top-menu__menu-modal__list-districts\">\n\n                                <li>\n                  <a href=\"https:\/\/pl-ua.eu\/\">\n                    <span class=\"site-header__top-menu__menu-modal__list-doted--dot\" style=\"background: #003399\">\n                      <!-- -->\n                    <\/span>\n                    Lower Silesia                  <\/a>\n                <\/li>\n                                                <li>\n                  <a href=\"https:\/\/pl-ua.eu\/\">\n                    <span class=\"site-header__top-menu__menu-modal__list-doted--dot\" style=\"background: #003399\">\n                      <!-- -->\n                    <\/span>\n                    Kuyavia-Pomerania                  <\/a>\n                <\/li>\n                                                <li>\n                  <a href=\"https:\/\/pl-ua.eu\/\">\n                    <span class=\"site-header__top-menu__menu-modal__list-doted--dot\" style=\"background: #003399\">\n                      <!-- -->\n                    <\/span>\n                    Lublin Voivodeship                  <\/a>\n                <\/li>\n                                                <li>\n                  <a href=\"https:\/\/pl-ua.eu\/\">\n                    <span class=\"site-header__top-menu__menu-modal__list-doted--dot\" style=\"background: #003399\">\n                      <!-- -->\n                    <\/span>\n                    Lubusz Voivodeship                  <\/a>\n                <\/li>\n                                                <li>\n                  <a href=\"https:\/\/pl-ua.eu\/\">\n                    <span class=\"site-header__top-menu__menu-modal__list-doted--dot\" style=\"background: #003399\">\n                      <!-- -->\n                    <\/span>\n                    \u0141\u00f3d\u017a Voivodeship                  <\/a>\n                <\/li>\n                                                <li>\n                  <a href=\"https:\/\/pl-ua.eu\/\">\n                    <span class=\"site-header__top-menu__menu-modal__list-doted--dot\" style=\"background: #003399\">\n                      <!-- -->\n                    <\/span>\n                    Lesser Poland                  <\/a>\n                <\/li>\n                                                <li>\n                  <a href=\"https:\/\/pl-ua.eu\/\">\n                    <span class=\"site-header__top-menu__menu-modal__list-doted--dot\" style=\"background: #003399\">\n                      <!-- -->\n                    <\/span>\n                    Masovia                  <\/a>\n                <\/li>\n                                                <li>\n                  <a href=\"https:\/\/pl-ua.eu\/\">\n                    <span class=\"site-header__top-menu__menu-modal__list-doted--dot\" style=\"background: #003399\">\n                      <!-- -->\n                    <\/span>\n                    Opole Voivodeship                  <\/a>\n                <\/li>\n                                                <li>\n                  <a href=\"https:\/\/pl-ua.eu\/\">\n                    <span class=\"site-header__top-menu__menu-modal__list-doted--dot\" style=\"background: #003399\">\n                      <!-- -->\n                    <\/span>\n                    Subcarpathia                  <\/a>\n                <\/li>\n                                                <li>\n                  <a href=\"https:\/\/pl-ua.eu\/\">\n                    <span class=\"site-header__top-menu__menu-modal__list-doted--dot\" style=\"background: #003399\">\n                      <!-- -->\n                    <\/span>\n                    Podlaskie Voivodeship                  <\/a>\n                <\/li>\n                                                <li>\n                  <a href=\"https:\/\/pl-ua.eu\/\">\n                    <span class=\"site-header__top-menu__menu-modal__list-doted--dot\" style=\"background: #003399\">\n                      <!-- -->\n                    <\/span>\n                    Pomerania                  <\/a>\n                <\/li>\n                                                <li>\n                  <a href=\"https:\/\/pl-ua.eu\/\">\n                    <span class=\"site-header__top-menu__menu-modal__list-doted--dot\" style=\"background: #003399\">\n                      <!-- -->\n                    <\/span>\n                    Silesia                  <\/a>\n                <\/li>\n                                                <li>\n                  <a href=\"https:\/\/pl-ua.eu\/\">\n                    <span class=\"site-header__top-menu__menu-modal__list-doted--dot\" style=\"background: #003399\">\n                      <!-- -->\n                    <\/span>\n                    \u015awi\u0119tokrzyskie Voivodeship                  <\/a>\n                <\/li>\n                                                <li>\n                  <a href=\"https:\/\/pl-ua.eu\/\">\n                    <span class=\"site-header__top-menu__menu-modal__list-doted--dot\" style=\"background: #003399\">\n                      <!-- -->\n                    <\/span>\n                    Warmia-Masuria                  <\/a>\n                <\/li>\n                                                <li>\n                  <a href=\"https:\/\/pl-ua.eu\/\">\n                    <span class=\"site-header__top-menu__menu-modal__list-doted--dot\" style=\"background: #003399\">\n                      <!-- -->\n                    <\/span>\n                    Greater Poland                  <\/a>\n                <\/li>\n                                                <li>\n                  <a href=\"https:\/\/pl-ua.eu\/\">\n                    <span class=\"site-header__top-menu__menu-modal__list-doted--dot\" style=\"background: #003399\">\n                      <!-- -->\n                    <\/span>\n                    West Pomerania                  <\/a>\n                <\/li>\n                                              <\/ul>\n            <\/div>\n                      <\/div>\n                    <div class=\"row g-0 mb-40px\">\n            <div class=\"col-12 col-sm col-md col-lg-4 col-xl-3 col-xxl-3\">\n              <div class=\"site-header__top-menu__menu-modal__program\">\n                                <h2>Interreg Programmes<\/h2>\n                \n\n\n                                <p>Check out the Funds Programmes carried out Internationally<\/p>\n                \n                                <a class=\"link-arrow\" href=\"https:\/\/pl-ua.eu\/\">\n                  <span>interreg website<\/span>\n                  <svg width=\"8\" height=\"14\" viewBox=\"0 0 8 14\" fill=\"none\" xmlns=\"http:\/\/www.w3.org\/2000\/svg\"\n                    aria-hidden=\"true\">\n                    <path d=\"M1.04265 1.03198L6.65967 6.649L1.04265 12.266\" stroke=\"#003399\" stroke-width=\"1.5\"\n                      stroke-linecap=\"round\" stroke-linejoin=\"round\"><\/path>\n                  <\/svg>\n                <\/a>\n                \n              <\/div>\n            <\/div>\n\n                        <div class=\"col-12 col-sm col-md col-lg-8 col-xl-9 col-xxl-9\">\n              <ul class=\"list list-unstyled site-header__top-menu__menu-modal__list-districts\">\n\n                                <li>\n                  <a href=\"https:\/\/pl-ua.eu\/\">\n                    <span class=\"site-header__top-menu__menu-modal__list-doted--dot\" style=\"background: #898a8c\">\n                      <!-- -->\n                    <\/span>\n                    South Baltic                  <\/a>\n                <\/li>\n                                                <li>\n                  <a href=\"https:\/\/pl-ua.eu\/\">\n                    <span class=\"site-header__top-menu__menu-modal__list-doted--dot\" style=\"background: #898a8c\">\n                      <!-- -->\n                    <\/span>\n                    Mecklenburg-Western Pomerania \/ Brandenburg \/ Poland                  <\/a>\n                <\/li>\n                                                <li>\n                  <a href=\"https:\/\/pl-ua.eu\/\">\n                    <span class=\"site-header__top-menu__menu-modal__list-doted--dot\" style=\"background: #898a8c\">\n                      <!-- -->\n                    <\/span>\n                    Poland-Slovakia                  <\/a>\n                <\/li>\n                                                <li>\n                  <a href=\"https:\/\/pl-ua.eu\/\">\n                    <span class=\"site-header__top-menu__menu-modal__list-doted--dot\" style=\"background: #898a8c\">\n                      <!-- -->\n                    <\/span>\n                    Czech Republic-Poland                  <\/a>\n                <\/li>\n                                                <li>\n                  <a href=\"https:\/\/pl-ua.eu\/\">\n                    <span class=\"site-header__top-menu__menu-modal__list-doted--dot\" style=\"background: #898a8c\">\n                      <!-- -->\n                    <\/span>\n                    Poland-Saxony                  <\/a>\n                <\/li>\n                                                <li>\n                  <a href=\"https:\/\/pl-ua.eu\/\">\n                    <span class=\"site-header__top-menu__menu-modal__list-doted--dot\" style=\"background: #898a8c\">\n                      <!-- -->\n                    <\/span>\n                    NEXT Poland-Ukraine                  <\/a>\n                <\/li>\n                                                <li>\n                  <a href=\"https:\/\/pl-ua.eu\/\">\n                    <span class=\"site-header__top-menu__menu-modal__list-doted--dot\" style=\"background: #898a8c\">\n                      <!-- -->\n                    <\/span>\n                    Brandenburg-Poland                  <\/a>\n                <\/li>\n                                                <li>\n                  <a href=\"https:\/\/pl-ua.eu\/\">\n                    <span class=\"site-header__top-menu__menu-modal__list-doted--dot\" style=\"background: #898a8c\">\n                      <!-- -->\n                    <\/span>\n                    Lithuania-Poland                  <\/a>\n                <\/li>\n                                                <li>\n                  <a href=\"https:\/\/pl-ua.eu\/\">\n                    <span class=\"site-header__top-menu__menu-modal__list-doted--dot\" style=\"background: #898a8c\">\n                      <!-- -->\n                    <\/span>\n                    Central Europe                  <\/a>\n                <\/li>\n                                                <li>\n                  <a href=\"https:\/\/pl-ua.eu\/\">\n                    <span class=\"site-header__top-menu__menu-modal__list-doted--dot\" style=\"background: #898a8c\">\n                      <!-- -->\n                    <\/span>\n                    The Baltic Sea region                  <\/a>\n                <\/li>\n                                              <\/ul>\n            <\/div>\n                      <\/div>\n                    <div class=\"row g-0 mb-40px\">\n            <div class=\"col-12 col-sm col-md col-lg-4 col-xl-3 col-xxl-3\">\n              <div class=\"site-header__top-menu__menu-modal__program\">\n                                <h2>National Reconstruction Plan<\/h2>\n                \n\n\n                                <p>Check what the Funds offer in the national plan<\/p>\n                \n                                <a class=\"link-arrow\" href=\"https:\/\/pl-ua.eu\/\">\n                  <span>KPO WEBSITE<\/span>\n                  <svg width=\"8\" height=\"14\" viewBox=\"0 0 8 14\" fill=\"none\" xmlns=\"http:\/\/www.w3.org\/2000\/svg\"\n                    aria-hidden=\"true\">\n                    <path d=\"M1.04265 1.03198L6.65967 6.649L1.04265 12.266\" stroke=\"#003399\" stroke-width=\"1.5\"\n                      stroke-linecap=\"round\" stroke-linejoin=\"round\"><\/path>\n                  <\/svg>\n                <\/a>\n                \n              <\/div>\n            <\/div>\n\n                      <\/div>\n                    \n  <!-- \/zobacz-inne-programy -->\n<\/div>\n","protected":false},"excerpt":{"rendered":"","protected":false},"author":1,"featured_media":0,"parent":0,"menu_order":0,"comment_status":"closed","ping_status":"closed","template":"","meta":{"_acf_changed":false,"inline_featured_image":false,"_themeisle_gutenberg_block_has_review":false,"footnotes":"","_links_to":"","_links_to_target":""},"class_list":["post-29652","page","type-page","status-publish","hentry"],"acf":[],"publishpress_future_action":{"enabled":false,"date":"2026-04-11 06:36:23","action":"change-status","newStatus":"draft","terms":[],"taxonomy":"translation_priority","extraData":[]},"publishpress_future_workflow_manual_trigger":{"enabledWorkflows":[]},"_links":{"self":[{"href":"https:\/\/pl-ua.eu\/en\/wp-json\/wp\/v2\/pages\/29652","targetHints":{"allow":["GET"]}}],"collection":[{"href":"https:\/\/pl-ua.eu\/en\/wp-json\/wp\/v2\/pages"}],"about":[{"href":"https:\/\/pl-ua.eu\/en\/wp-json\/wp\/v2\/types\/page"}],"author":[{"embeddable":true,"href":"https:\/\/pl-ua.eu\/en\/wp-json\/wp\/v2\/users\/1"}],"replies":[{"embeddable":true,"href":"https:\/\/pl-ua.eu\/en\/wp-json\/wp\/v2\/comments?post=29652"}],"version-history":[{"count":0,"href":"https:\/\/pl-ua.eu\/en\/wp-json\/wp\/v2\/pages\/29652\/revisions"}],"wp:attachment":[{"href":"https:\/\/pl-ua.eu\/en\/wp-json\/wp\/v2\/media?parent=29652"}],"curies":[{"name":"wp","href":"https:\/\/api.w.org\/{rel}","templated":true}]}}