{"id":42988,"date":"2025-12-20T09:55:04","date_gmt":"2025-12-20T07:55:04","guid":{"rendered":"https:\/\/pl-ua.eu\/quote-ui\/"},"modified":"2025-12-22T14:06:47","modified_gmt":"2025-12-22T12:06:47","slug":"quote-ui","status":"publish","type":"page","link":"https:\/\/pl-ua.eu\/en\/quote-ui\/","title":{"rendered":"Quote UI"},"content":{"rendered":"\n<div class=\"wp-block-columns is-layout-flex wp-container-core-columns-is-layout-9d6595d7 wp-block-columns-is-layout-flex\">\n<div class=\"wp-block-column is-layout-flow wp-block-column-is-layout-flow\" style=\"flex-basis:66.66%\"><\/div>\n\n\n\n<div class=\"wp-block-column is-layout-flow wp-block-column-is-layout-flow\" style=\"flex-basis:33.33%\"><\/div>\n<\/div>\n\n\n\n<div class=\"citation-1 full_quote\">\n    <!-- citation-1 -->\n\n    <div class=\"quote_sec\">\n\n               <div class=\"qoute_left\">\n            <img decoding=\"async\" class=\"qu_img1\" src=\"https:\/\/pl-ua.eu\/wp-content\/uploads\/2025\/12\/image-32.png\" alt=\"\">\n        <\/div>\n        \n        <div class=\"quote_bg_box\">\n           \n            <div class=\"qu_ic\">\n                <img decoding=\"async\" src=\"https:\/\/pl-ua.eu\/wp-content\/themes\/fundusze\/assets\/images\/quote.svg\" alt=\"\">\n            <\/div>\n\n                        <div class=\"quote_text\"><p>Inwestujemy Fundusze Europejskie w rozw\u00f3j Polski. Ustawa wdro\u017ceniowa pozwoli efektywnie wykorzystywa\u0107 przyznane Polsce fundusze europejskie. Wprowadza mechanizmy koordynacji program\u00f3w wsp\u00f3\u0142finansowanych<\/p>\n<\/div>\n            \n                        <div class=\"quote_atr\">Grzegorz Puda<\/div>\n            \n                        <div class=\"quote_text1\">Minister Funduszy i Polityki Regionalnej<\/div>\n            \n        <\/div>\n    <\/div>\n\n    <div class=\"qu_line\"><\/div>\n\n    <!-- \/citation-1 -->\n<\/div>\n\n\n\n\n<div class=\"citation-2 \">\n    <!-- citation-2 -->\n     \n\n    <div class=\"quote_sec1\">\n        <div class=\"quote_sec_in\">\n            <div class=\"qu_ic\">\n                <img decoding=\"async\" src=\"https:\/\/pl-ua.eu\/wp-content\/themes\/fundusze\/assets\/images\/quote.svg\" alt=\"\">\n            <\/div>\n                        <div class=\"quote_text\"><p>Inwestujemy Fundusze Europejskie w rozw\u00f3j Polski. Ustawa wdro\u017ceniowa pozwoli efektywnie wykorzystywa\u0107 przyznane Polsce fundusze europejskie. Wprowadza mechanizmy koordynacji program\u00f3w wsp\u00f3\u0142finansowanych<br \/>\n<strong>z funduszy strukturalnych, Funduszu na rzecz Sprawiedliwej Transformacji i Funduszu Sp\u00f3jno\u015bci<\/strong>. Zawiera tak\u017ce szczeg\u00f3\u0142owe przepisy dotycz\u0105ce Krajowego Planu Odbudowy<\/p>\n<\/div>\n                    <\/div>\n        <div class=\"quote_img\">\n                        <img decoding=\"async\" class=\"qu_img2\" src=\"https:\/\/pl-ua.eu\/wp-content\/uploads\/2025\/12\/image-33.png\" alt=\"\">\n                        <div class=\"quote_img_text\">\n                \u2013 m\u00f3wi\u0142 Grzegorz Puda,<br> \n                Minister Funduszy i Polityki Regionalnej \n            <\/div>\n        <\/div>\n    <\/div>\n\n    <div class=\"qu_line\"><\/div>\n\n    <!-- \/citation-2 -->\n<\/div>\n\n\n\n\n<div class=\"citation-3 \">\n    <!-- citation-3 -->\n     \n\n    <div class=\"quote_sec1\">\n        <div class=\"quote_sec_in\">\n            <div class=\"qu_ic\">\n                <img decoding=\"async\" src=\"https:\/\/pl-ua.eu\/wp-content\/themes\/fundusze\/assets\/images\/quote.svg\" alt=\"\">\n            <\/div>\n            <div class=\"quote_text\">\n                <p>Inwestujemy Fundusze Europejskie w rozw\u00f3j Polski. Ustawa wdro\u017ceniowa pozwoli efektywnie wykorzystywa\u0107 przyznane Polsce fundusze europejskie. Wprowadza mechanizmy koordynacji program\u00f3w wsp\u00f3\u0142finansowanych<br \/>\n<strong>z funduszy strukturalnych, Funduszu na rzecz Sprawiedliwej Transformacji i Funduszu Sp\u00f3jno\u015bci<\/strong>. Zawiera tak\u017ce szczeg\u00f3\u0142owe przepisy dotycz\u0105ce Krajowego Planu Odbudowy<\/p>\n                <div class=\"quote_img_text1\">\n                \u2013 m\u00f3wi\u0142 Grzegorz Puda, Minister funduszy i polityki regionalnej <\/div>\n            <\/div>\n        <\/div>\n    <\/div>\n\n   \n\n    <div class=\"qu_line\"><\/div>\n\n    <!-- \/citation-3 -->\n<\/div>\n\n","protected":false},"excerpt":{"rendered":"","protected":false},"author":1,"featured_media":0,"parent":0,"menu_order":0,"comment_status":"closed","ping_status":"closed","template":"","meta":{"_acf_changed":false,"inline_featured_image":false,"_themeisle_gutenberg_block_has_review":false,"footnotes":"","_links_to":"","_links_to_target":""},"class_list":["post-42988","page","type-page","status-publish","hentry"],"acf":[],"publishpress_future_action":{"enabled":false,"date":"2026-04-11 06:37:45","action":"change-status","newStatus":"draft","terms":[],"taxonomy":"translation_priority","extraData":[]},"publishpress_future_workflow_manual_trigger":{"enabledWorkflows":[]},"_links":{"self":[{"href":"https:\/\/pl-ua.eu\/en\/wp-json\/wp\/v2\/pages\/42988","targetHints":{"allow":["GET"]}}],"collection":[{"href":"https:\/\/pl-ua.eu\/en\/wp-json\/wp\/v2\/pages"}],"about":[{"href":"https:\/\/pl-ua.eu\/en\/wp-json\/wp\/v2\/types\/page"}],"author":[{"embeddable":true,"href":"https:\/\/pl-ua.eu\/en\/wp-json\/wp\/v2\/users\/1"}],"replies":[{"embeddable":true,"href":"https:\/\/pl-ua.eu\/en\/wp-json\/wp\/v2\/comments?post=42988"}],"version-history":[{"count":4,"href":"https:\/\/pl-ua.eu\/en\/wp-json\/wp\/v2\/pages\/42988\/revisions"}],"predecessor-version":[{"id":43004,"href":"https:\/\/pl-ua.eu\/en\/wp-json\/wp\/v2\/pages\/42988\/revisions\/43004"}],"wp:attachment":[{"href":"https:\/\/pl-ua.eu\/en\/wp-json\/wp\/v2\/media?parent=42988"}],"curies":[{"name":"wp","href":"https:\/\/api.w.org\/{rel}","templated":true}]}}