{"id":224,"date":"2023-04-13T09:20:28","date_gmt":"2023-04-13T09:20:28","guid":{"rendered":"https:\/\/pl-ua.eu\/?page_id=224"},"modified":"2025-02-27T13:34:37","modified_gmt":"2025-02-27T11:34:37","slug":"skontaktuj-sie","status":"publish","type":"page","link":"https:\/\/pl-ua.eu\/pl\/skontaktuj-sie\/","title":{"rendered":"Skontaktuj si\u0119"},"content":{"rendered":"\n    <section class=\"contact-menu-wrapper\">\n        <h2 id=\"contact_fe\" class=\"h2 bottom-spacer bottom-spacer--green\">\n            Skontaktuj si\u0119        <\/h2>\n        <a class=\"contact-menu-wrapper__breadcrumb\" href=\"https:\/\/pl-ua.eu\/pl\/\">\n            <svg width=\"11\" height=\"11\" viewBox=\"0 0 11 11\" fill=\"none\" xmlns=\"http:\/\/www.w3.org\/2000\/svg\">\n                <path fill-rule=\"evenodd\" clip-rule=\"evenodd\"\n                      d=\"M5.13028 0.185839C5.30385 0.0122725 5.58526 0.0122725 5.75882 0.185839L10.2033 4.63028C10.2866 4.71363 10.3334 4.82668 10.3334 4.94455V10.5001C10.3334 10.7456 10.1345 10.9446 9.889 10.9446H1.00011C0.754649 10.9446 0.555664 10.7456 0.555664 10.5001V4.94455C0.555664 4.82668 0.602489 4.71363 0.685839 4.63028L5.13028 0.185839ZM1.44455 5.12865V10.0557H9.44455V5.12865L5.44455 1.12865L1.44455 5.12865Z\"\n                      fill=\"#003399\"><\/path>\n                <path fill-rule=\"evenodd\" clip-rule=\"evenodd\"\n                      d=\"M4.77756 6.50022V10.5002C4.77756 10.7457 4.57858 10.9447 4.33312 10.9447C4.08766 10.9447 3.88867 10.7457 3.88867 10.5002V6.50022C3.88867 6.32561 3.91658 6.13948 3.9967 5.97923C4.07649 5.81966 4.25518 5.61133 4.55534 5.61133H6.33312C6.63327 5.61133 6.81196 5.81966 6.89175 5.97923C6.97188 6.13948 6.99978 6.32561 6.99978 6.50022V10.5002C6.99978 10.7457 6.8008 10.9447 6.55534 10.9447C6.30988 10.9447 6.11089 10.7457 6.11089 10.5002V6.50022H4.77756Z\"\n                      fill=\"#003399\"><\/path>\n            <\/svg>\n            <span class=\"visually-hidden\">Przejd\u017a do strony g\u0142\u00f3wnej portalu<\/span>\n        <\/a>\n        <nav>\n            <ul class=\"list-unstyled contact-menu-wrapper__list\">\n                \n                    <li id=\"information-points-5491\" class=\"contact-menu-wrapper__list__item \">\n                        <div class=\"contact-menu-wrapper__list__item__icon\">\n                                                        <svg width=\"30\" height=\"30\" viewBox=\"0 0 30 30\" fill=\"none\" xmlns=\"http:\/\/www.w3.org\/2000\/svg\">\r\n                            <path d=\"M15.2307 11.4989C16.5208 11.4989 17.5665 10.4544 17.5665 9.16598C17.5665 7.87751 16.5208 6.83301 15.2307 6.83301C13.9407 6.83301 12.8949 7.87751 12.8949 9.16598C12.8949 10.4544 13.9407 11.4989 15.2307 11.4989Z\"\r\n                                  stroke=\"#003399\" stroke-width=\"1.2\" stroke-miterlimit=\"10\" stroke-linecap=\"round\"\r\n                                  stroke-linejoin=\"round\"><\/path>\r\n                            <path d=\"M15.0151 29C22.7554 29 29.0302 22.732 29.0302 15C29.0302 7.26801 22.7554 1 15.0151 1C7.27478 1 1 7.26801 1 15C1 22.732 7.27478 29 15.0151 29Z\"\r\n                                  stroke=\"#003399\" stroke-width=\"1.2\" stroke-miterlimit=\"10\" stroke-linecap=\"round\"\r\n                                  stroke-linejoin=\"round\"><\/path>\r\n                            <path d=\"M17.7724 23.0678V15.613C17.7724 15.2453 17.5175 15.0002 17.1353 15.0002H13.313C12.9308 15.0002 12.676 15.2453 12.676 15.613V23.2729H17.7724\"\r\n                                  stroke=\"#003399\" stroke-width=\"1.2\" stroke-miterlimit=\"10\" stroke-linecap=\"round\"\r\n                                  stroke-linejoin=\"round\"><\/path>\r\n                        <\/svg>                                                    <\/div>\n\n                        <a aria-labelledby=\"contact_fe desc_1\" href=\"\">\n                            <h3 class=\"contact-menu-wrapper__list__item--link\">\n                                Wsp\u00f3lny<br>Sekretariat (WS)                            <\/h3>\n                        <\/a>\n\n                        <p id=\"desc_1\">\n                            Wspiera Instytucj\u0119 Zarz\u0105dzaj\u0105c\u0105 w codziennym zarz\u0105dzaniu Programem, podstawowy kontakt dla wnioskodawc\u00f3w i partner\u00f3w projekt\u00f3w.                        <\/p>\n                    <\/li>\n\n                \n                    <li id=\"information-points-29939\" class=\"contact-menu-wrapper__list__item \">\n                        <div class=\"contact-menu-wrapper__list__item__icon\">\n                                                        <svg width=\"30\" height=\"30\" viewBox=\"0 0 30 30\" fill=\"none\" xmlns=\"http:\/\/www.w3.org\/2000\/svg\">\r\n                            <path d=\"M15.2307 11.4989C16.5208 11.4989 17.5665 10.4544 17.5665 9.16598C17.5665 7.87751 16.5208 6.83301 15.2307 6.83301C13.9407 6.83301 12.8949 7.87751 12.8949 9.16598C12.8949 10.4544 13.9407 11.4989 15.2307 11.4989Z\"\r\n                                  stroke=\"#003399\" stroke-width=\"1.2\" stroke-miterlimit=\"10\" stroke-linecap=\"round\"\r\n                                  stroke-linejoin=\"round\"><\/path>\r\n                            <path d=\"M15.0151 29C22.7554 29 29.0302 22.732 29.0302 15C29.0302 7.26801 22.7554 1 15.0151 1C7.27478 1 1 7.26801 1 15C1 22.732 7.27478 29 15.0151 29Z\"\r\n                                  stroke=\"#003399\" stroke-width=\"1.2\" stroke-miterlimit=\"10\" stroke-linecap=\"round\"\r\n                                  stroke-linejoin=\"round\"><\/path>\r\n                            <path d=\"M17.7724 23.0678V15.613C17.7724 15.2453 17.5175 15.0002 17.1353 15.0002H13.313C12.9308 15.0002 12.676 15.2453 12.676 15.613V23.2729H17.7724\"\r\n                                  stroke=\"#003399\" stroke-width=\"1.2\" stroke-miterlimit=\"10\" stroke-linecap=\"round\"\r\n                                  stroke-linejoin=\"round\"><\/path>\r\n                        <\/svg>\r\n                                                    <\/div>\n\n                        <a aria-labelledby=\"contact_fe desc_1\" href=\"\">\n                            <h3 class=\"contact-menu-wrapper__list__item--link\">\n                                Oddzia\u0142 Wsp\u00f3lnego Sekretariatu we Lwowie (LBO)                            <\/h3>\n                        <\/a>\n\n                        <p id=\"desc_1\">\n                            Wspiera Wsp\u00f3lny Sekretariat w realizacji zada\u0144 w Ukrainie.                        <\/p>\n                    <\/li>\n\n                \n                    <li id=\"information-points-29967\" class=\"contact-menu-wrapper__list__item \">\n                        <div class=\"contact-menu-wrapper__list__item__icon\">\n                                                        <svg width=\"30\" height=\"30\" viewBox=\"0 0 30 30\" fill=\"none\" xmlns=\"http:\/\/www.w3.org\/2000\/svg\">\r\n                            <path d=\"M15.2307 11.4989C16.5208 11.4989 17.5665 10.4544 17.5665 9.16598C17.5665 7.87751 16.5208 6.83301 15.2307 6.83301C13.9407 6.83301 12.8949 7.87751 12.8949 9.16598C12.8949 10.4544 13.9407 11.4989 15.2307 11.4989Z\"\r\n                                  stroke=\"#003399\" stroke-width=\"1.2\" stroke-miterlimit=\"10\" stroke-linecap=\"round\"\r\n                                  stroke-linejoin=\"round\"><\/path>\r\n                            <path d=\"M15.0151 29C22.7554 29 29.0302 22.732 29.0302 15C29.0302 7.26801 22.7554 1 15.0151 1C7.27478 1 1 7.26801 1 15C1 22.732 7.27478 29 15.0151 29Z\"\r\n                                  stroke=\"#003399\" stroke-width=\"1.2\" stroke-miterlimit=\"10\" stroke-linecap=\"round\"\r\n                                  stroke-linejoin=\"round\"><\/path>\r\n                            <path d=\"M17.7724 23.0678V15.613C17.7724 15.2453 17.5175 15.0002 17.1353 15.0002H13.313C12.9308 15.0002 12.676 15.2453 12.676 15.613V23.2729H17.7724\"\r\n                                  stroke=\"#003399\" stroke-width=\"1.2\" stroke-miterlimit=\"10\" stroke-linecap=\"round\"\r\n                                  stroke-linejoin=\"round\"><\/path>\r\n                        <\/svg>\r\n                                                    <\/div>\n\n                        <a aria-labelledby=\"contact_fe desc_1\" href=\"\">\n                            <h3 class=\"contact-menu-wrapper__list__item--link\">\n                                Regionalne Punkty Kontaktowe (RPK)                            <\/h3>\n                        <\/a>\n\n                        <p id=\"desc_1\">\n                            Wspieraj\u0105 Wsp\u00f3lny Sekretariat w realizacji dzia\u0142a\u0144 komunikacyjnych w swoich regionach.                        <\/p>\n                    <\/li>\n\n                \n                    <li id=\"information-points-33614\" class=\"contact-menu-wrapper__list__item \">\n                        <div class=\"contact-menu-wrapper__list__item__icon\">\n                                                        <svg width=\"36\" height=\"32\" viewBox=\"0 0 36 32\" fill=\"none\" xmlns=\"http:\/\/www.w3.org\/2000\/svg\">\r\n                            <path fill-rule=\"evenodd\" clip-rule=\"evenodd\"\r\n                                  d=\"M17.5882 0.0567869C17.721 -0.018929 17.884 -0.018929 18.0168 0.0567869L34.9365 9.69995C35.1071 9.79717 35.1909 9.99705 35.1406 10.1868C35.0903 10.3766 34.9186 10.5088 34.7222 10.5088H30.5962V24.0397H32.4581C32.6972 24.0397 32.891 24.2335 32.891 24.4725V27.5865H34.7127C34.9517 27.5865 35.1455 27.7803 35.1455 28.0193V31.5672C35.1455 31.8062 34.9517 32 34.7127 32H0.892333C0.653288 32 0.459504 31.8062 0.459504 31.5672V28.0193C0.459504 27.7803 0.653288 27.5865 0.892333 27.5865H2.71406V24.4725C2.71406 24.2335 2.90784 24.0397 3.14689 24.0397H5.00879V10.5088H0.88282C0.68647 10.5088 0.514718 10.3766 0.464428 10.1868C0.414138 9.99705 0.497911 9.79717 0.6685 9.69995L17.5882 0.0567869ZM19.9982 10.5088H26.2049V24.0397H25.8922H25.0367H19.9982V10.5088ZM15.6069 10.5088H9.40009V24.0397H15.6069V10.5088ZM19.1325 24.0397H16.4725V10.5088H19.1325V24.0397ZM15.6069 24.9054H9.40009V24.9054H5.00879V24.9054H3.57972V27.5865H13.9332H14.3128H32.0253V24.9054H30.5962V24.9064H26.2049V24.9054H25.8922H25.0367H19.9982V24.9054H15.6069V24.9054ZM27.0706 24.0397H29.7306V10.5099H27.0706V24.0397ZM8.53443 24.0397H5.87445V10.5088H8.53443V24.0397ZM33.0887 9.64316L17.8025 0.931022L2.51637 9.64316H33.0887ZM32.4547 28.4522H14.3128H13.9332H3.14689C3.13499 28.4522 3.1232 28.4517 3.11154 28.4507C3.09983 28.4517 3.08799 28.4522 3.07603 28.4522H1.32516V31.1343H34.2799V28.4522H32.4581L32.4547 28.4522Z\"\r\n                                  fill=\"#003399\"><\/path>\r\n                        <\/svg>                                                    <\/div>\n\n                        <a aria-labelledby=\"contact_fe desc_1\" href=\"\">\n                            <h3 class=\"contact-menu-wrapper__list__item--link\">\n                                Kontrolerzy<br>\u3164\u3164\u3164&nbsp;                            <\/h3>\n                        <\/a>\n\n                        <p id=\"desc_1\">\n                            Zajmuj\u0105 si\u0119 weryfikacj\u0105 wydatk\u00f3w partner\u00f3w projekt\u00f3w.                        <\/p>\n                    <\/li>\n\n                            <\/ul>\n        <\/nav>\n    <\/section>\n\n\n\n\n<p><\/p>\n","protected":false},"excerpt":{"rendered":"","protected":false},"author":1,"featured_media":0,"parent":0,"menu_order":11,"comment_status":"closed","ping_status":"closed","template":"page-templates\/template-contact-page.php","meta":{"_acf_changed":false,"inline_featured_image":false,"_themeisle_gutenberg_block_has_review":false,"footnotes":"","_links_to":"","_links_to_target":""},"class_list":["post-224","page","type-page","status-publish","hentry"],"acf":[],"publishpress_future_action":{"enabled":false,"date":"2026-04-11 06:35:54","action":"change-status","newStatus":"draft","terms":[],"taxonomy":"translation_priority","extraData":[]},"publishpress_future_workflow_manual_trigger":{"enabledWorkflows":[]},"_links":{"self":[{"href":"https:\/\/pl-ua.eu\/pl\/wp-json\/wp\/v2\/pages\/224","targetHints":{"allow":["GET"]}}],"collection":[{"href":"https:\/\/pl-ua.eu\/pl\/wp-json\/wp\/v2\/pages"}],"about":[{"href":"https:\/\/pl-ua.eu\/pl\/wp-json\/wp\/v2\/types\/page"}],"author":[{"embeddable":true,"href":"https:\/\/pl-ua.eu\/pl\/wp-json\/wp\/v2\/users\/1"}],"replies":[{"embeddable":true,"href":"https:\/\/pl-ua.eu\/pl\/wp-json\/wp\/v2\/comments?post=224"}],"version-history":[{"count":34,"href":"https:\/\/pl-ua.eu\/pl\/wp-json\/wp\/v2\/pages\/224\/revisions"}],"predecessor-version":[{"id":34273,"href":"https:\/\/pl-ua.eu\/pl\/wp-json\/wp\/v2\/pages\/224\/revisions\/34273"}],"wp:attachment":[{"href":"https:\/\/pl-ua.eu\/pl\/wp-json\/wp\/v2\/media?parent=224"}],"curies":[{"name":"wp","href":"https:\/\/api.w.org\/{rel}","templated":true}]}}