{"id":24927,"date":"2024-09-02T10:20:52","date_gmt":"2024-09-02T08:20:52","guid":{"rendered":"https:\/\/pl-ua.eu\/?page_id=24927"},"modified":"2025-03-19T20:59:38","modified_gmt":"2025-03-19T18:59:38","slug":"szukaj-partnerow","status":"publish","type":"page","link":"https:\/\/pl-ua.eu\/pl\/dla-partnerow-projektow\/szukaj-partnerow\/","title":{"rendered":"Szukaj partner\u00f3w"},"content":{"rendered":"\n<p>W projektach realizowanych w ramach Programu Interreg NEXT Polska \u2013 Ukraina 2021-2027 musz\u0105 wyst\u0119powa\u0107 beneficjenci z obszaru Polski oraz Ukrainy.\u2028Platforma s\u0142u\u017cy budowaniu takich transgranicznych partnerstw.<\/p>\n\n\n\n<div style=\"height:40px\" aria-hidden=\"true\" class=\"wp-block-spacer\"><\/div>\n\n\n\n<div class=\"wp-block-columns ticss-d92cbccd is-layout-flex wp-container-core-columns-is-layout-9d6595d7 wp-block-columns-is-layout-flex\">\n<div class=\"wp-block-column ticss-b7c6b4b2 has-white-background-color has-background is-layout-flow wp-block-column-is-layout-flow\">\n<p><a href=\"https:\/\/pl-ua.eu\/szukaj-partnerow\/rejestracja-partnera\/\" data-type=\"link\" data-id=\"https:\/\/pl-ua.eu\/rejestracja-partnera\/\">Rejestracja partnera<\/a><\/p>\n<\/div>\n\n\n\n<div class=\"wp-block-column ticss-a375dca0 has-white-background-color has-background is-layout-flow wp-block-column-is-layout-flow\">\n<p><a href=\"https:\/\/pl-ua.eu\/szukaj-partnerow\/wyszukiwarka-partnerow\/\">Wyszukiwarka partner\u00f3w<\/a><\/p>\n<\/div>\n<\/div>\n","protected":false},"excerpt":{"rendered":"<p>W projektach realizowanych w ramach Programu Interreg NEXT Polska \u2013 Ukraina 2021-2027 musz\u0105 wyst\u0119powa\u0107 beneficjenci z obszaru Polski oraz Ukrainy.\u2028Platforma s\u0142u\u017cy budowaniu takich transgranicznych partnerstw. Rejestracja partnera Wyszukiwarka partner\u00f3w<\/p>\n","protected":false},"author":1,"featured_media":35235,"parent":24923,"menu_order":99,"comment_status":"closed","ping_status":"closed","template":"","meta":{"_acf_changed":false,"inline_featured_image":false,"_themeisle_gutenberg_block_has_review":false,"footnotes":"","_links_to":"","_links_to_target":""},"class_list":["post-24927","page","type-page","status-publish","has-post-thumbnail","hentry"],"acf":[],"publishpress_future_action":{"enabled":false,"date":"2026-04-16 01:33:32","action":"change-status","newStatus":"draft","terms":[],"taxonomy":"translation_priority","extraData":[]},"publishpress_future_workflow_manual_trigger":{"enabledWorkflows":[]},"_links":{"self":[{"href":"https:\/\/pl-ua.eu\/pl\/wp-json\/wp\/v2\/pages\/24927","targetHints":{"allow":["GET"]}}],"collection":[{"href":"https:\/\/pl-ua.eu\/pl\/wp-json\/wp\/v2\/pages"}],"about":[{"href":"https:\/\/pl-ua.eu\/pl\/wp-json\/wp\/v2\/types\/page"}],"author":[{"embeddable":true,"href":"https:\/\/pl-ua.eu\/pl\/wp-json\/wp\/v2\/users\/1"}],"replies":[{"embeddable":true,"href":"https:\/\/pl-ua.eu\/pl\/wp-json\/wp\/v2\/comments?post=24927"}],"version-history":[{"count":9,"href":"https:\/\/pl-ua.eu\/pl\/wp-json\/wp\/v2\/pages\/24927\/revisions"}],"predecessor-version":[{"id":34289,"href":"https:\/\/pl-ua.eu\/pl\/wp-json\/wp\/v2\/pages\/24927\/revisions\/34289"}],"up":[{"embeddable":true,"href":"https:\/\/pl-ua.eu\/pl\/wp-json\/wp\/v2\/pages\/24923"}],"wp:featuredmedia":[{"embeddable":true,"href":"https:\/\/pl-ua.eu\/pl\/wp-json\/wp\/v2\/media\/35235"}],"wp:attachment":[{"href":"https:\/\/pl-ua.eu\/pl\/wp-json\/wp\/v2\/media?parent=24927"}],"curies":[{"name":"wp","href":"https:\/\/api.w.org\/{rel}","templated":true}]}}