{"id":24943,"date":"2024-09-02T13:16:07","date_gmt":"2024-09-02T11:16:07","guid":{"rendered":"https:\/\/pl-ua.eu\/?page_id=24943"},"modified":"2024-09-16T15:17:36","modified_gmt":"2024-09-16T13:17:36","slug":"o-programie","status":"publish","type":"page","link":"https:\/\/pl-ua.eu\/pl\/o-programie\/","title":{"rendered":"O Programie"},"content":{"rendered":"<div id=\"subpages-block_8e7f00a63806933c179cd8fca42cfbe8\"\n  class=\"subpages-block \">\n  <!-- subpage -->\n\n  \n    <div class=\"services_page\">\n\n      <ul class=\"list-unstyled news-list-wrapper__list sub_pages\">\n                <li class=\"news-list-wrapper__list__item \">\n          <a href=\"https:\/\/pl-ua.eu\/pl\/o-programie\/glowne-zalozenia-programu\/\">\n          <div class=\"card w-100 h-100 poradniki-lista__card \">\n            <div class=\"card-img-top\">\n              <img decoding=\"async\" src=\"https:\/\/pl-ua.eu\/wp-content\/uploads\/2024\/09\/12-e1740989640485-633x370.png\" alt=\"G\u0142\u00f3wne za\u0142o\u017cenia Programu\" \/>\n            <\/div>\n\n            <div class=\"card-body\">\n\n\n                <h3 class=\"cardTitlePlc1\">G\u0142\u00f3wne za\u0142o\u017cenia Programu<\/h3>\n\n            <\/div>\n          <\/div>\n\n\n          <\/a>\n        <\/li>\n                <li class=\"news-list-wrapper__list__item \">\n          <a href=\"https:\/\/pl-ua.eu\/pl\/o-programie\/dokumenty\/\">\n          <div class=\"card w-100 h-100 poradniki-lista__card \">\n            <div class=\"card-img-top\">\n              <img decoding=\"async\" src=\"https:\/\/pl-ua.eu\/wp-content\/uploads\/2025\/03\/02_dokumenty-633x406.jpg\" alt=\"Dokumenty\" \/>\n            <\/div>\n\n            <div class=\"card-body\">\n\n\n                <h3 class=\"cardTitlePlc1\">Dokumenty<\/h3>\n\n            <\/div>\n          <\/div>\n\n\n          <\/a>\n        <\/li>\n                <li class=\"news-list-wrapper__list__item \">\n          <a href=\"https:\/\/pl-ua.eu\/pl\/o-programie\/instytucje-programowe\/\">\n          <div class=\"card w-100 h-100 poradniki-lista__card \">\n            <div class=\"card-img-top\">\n              <img decoding=\"async\" src=\"https:\/\/pl-ua.eu\/wp-content\/uploads\/2025\/03\/DSC04054-copy-2-1-633x406.jpg\" alt=\"Instytucje Programowe\" \/>\n            <\/div>\n\n            <div class=\"card-body\">\n\n\n                <h3 class=\"cardTitlePlc1\">Instytucje Programowe<\/h3>\n\n            <\/div>\n          <\/div>\n\n\n          <\/a>\n        <\/li>\n                <li class=\"news-list-wrapper__list__item \">\n          <a href=\"https:\/\/pl-ua.eu\/pl\/o-programie\/glowne-zalozenie-projektow\/\">\n          <div class=\"card w-100 h-100 poradniki-lista__card \">\n            <div class=\"card-img-top\">\n              <img decoding=\"async\" src=\"https:\/\/pl-ua.eu\/wp-content\/uploads\/2025\/03\/KR_00641-\u2014-kopia-633x406.jpg\" alt=\"Rodzaje projekt\u00f3w\" \/>\n            <\/div>\n\n            <div class=\"card-body\">\n\n\n                <h3 class=\"cardTitlePlc1\">Rodzaje projekt\u00f3w<\/h3>\n\n            <\/div>\n          <\/div>\n\n\n          <\/a>\n        <\/li>\n                <li class=\"news-list-wrapper__list__item \">\n          <a href=\"https:\/\/pl-ua.eu\/pl\/o-programie\/fmp\/\">\n          <div class=\"card w-100 h-100 poradniki-lista__card \">\n            <div class=\"card-img-top\">\n              <img decoding=\"async\" src=\"https:\/\/pl-ua.eu\/wp-content\/uploads\/2025\/06\/IMG_20250701_103733-633x406.jpg\" alt=\"Fundusze Ma\u0142ych Projekt\u00f3w\" \/>\n            <\/div>\n\n            <div class=\"card-body\">\n\n\n                <h3 class=\"cardTitlePlc1\">Fundusze Ma\u0142ych Projekt\u00f3w<\/h3>\n\n            <\/div>\n          <\/div>\n\n\n          <\/a>\n        <\/li>\n                <li class=\"news-list-wrapper__list__item \">\n          <a href=\"https:\/\/pl-ua.eu\/pl\/o-programie\/nabory-wnioskow\/\">\n          <div class=\"card w-100 h-100 poradniki-lista__card \">\n            <div class=\"card-img-top\">\n              <img decoding=\"async\" src=\"https:\/\/pl-ua.eu\/wp-content\/uploads\/2025\/03\/05_nabory-wnioskow-e1741945164452-633x406.jpg\" alt=\"Nabory wniosk\u00f3w\" \/>\n            <\/div>\n\n            <div class=\"card-body\">\n\n\n                <h3 class=\"cardTitlePlc1\">Nabory wniosk\u00f3w<\/h3>\n\n            <\/div>\n          <\/div>\n\n\n          <\/a>\n        <\/li>\n                <li class=\"news-list-wrapper__list__item \">\n          <a href=\"https:\/\/pl-ua.eu\/pl\/o-programie\/postep-realizacji-programu\/\">\n          <div class=\"card w-100 h-100 poradniki-lista__card \">\n            <div class=\"card-img-top\">\n              <img decoding=\"async\" src=\"https:\/\/pl-ua.eu\/wp-content\/uploads\/2025\/03\/07_a-postep-realizacji-programu-633x406.jpg\" alt=\"Post\u0119p realizacji Programu\" \/>\n            <\/div>\n\n            <div class=\"card-body\">\n\n\n                <h3 class=\"cardTitlePlc1\">Post\u0119p realizacji Programu<\/h3>\n\n            <\/div>\n          <\/div>\n\n\n          <\/a>\n        <\/li>\n                <li class=\"news-list-wrapper__list__item \">\n          <a href=\"https:\/\/pl-ua.eu\/pl\/o-programie\/interreg2028-2034\/\">\n          <div class=\"card w-100 h-100 poradniki-lista__card \">\n            <div class=\"card-img-top\">\n              <img decoding=\"async\" src=\"https:\/\/pl-ua.eu\/wp-content\/uploads\/2025\/03\/01_a-glowne-zalozenia-Programu-633x406.jpg\" alt=\"Interreg 2028-2034\" \/>\n            <\/div>\n\n            <div class=\"card-body\">\n\n\n                <h3 class=\"cardTitlePlc1\">Interreg 2028-2034<\/h3>\n\n            <\/div>\n          <\/div>\n\n\n          <\/a>\n        <\/li>\n        \n      <\/ul>\n    <\/div>\n    <div class=\"height_70\"><\/div>\n\n\n    \n  <!-- \/subpage -->\n<\/div>\n\n","protected":false},"excerpt":{"rendered":"","protected":false},"author":1,"featured_media":0,"parent":0,"menu_order":0,"comment_status":"closed","ping_status":"closed","template":"","meta":{"_acf_changed":false,"inline_featured_image":false,"_themeisle_gutenberg_block_has_review":false,"footnotes":"","_links_to":"","_links_to_target":""},"class_list":["post-24943","page","type-page","status-publish","hentry"],"acf":[],"publishpress_future_action":{"enabled":false,"date":"2026-04-11 13:08:30","action":"change-status","newStatus":"draft","terms":[],"taxonomy":"translation_priority","extraData":[]},"publishpress_future_workflow_manual_trigger":{"enabledWorkflows":[]},"_links":{"self":[{"href":"https:\/\/pl-ua.eu\/pl\/wp-json\/wp\/v2\/pages\/24943","targetHints":{"allow":["GET"]}}],"collection":[{"href":"https:\/\/pl-ua.eu\/pl\/wp-json\/wp\/v2\/pages"}],"about":[{"href":"https:\/\/pl-ua.eu\/pl\/wp-json\/wp\/v2\/types\/page"}],"author":[{"embeddable":true,"href":"https:\/\/pl-ua.eu\/pl\/wp-json\/wp\/v2\/users\/1"}],"replies":[{"embeddable":true,"href":"https:\/\/pl-ua.eu\/pl\/wp-json\/wp\/v2\/comments?post=24943"}],"version-history":[{"count":10,"href":"https:\/\/pl-ua.eu\/pl\/wp-json\/wp\/v2\/pages\/24943\/revisions"}],"predecessor-version":[{"id":33131,"href":"https:\/\/pl-ua.eu\/pl\/wp-json\/wp\/v2\/pages\/24943\/revisions\/33131"}],"wp:attachment":[{"href":"https:\/\/pl-ua.eu\/pl\/wp-json\/wp\/v2\/media?parent=24943"}],"curies":[{"name":"wp","href":"https:\/\/api.w.org\/{rel}","templated":true}]}}