{"id":24947,"date":"2024-09-02T13:21:39","date_gmt":"2024-09-02T11:21:39","guid":{"rendered":"https:\/\/pl-ua.eu\/?page_id=24947"},"modified":"2025-03-19T21:02:19","modified_gmt":"2025-03-19T19:02:19","slug":"glowne-zalozenie-projektow","status":"publish","type":"page","link":"https:\/\/pl-ua.eu\/pl\/o-programie\/glowne-zalozenie-projektow\/","title":{"rendered":"Rodzaje projekt\u00f3w"},"content":{"rendered":"\n<div class=\"\">\n  <!-- text-hint -->\n\n\n  <div class=\"row \">\n    <div class=\"col-12 col-md-8 col-lg-7\">\n      <p>Wszystkie projekty finansowane w ramach Programu powinny mie\u0107 charakter non-profit i przyczynia\u0107 si\u0119 do poprawy jako\u015bci \u017cycia mieszka\u0144c\u00f3w wschodniej Polski i zachodniej Ukrainy.<\/p>\n<p>Ka\u017cdy wsp\u00f3\u0142finansowany projekt powinien ponadto wykazywa\u0107 silny\u00a0<strong>charakter<\/strong>\u00a0<strong>transgraniczny<\/strong>, nie tylko za spraw\u0105 partnerstwa nawi\u0105zanego mi\u0119dzy instytucjami, ale przede wszystkim dzi\u0119ki rezultatom dzia\u0142a\u0144 i ich pozytywnemu wp\u0142ywowi na obszar przygraniczny i jego mieszka\u0144c\u00f3w po obu stronach granicy.<\/p>\n<p>Maksymalny wk\u0142ad UE na projekt wynosi\u00a0<strong>90%<\/strong>\u00a0jego ca\u0142kowitych koszt\u00f3w kwalifikowalnych.<\/p>\n<h3><strong>W Programie realizowane s\u0105 trzy rodzaje projekt\u00f3w:<\/strong><\/h3>\n<ul>\n<li><strong>DU\u017bE PROJEKTY INFRASTRUKTURALNE<\/strong>\n<ul>\n<li>Projekty strategiczne, wybierane pozakonkursowo<\/li>\n<li>Czas trwania: maksymalnie 30 miesi\u0119cy<\/li>\n<li>W ramach Priorytet\u00f3w: ZDROWIE, \u015aRODOWISKO, TURYSTYKA, GRANICE, DOST\u0118PNO\u015a\u0106<\/li>\n<\/ul>\n<\/li>\n<\/ul>\n<ul>\n<li><strong>PROJEKTY REGULARNE<\/strong>\n<ul>\n<li>Wybierane w naborach<\/li>\n<li>Warto\u015b\u0107 dotacji: 200 000 \u2013 2 500 000 EUR<\/li>\n<li>Czas trwania: maksymalnie 24 miesi\u0105ce<\/li>\n<li>W ramach Priorytet\u00f3w: ZDROWIE, \u015aRODOWISKO<\/li>\n<\/ul>\n<\/li>\n<\/ul>\n<ul>\n<li><strong>MA\u0141E PROJEKTY<\/strong>\n<ul>\n<li>Wybierane i realizowane w ramach dw\u00f3ch funduszy ma\u0142ych projekt\u00f3w<\/li>\n<li>Warto\u015b\u0107 dotacji dla funduszu: 5,11 mln EUR<\/li>\n<li>Warto\u015b\u0107 dotacji dla ma\u0142ego projektu: 20 000 \u2013 90 000<\/li>\n<li>Czas trwania: maksymalnie 12 miesi\u0119cy<\/li>\n<li>W ramach Priorytetu: \u015aRODOWISKO (cel szczeg\u00f3\u0142owy 1.4), WSP\u00d3\u0141PRACA (cel szczeg\u00f3\u0142owy 4.1).<\/li>\n<\/ul>\n<\/li>\n<\/ul>\n<p>&nbsp;<\/p>\n<h2><strong>G\u0142\u00f3wne wymagania dotycz\u0105ce projekt\u00f3w<\/strong><\/h2>\n<p>Projekty finansowane w ramach Programu powinny spe\u0142nia\u0107 wszystkie nast\u0119puj\u0105ce warunki:<\/p>\n<ul>\n<li>wk\u0142ad w realizacj\u0119 priorytet\u00f3w i cel\u00f3w szczeg\u00f3\u0142owych Programu;<\/li>\n<li>wk\u0142ad we wzmocnienie wsp\u00f3\u0142pracy transgranicznej;<\/li>\n<li>zgodno\u015b\u0107 ze wszystkimi zasadami horyzontalnymi UE i wk\u0142ad w ich realizacj\u0119;<\/li>\n<li>realizacja projektu w partnerstwie polsko-ukrai\u0144skim;<\/li>\n<li>realizacja dzia\u0142a\u0144 na obszarze obj\u0119tym Programem.<\/li>\n<\/ul>\n    <\/div>\n\n\n    <div class=\"d-md-block col-md-4 col-lg-3 offset-lg-2\">\n            <div\n        class=\"stickys-info-box stickys-top feux-bg--c-white-bg px-25px py-25px border-12px feux-bg--c-red-bg2-10 mb-30px\">\n        <div class=\"sticky-info-box__icon mb-20px\">\n                              <svg width=\"36\" height=\"40\" viewBox=\"0 0 36 40\" fill=\"none\" xmlns=\"http:\/\/www.w3.org\/2000\/svg\" role=\"img\" aria-labelledby=\"footer-svg-anchor-2\">\r\n<g clip-path=\"url(#clip0_263_8285)\">\r\n<path d=\"M18.0107 39.0056C17.9058 39.0058 17.8042 38.9699 17.7241 38.9041C17.644 38.8384 17.5906 38.7471 17.5734 38.6467C17.5562 38.5462 17.5764 38.4431 17.6303 38.3557C17.6842 38.2683 17.7683 38.2024 17.8677 38.1697L23.2445 36.402C23.3556 36.3651 23.4772 36.3726 23.5825 36.4228C23.6879 36.473 23.7684 36.5618 23.8063 36.6697C23.8443 36.7775 23.8366 36.8955 23.7849 36.9978C23.7332 37.1001 23.6417 37.1783 23.5306 37.2151L18.1538 38.9829C18.1076 38.9978 18.0593 39.0054 18.0107 39.0056Z\" fill=\"#003399\"><\/path>\r\n<path d=\"M12.6435 38.025C12.5386 38.0252 12.437 37.9893 12.3569 37.9235C12.2768 37.8578 12.2234 37.7665 12.2062 37.666C12.189 37.5656 12.2091 37.4624 12.263 37.3751C12.3169 37.2877 12.4011 37.2218 12.5004 37.1891L23.2541 33.6334C23.3652 33.5966 23.4868 33.6041 23.5922 33.6543C23.6975 33.7045 23.778 33.7933 23.816 33.9011C23.8539 34.0089 23.8462 34.127 23.7945 34.2293C23.7428 34.3316 23.6513 34.4097 23.5402 34.4466L12.7866 38.0022C12.7404 38.0171 12.6921 38.0248 12.6435 38.025Z\" fill=\"#003399\"><\/path>\r\n<path d=\"M12.6435 35.2681C12.5386 35.2684 12.437 35.2324 12.3569 35.1667C12.2768 35.1009 12.2234 35.0097 12.2062 34.9092C12.189 34.8087 12.2091 34.7056 12.263 34.6182C12.3169 34.5309 12.4011 34.4649 12.5004 34.4322L23.2541 30.8766C23.3652 30.8397 23.4868 30.8473 23.5922 30.8975C23.6975 30.9477 23.778 31.0364 23.816 31.1443C23.8539 31.2521 23.8462 31.3701 23.7945 31.4724C23.7428 31.5747 23.6513 31.6529 23.5402 31.6897L12.7866 35.2454C12.7404 35.2603 12.6921 35.268 12.6435 35.2681Z\" fill=\"#003399\"><\/path>\r\n<path d=\"M12.6432 32.5128C12.539 32.5113 12.4386 32.4743 12.3597 32.4083C12.2807 32.3423 12.2281 32.2515 12.2111 32.1516C12.194 32.0518 12.2137 31.9494 12.2665 31.8621C12.3193 31.7749 12.402 31.7085 12.5001 31.6744L23.2539 28.1188C23.3649 28.0819 23.4865 28.0894 23.5919 28.1396C23.6973 28.1898 23.7778 28.2786 23.8157 28.3865C23.8537 28.4943 23.846 28.6123 23.7942 28.7146C23.7425 28.8169 23.651 28.8951 23.54 28.9319L12.7863 32.4876C12.7406 32.5045 12.6921 32.5131 12.6432 32.5128Z\" fill=\"#003399\"><\/path>\r\n<path d=\"M18.0102 39.0053C17.9615 39.0052 17.9133 38.9975 17.8671 38.9826L13.7051 37.6038C13.6175 37.5751 13.5415 37.5204 13.4878 37.4474C13.4341 37.3744 13.4054 37.2869 13.4059 37.1972V28.5C13.4023 27.9014 13.2601 27.3113 12.99 26.7732C12.7198 26.2351 12.3286 25.7628 11.8451 25.3913C10.5563 24.3868 9.54904 23.0831 8.91634 21.6008C8.28365 20.1185 8.04594 18.5053 8.22519 16.9102C8.40443 15.3151 8.99482 13.7896 9.94187 12.4746C10.8889 11.1596 12.1621 10.0975 13.6437 9.38637C15.1253 8.67526 16.7676 8.3381 18.419 8.40602C20.0703 8.47395 21.6773 8.94477 23.0917 9.775C24.506 10.6052 25.6821 11.7681 26.5111 13.1562C27.3402 14.5442 27.7956 16.1128 27.8352 17.7168C27.8808 19.182 27.5757 20.6374 26.9437 21.9686C26.3118 23.2998 25.3703 24.4706 24.1934 25.3888C23.71 25.7615 23.3189 26.2347 23.0487 26.7735C22.7786 27.3124 22.6364 27.9032 22.6326 28.5025V37.1972C22.6331 37.2869 22.6045 37.3744 22.5508 37.4474C22.4971 37.5204 22.4211 37.5751 22.3335 37.6038L18.1715 38.9826C18.1196 38.9997 18.0649 39.0074 18.0102 39.0053ZM14.2826 36.8891L18.0102 38.1215L21.7378 36.8891V28.5025C21.7398 27.774 21.9106 27.0553 22.2375 26.3996C22.5644 25.7439 23.0391 25.168 23.6263 24.7145C25.0655 23.587 26.1091 22.0539 26.6134 20.3266C27.1176 18.5992 27.0576 16.7626 26.4418 15.0697C25.8259 13.3768 24.6844 11.9109 23.1746 10.8741C21.6647 9.83732 19.8609 9.28056 18.0115 9.28056C16.1621 9.28056 14.3583 9.83732 12.8484 10.8741C11.3386 11.9109 10.1971 13.3768 9.58121 15.0697C8.96533 16.7626 8.90538 18.5992 9.40961 20.3266C9.91384 22.0539 10.9575 23.587 12.3966 24.7145C12.9837 25.168 13.4581 25.7439 13.7846 26.3997C14.1111 27.0554 14.2813 27.7742 14.2826 28.5025V36.8891Z\" fill=\"#003399\"><\/path>\r\n<path d=\"M23.1655 19.7732C23.0712 19.7729 22.9794 19.7434 22.9036 19.6889C22.8277 19.6343 22.7719 19.5577 22.7442 19.4701L22.1094 17.5004L20.3718 19.6116C20.3284 19.663 20.2736 19.704 20.2113 19.7316C20.1491 19.7592 20.0812 19.7726 20.0128 19.7707C19.9447 19.7694 19.8778 19.7525 19.8176 19.7213C19.7575 19.6902 19.7058 19.6456 19.6668 19.5914L18.0098 17.3413L16.3554 19.5914C16.3158 19.6457 16.2636 19.6902 16.2031 19.7214C16.1425 19.7525 16.0753 19.7694 16.0068 19.7707C15.9384 19.7726 15.8705 19.7592 15.8083 19.7316C15.746 19.704 15.6912 19.663 15.6478 19.6116L13.9102 17.5004L13.2781 19.4701C13.261 19.524 13.2332 19.5741 13.1961 19.6176C13.1591 19.661 13.1136 19.697 13.0623 19.7233C13.011 19.7497 12.9548 19.766 12.8969 19.7713C12.8391 19.7766 12.7808 19.7708 12.7253 19.7542C12.6698 19.7377 12.6182 19.7106 12.5734 19.6747C12.5287 19.6387 12.4917 19.5946 12.4645 19.5448C12.4373 19.4949 12.4205 19.4404 12.415 19.3843C12.4096 19.3281 12.4156 19.2715 12.4326 19.2176L13.3119 16.4751C13.3361 16.4007 13.3805 16.334 13.4405 16.282C13.5005 16.23 13.5737 16.1946 13.6526 16.1796C13.7318 16.1657 13.8134 16.1727 13.8889 16.1998C13.9644 16.2269 14.0311 16.2731 14.0819 16.3337L15.9756 18.6317L17.6508 16.3589C17.6913 16.3029 17.745 16.2572 17.8075 16.2255C17.87 16.1939 17.9393 16.1773 18.0098 16.1771C18.0806 16.1773 18.1504 16.1939 18.2132 16.2255C18.2761 16.2571 18.3304 16.3029 18.3714 16.3589L20.0466 18.6317L21.9403 16.3337C21.9898 16.2694 22.0568 16.2198 22.1338 16.1906C22.2108 16.1614 22.2947 16.1537 22.3759 16.1684C22.4572 16.1831 22.5326 16.2197 22.5935 16.2739C22.6545 16.3281 22.6985 16.3978 22.7207 16.4751L23.6025 19.2176C23.6198 19.2715 23.626 19.3282 23.6207 19.3844C23.6155 19.4406 23.5988 19.4953 23.5718 19.5452C23.5447 19.5952 23.5078 19.6395 23.4631 19.6756C23.4183 19.7116 23.3668 19.7388 23.3112 19.7555C23.2639 19.7688 23.2147 19.7747 23.1655 19.7732Z\" fill=\"#003399\"><\/path>\r\n<path d=\"M18.0095 4.8199C17.8919 4.81923 17.7795 4.77344 17.6966 4.69253C17.6138 4.61162 17.5673 4.50216 17.5673 4.38807V0.721299C17.5673 0.60744 17.6139 0.498243 17.6968 0.417732C17.7797 0.337222 17.8922 0.291992 18.0095 0.291992C18.1267 0.291992 18.2392 0.337222 18.3222 0.417732C18.4051 0.498243 18.4517 0.60744 18.4517 0.721299V4.38807C18.4517 4.50216 18.4052 4.61162 18.3224 4.69253C18.2395 4.77344 18.127 4.81923 18.0095 4.8199Z\" fill=\"#003399\"><\/path>\r\n<path d=\"M26.2321 7.41344C26.1386 7.41258 26.0476 7.38345 25.972 7.33011C25.9249 7.29685 25.885 7.25489 25.8547 7.20665C25.8244 7.15841 25.8042 7.10484 25.7953 7.049C25.7863 6.99316 25.7889 6.93615 25.8027 6.88125C25.8165 6.82636 25.8413 6.77464 25.8758 6.72908L28.0946 3.76182C28.1287 3.71606 28.1719 3.67727 28.2215 3.64768C28.2711 3.61809 28.3262 3.59828 28.3837 3.58937C28.4412 3.58046 28.4999 3.58263 28.5565 3.59575C28.6132 3.60888 28.6666 3.6327 28.7137 3.66586C28.7609 3.69903 28.8008 3.74088 28.8313 3.78903C28.8618 3.83718 28.8822 3.89069 28.8914 3.9465C28.9005 4.00231 28.8983 4.05933 28.8848 4.1143C28.8713 4.16928 28.8467 4.22112 28.8125 4.26689L26.5911 7.23415C26.5502 7.28955 26.4963 7.33471 26.4339 7.36588C26.3714 7.39706 26.3023 7.41337 26.2321 7.41344Z\" fill=\"#003399\"><\/path>\r\n<path d=\"M31.3152 14.2043C31.2094 14.2052 31.1067 14.1692 31.0258 14.1029C30.945 14.0365 30.8914 13.9442 30.8747 13.8427C30.858 13.7412 30.8793 13.6373 30.9349 13.5498C30.9904 13.4623 31.0765 13.3971 31.1774 13.3659L34.7723 12.232C34.8293 12.2083 34.8907 12.1965 34.9527 12.1973C35.0147 12.1981 35.0758 12.2116 35.1321 12.2368C35.1884 12.262 35.2386 12.2985 35.2794 12.3438C35.3202 12.389 35.3508 12.4421 35.3691 12.4996C35.3875 12.5571 35.3931 12.6177 35.3858 12.6774C35.3784 12.7372 35.3583 12.7948 35.3265 12.8464C35.2948 12.8981 35.2522 12.9428 35.2015 12.9774C35.1509 13.0121 35.0933 13.0361 35.0325 13.0477L31.4401 14.1816C31.3998 14.195 31.3578 14.2027 31.3152 14.2043Z\" fill=\"#003399\"><\/path>\r\n<path d=\"M34.9079 23.7299C34.8619 23.7306 34.8162 23.7238 34.7726 23.7097L31.1776 22.5759C31.0658 22.5404 30.9732 22.4632 30.92 22.3614C30.8668 22.2596 30.8575 22.1414 30.894 22.0329C30.9306 21.9244 31.0101 21.8345 31.115 21.7828C31.2199 21.7312 31.3416 21.7222 31.4534 21.7577L35.0457 22.8915C35.1466 22.9227 35.2326 22.9879 35.2881 23.0754C35.3437 23.1629 35.3651 23.2668 35.3484 23.3683C35.3317 23.4698 35.278 23.5621 35.1972 23.6285C35.1164 23.6948 35.0137 23.7308 34.9079 23.7299Z\" fill=\"#003399\"><\/path>\r\n<path d=\"M9.78165 7.4134C9.71157 7.41272 9.64259 7.39615 9.58027 7.36502C9.51795 7.3339 9.46403 7.28906 9.42271 7.2341L7.20381 4.26685C7.13482 4.17475 7.10632 4.05983 7.12461 3.94735C7.14291 3.83487 7.20649 3.73406 7.30136 3.66708C7.39622 3.60011 7.51459 3.57246 7.63045 3.59022C7.74631 3.60798 7.85017 3.66969 7.91916 3.76178L10.1406 6.72904C10.2092 6.82159 10.2374 6.93673 10.2188 7.04933C10.2003 7.16193 10.1367 7.26285 10.0418 7.33007C9.96643 7.38403 9.87529 7.41323 9.78165 7.4134Z\" fill=\"#003399\"><\/path>\r\n<path d=\"M4.70499 14.2041C4.65891 14.2039 4.61318 14.1962 4.56972 14.1814L0.974734 13.0475C0.918631 13.0307 0.866587 13.0031 0.821553 12.9666C0.776518 12.93 0.739406 12.8851 0.712446 12.8344C0.685487 12.7838 0.669188 12.7284 0.664498 12.6716C0.659808 12.6148 0.666828 12.5576 0.685138 12.5035C0.703448 12.4493 0.732667 12.3992 0.771128 12.3561C0.809588 12.3131 0.856503 12.2778 0.90913 12.2526C0.961757 12.2273 1.01907 12.2124 1.07768 12.2088C1.13629 12.2053 1.19502 12.2131 1.25048 12.2318L4.84287 13.3657C4.94375 13.3968 5.0298 13.4621 5.08534 13.5496C5.14088 13.637 5.16223 13.741 5.14555 13.8425C5.12886 13.944 5.07524 14.0363 4.9944 14.1026C4.91356 14.169 4.81085 14.205 4.70499 14.2041Z\" fill=\"#003399\"><\/path>\r\n<path d=\"M1.11209 23.7296C1.00623 23.7305 0.903593 23.6945 0.822752 23.6281C0.741911 23.5617 0.688229 23.4694 0.67154 23.3679C0.654851 23.2665 0.676267 23.1625 0.731809 23.075C0.787351 22.9875 0.873332 22.9223 0.974218 22.8911L4.56921 21.7573C4.68097 21.7221 4.80255 21.7315 4.90719 21.7834C5.01183 21.8352 5.09097 21.9253 5.12719 22.0338C5.1634 22.1423 5.15374 22.2603 5.10032 22.3619C5.0469 22.4635 4.95412 22.5403 4.84235 22.5755L1.24997 23.7094C1.20543 23.7233 1.15887 23.7301 1.11209 23.7296Z\" fill=\"#003399\"><\/path>\r\n<\/g>\r\n<defs>\r\n<clipPath id=\"clip0_263_8285\">\r\n<rect width=\"34.6829\" height=\"38.7158\" fill=\"white\" transform=\"translate(0.668945 0.291992)\"><\/rect>\r\n<\/clipPath>\r\n<\/defs>\r\n<\/svg>                  <\/div>\n        <p class=\"sticky-info-box__text text-regular-2 text-16px text-lh-28 mb-0\">\n                <p>Dzi\u0119ki wsparciu UE, polsko-ukrai\u0144skie partnerstwa mog\u0105 realizowa\u0107 projekty, kt\u00f3re zmieniaj\u0105 \u017cycie mieszka\u0144c\u00f3w regionu przygranicznego. Infrastruktura, zdrowie, \u015brodowisko, turystyka \u2013 ka\u017cda inicjatywa musi \u0142\u0105czy\u0107, inspirowa\u0107 i przynosi\u0107 realne korzy\u015bci po obu stronach granicy.<\/p>\n        <\/p>\n      <\/div>\n      \n      \n\n      \n\n\n    <\/div>\n\n\n\n  <\/div>\n\n  <!-- \/text-hint -->\n<\/div>\n\n\n\n<div id=\"subpages-block_5ed8b625450002a3bc00bb427fc7b157\"\n  class=\"subpages-block \">\n  <!-- subpage -->\n\n  \n\n    <div class=\"py-4 py-lg-5  overflow-hidden\">\n      <div class=\"  d-flex justify-content-between align-items-start\">\n        <header class=\"title__border-bottom--orange2  mb-70px\">\n          <h2 class=\"title-h3 \" tabindex=\"0\" aria-label=\"Zobacz inne\">Zobacz inne<\/h2>\n        <\/header>\n        <div class=\"swiper-navigation\">\n          <div class=\"swiper-button-prev swiper-poznaj-programy-prev\"> <\/div>\n          <div class=\"swiper-button-next swiper-poznaj-programy-next\"> <\/div>\n        <\/div>\n      <\/div>\n\n\n      <div class=\" \">\n        <div class=\"swiper swiper-transparent-edge-slides poradniki-lista-swiper poradniki-swiper__poznaj-programy\">\n          <div class=\"swiper-wrapper align-items-stretch\">\n\n                        <div class=\"swiper-slide news-list-wrapper__list__item\">\n\n              <a href=\"https:\/\/pl-ua.eu\/pl\/o-programie\/glowne-zalozenia-programu\/\" class=\"w-100\">\n                <div class=\"card w-100 h-100 poradniki-lista__card \">\n                  <div class=\"card-img-top\">\n                    <img decoding=\"async\" src=\"https:\/\/pl-ua.eu\/wp-content\/uploads\/2024\/09\/12-e1740989640485-633x370.png\" alt=\"G\u0142\u00f3wne za\u0142o\u017cenia Programu\" \/>\n                  <\/div>\n\n                  <div class=\"card-body\">\n                    <h3 class=\"cardTitlePlc1\">G\u0142\u00f3wne za\u0142o\u017cenia Programu<\/h3>\n                  <\/div>\n                <\/div>\n              <\/a>\n            <\/div>\n                        <div class=\"swiper-slide news-list-wrapper__list__item\">\n\n              <a href=\"https:\/\/pl-ua.eu\/pl\/o-programie\/dokumenty\/\" class=\"w-100\">\n                <div class=\"card w-100 h-100 poradniki-lista__card \">\n                  <div class=\"card-img-top\">\n                    <img decoding=\"async\" src=\"https:\/\/pl-ua.eu\/wp-content\/uploads\/2025\/03\/02_dokumenty-633x406.jpg\" alt=\"Dokumenty\" \/>\n                  <\/div>\n\n                  <div class=\"card-body\">\n                    <h3 class=\"cardTitlePlc1\">Dokumenty<\/h3>\n                  <\/div>\n                <\/div>\n              <\/a>\n            <\/div>\n                        <div class=\"swiper-slide news-list-wrapper__list__item\">\n\n              <a href=\"https:\/\/pl-ua.eu\/pl\/o-programie\/instytucje-programowe\/\" class=\"w-100\">\n                <div class=\"card w-100 h-100 poradniki-lista__card \">\n                  <div class=\"card-img-top\">\n                    <img decoding=\"async\" src=\"https:\/\/pl-ua.eu\/wp-content\/uploads\/2025\/03\/DSC04054-copy-2-1-633x406.jpg\" alt=\"Instytucje Programowe\" \/>\n                  <\/div>\n\n                  <div class=\"card-body\">\n                    <h3 class=\"cardTitlePlc1\">Instytucje Programowe<\/h3>\n                  <\/div>\n                <\/div>\n              <\/a>\n            <\/div>\n                        <div class=\"swiper-slide news-list-wrapper__list__item\">\n\n              <a href=\"https:\/\/pl-ua.eu\/pl\/o-programie\/fmp\/\" class=\"w-100\">\n                <div class=\"card w-100 h-100 poradniki-lista__card \">\n                  <div class=\"card-img-top\">\n                    <img decoding=\"async\" src=\"https:\/\/pl-ua.eu\/wp-content\/uploads\/2025\/06\/IMG_20250701_103733-633x406.jpg\" alt=\"Fundusze Ma\u0142ych Projekt\u00f3w\" \/>\n                  <\/div>\n\n                  <div class=\"card-body\">\n                    <h3 class=\"cardTitlePlc1\">Fundusze Ma\u0142ych Projekt\u00f3w<\/h3>\n                  <\/div>\n                <\/div>\n              <\/a>\n            <\/div>\n                        <div class=\"swiper-slide news-list-wrapper__list__item\">\n\n              <a href=\"https:\/\/pl-ua.eu\/pl\/o-programie\/nabory-wnioskow\/\" class=\"w-100\">\n                <div class=\"card w-100 h-100 poradniki-lista__card \">\n                  <div class=\"card-img-top\">\n                    <img decoding=\"async\" src=\"https:\/\/pl-ua.eu\/wp-content\/uploads\/2025\/03\/05_nabory-wnioskow-e1741945164452-633x406.jpg\" alt=\"Nabory wniosk\u00f3w\" \/>\n                  <\/div>\n\n                  <div class=\"card-body\">\n                    <h3 class=\"cardTitlePlc1\">Nabory wniosk\u00f3w<\/h3>\n                  <\/div>\n                <\/div>\n              <\/a>\n            <\/div>\n                        <div class=\"swiper-slide news-list-wrapper__list__item\">\n\n              <a href=\"https:\/\/pl-ua.eu\/pl\/o-programie\/postep-realizacji-programu\/\" class=\"w-100\">\n                <div class=\"card w-100 h-100 poradniki-lista__card \">\n                  <div class=\"card-img-top\">\n                    <img decoding=\"async\" src=\"https:\/\/pl-ua.eu\/wp-content\/uploads\/2025\/03\/07_a-postep-realizacji-programu-633x406.jpg\" alt=\"Post\u0119p realizacji Programu\" \/>\n                  <\/div>\n\n                  <div class=\"card-body\">\n                    <h3 class=\"cardTitlePlc1\">Post\u0119p realizacji Programu<\/h3>\n                  <\/div>\n                <\/div>\n              <\/a>\n            <\/div>\n                        <div class=\"swiper-slide news-list-wrapper__list__item\">\n\n              <a href=\"https:\/\/pl-ua.eu\/pl\/o-programie\/interreg2028-2034\/\" class=\"w-100\">\n                <div class=\"card w-100 h-100 poradniki-lista__card \">\n                  <div class=\"card-img-top\">\n                    <img decoding=\"async\" src=\"https:\/\/pl-ua.eu\/wp-content\/uploads\/2025\/03\/01_a-glowne-zalozenia-Programu-633x406.jpg\" alt=\"Interreg 2028-2034\" \/>\n                  <\/div>\n\n                  <div class=\"card-body\">\n                    <h3 class=\"cardTitlePlc1\">Interreg 2028-2034<\/h3>\n                  <\/div>\n                <\/div>\n              <\/a>\n            <\/div>\n            \n          <\/div>\n\n        <\/div>\n      <\/div>\n    <\/div>\n\n\n\n    <div class=\"height_70\"><\/div>\n\n\n    \n  <!-- \/subpage -->\n<\/div>\n\n","protected":false},"excerpt":{"rendered":"","protected":false},"author":1,"featured_media":35232,"parent":24943,"menu_order":5,"comment_status":"closed","ping_status":"closed","template":"","meta":{"_acf_changed":false,"inline_featured_image":false,"_themeisle_gutenberg_block_has_review":false,"footnotes":"","_links_to":"","_links_to_target":""},"class_list":["post-24947","page","type-page","status-publish","has-post-thumbnail","hentry"],"acf":[],"publishpress_future_action":{"enabled":false,"date":"2026-04-11 03:14:14","action":"change-status","newStatus":"draft","terms":[],"taxonomy":"translation_priority","extraData":[]},"publishpress_future_workflow_manual_trigger":{"enabledWorkflows":[]},"_links":{"self":[{"href":"https:\/\/pl-ua.eu\/pl\/wp-json\/wp\/v2\/pages\/24947","targetHints":{"allow":["GET"]}}],"collection":[{"href":"https:\/\/pl-ua.eu\/pl\/wp-json\/wp\/v2\/pages"}],"about":[{"href":"https:\/\/pl-ua.eu\/pl\/wp-json\/wp\/v2\/types\/page"}],"author":[{"embeddable":true,"href":"https:\/\/pl-ua.eu\/pl\/wp-json\/wp\/v2\/users\/1"}],"replies":[{"embeddable":true,"href":"https:\/\/pl-ua.eu\/pl\/wp-json\/wp\/v2\/comments?post=24947"}],"version-history":[{"count":15,"href":"https:\/\/pl-ua.eu\/pl\/wp-json\/wp\/v2\/pages\/24947\/revisions"}],"predecessor-version":[{"id":34693,"href":"https:\/\/pl-ua.eu\/pl\/wp-json\/wp\/v2\/pages\/24947\/revisions\/34693"}],"up":[{"embeddable":true,"href":"https:\/\/pl-ua.eu\/pl\/wp-json\/wp\/v2\/pages\/24943"}],"wp:featuredmedia":[{"embeddable":true,"href":"https:\/\/pl-ua.eu\/pl\/wp-json\/wp\/v2\/media\/35232"}],"wp:attachment":[{"href":"https:\/\/pl-ua.eu\/pl\/wp-json\/wp\/v2\/media?parent=24947"}],"curies":[{"name":"wp","href":"https:\/\/api.w.org\/{rel}","templated":true}]}}