{"id":29610,"date":"2024-09-26T15:36:54","date_gmt":"2024-09-26T13:36:54","guid":{"rendered":"https:\/\/pl-ua.eu\/?page_id=29610"},"modified":"2026-04-10T11:26:44","modified_gmt":"2026-04-10T09:26:44","slug":"nabory-wnioskow","status":"publish","type":"page","link":"https:\/\/pl-ua.eu\/pl\/o-programie\/nabory-wnioskow\/","title":{"rendered":"Nabory wniosk\u00f3w"},"content":{"rendered":"\n<div class=\"\">\n  <!-- text-hint -->\n\n\n  <div class=\"row \">\n    <div class=\"col-12 col-md-8 col-lg-7\">\n      <h2><strong>Nabory wniosk\u00f3w<\/strong><\/h2>\n<p>Wnioski o dofinansowanie w ramach Programu s\u0105 sk\u0142adane w naborach. Harmonogram nabor\u00f3w jest dost\u0119pny pod linkiem <a href=\"https:\/\/pl-ua.eu\/wp-content\/uploads\/2026\/04\/PL-UA-21-27_harmonogram_naborow_wnioskow_PL_8.04.26.xlsx\">TUTAJ<\/a>.<\/p>\n<div class=\"flex flex-col text-sm pb-25\">\n<section class=\"text-token-text-primary w-full focus:outline-none [--shadow-height:45px] has-data-writing-block:pointer-events-none has-data-writing-block:-mt-(--shadow-height) has-data-writing-block:pt-(--shadow-height) [&amp;:has([data-writing-block])&gt;*]:pointer-events-auto scroll-mt-[calc(var(--header-height)+min(200px,max(70px,20svh)))]\" dir=\"auto\" data-turn-id=\"request-WEB:69715b0b-e2fc-49f4-9143-71f7d20ae06f-1\" data-testid=\"conversation-turn-4\" data-scroll-anchor=\"true\" data-turn=\"assistant\">\n<div class=\"text-base my-auto mx-auto pb-10 [--thread-content-margin:var(--thread-content-margin-xs,calc(var(--spacing)*4))] @w-sm\/main:[--thread-content-margin:var(--thread-content-margin-sm,calc(var(--spacing)*6))] @w-lg\/main:[--thread-content-margin:var(--thread-content-margin-lg,calc(var(--spacing)*16))] px-(--thread-content-margin)\">\n<div class=\"[--thread-content-max-width:40rem] @w-lg\/main:[--thread-content-max-width:48rem] mx-auto max-w-(--thread-content-max-width) flex-1 group\/turn-messages focus-visible:outline-hidden relative flex w-full min-w-0 flex-col agent-turn\">\n<div class=\"z-0 flex min-h-[46px] justify-start\">\n<p>Po og\u0142oszeniu naboru wniosk\u00f3w publikujemy og\u0142oszenie zawieraj\u0105ce szczeg\u00f3\u0142owe informacje (w tym pakiet aplikacyjny) na stronie internetowej Programu oraz na fanpage\u2019u na Facebooku.<\/p>\n<\/div>\n<\/div>\n<\/div>\n<\/section>\n<\/div>\n<p><strong>Trwaj\u0105ce nabory\u00a0<\/strong><\/p>\n<ul>\n<li>Obecnie nie s\u0105 prowadzone \u017cadne nabory<\/li>\n<\/ul>\n<p><strong>Nabory w ramach Funduszy Ma\u0142ych Projekt\u00f3w<\/strong><\/p>\n<div class=\"wp-block-group\">\n<figure class=\"wp-block-table\">\n<table class=\"has-fixed-layout\" style=\"height: 150px;\" width=\"495\">\n<tbody>\n<tr>\n<td>\n<h6>FMP WSP\u00d3\u0141PRACA<\/h6>\n<\/td>\n<td>\n<h6>I nab\u00f3r<\/h6>\n<\/td>\n<td>\n<h6>II nab\u00f3r<\/h6>\n<\/td>\n<\/tr>\n<tr>\n<td><img loading=\"lazy\" decoding=\"async\" class=\"wp-image-40028\" src=\"https:\/\/pl-ua.eu\/wp-content\/uploads\/2025\/07\/1_98.png\" alt=\"\" width=\"134\" height=\"33\" \/><\/td>\n<td>29.07 \u2013 24.10.2025<\/td>\n<td>Planowany w II kwartale 2026 r.<\/td>\n<\/tr>\n<tr>\n<td><img loading=\"lazy\" decoding=\"async\" class=\"wp-image-40027\" src=\"https:\/\/pl-ua.eu\/wp-content\/uploads\/2025\/07\/1_98-kopia.png\" alt=\"\" width=\"147\" height=\"36\" \/><\/td>\n<td>2 mln EUR<\/td>\n<td>\u00a02 mln EUR<\/td>\n<\/tr>\n<\/tbody>\n<\/table>\n<\/figure>\n<\/div>\n<div class=\"wp-block-group\"><\/div>\n<p><!-- \/wp:paragraph --><\/p>\n    <\/div>\n\n\n    <div class=\"d-md-block col-md-4 col-lg-3 offset-lg-2\">\n      \n      \n\n      \n\n\n    <\/div>\n\n\n\n  <\/div>\n\n  <!-- \/text-hint -->\n<\/div>\n\n\n\n\n<div class=\"\">\n  <!-- Documents -->\n\n      <ul class=\"row list-unstyled\">\n          <\/ul>\n\n  \n\n  <!-- \/Documents -->\n<\/div>\n\n\n\n<div class=\"\">\n  <!-- Documents -->\n\n      <ul class=\"row list-unstyled\">\n          <\/ul>\n\n  \n\n  <!-- \/Documents -->\n<\/div>\n\n\n<div id=\"subpages-block_c3a4ebc4b30bd3a20078b582a92a0705\"\n  class=\"subpages-block \">\n  <!-- subpage -->\n\n  \n\n    <div class=\"py-4 py-lg-5  overflow-hidden\">\n      <div class=\"  d-flex justify-content-between align-items-start\">\n        <header class=\"title__border-bottom--orange2  mb-70px\">\n          <h2 class=\"title-h3 \" tabindex=\"0\" aria-label=\"Zobacz inne\">Zobacz inne<\/h2>\n        <\/header>\n        <div class=\"swiper-navigation\">\n          <div class=\"swiper-button-prev swiper-poznaj-programy-prev\"> <\/div>\n          <div class=\"swiper-button-next swiper-poznaj-programy-next\"> <\/div>\n        <\/div>\n      <\/div>\n\n\n      <div class=\" \">\n        <div class=\"swiper swiper-transparent-edge-slides poradniki-lista-swiper poradniki-swiper__poznaj-programy\">\n          <div class=\"swiper-wrapper align-items-stretch\">\n\n                        <div class=\"swiper-slide news-list-wrapper__list__item\">\n\n              <a href=\"https:\/\/pl-ua.eu\/pl\/o-programie\/glowne-zalozenia-programu\/\" class=\"w-100\">\n                <div class=\"card w-100 h-100 poradniki-lista__card \">\n                  <div class=\"card-img-top\">\n                    <img decoding=\"async\" src=\"https:\/\/pl-ua.eu\/wp-content\/uploads\/2024\/09\/12-e1740989640485-633x370.png\" alt=\"G\u0142\u00f3wne za\u0142o\u017cenia Programu\" \/>\n                  <\/div>\n\n                  <div class=\"card-body\">\n                    <h3 class=\"cardTitlePlc1\">G\u0142\u00f3wne za\u0142o\u017cenia Programu<\/h3>\n                  <\/div>\n                <\/div>\n              <\/a>\n            <\/div>\n                        <div class=\"swiper-slide news-list-wrapper__list__item\">\n\n              <a href=\"https:\/\/pl-ua.eu\/pl\/o-programie\/dokumenty\/\" class=\"w-100\">\n                <div class=\"card w-100 h-100 poradniki-lista__card \">\n                  <div class=\"card-img-top\">\n                    <img decoding=\"async\" src=\"https:\/\/pl-ua.eu\/wp-content\/uploads\/2025\/03\/02_dokumenty-633x406.jpg\" alt=\"Dokumenty\" \/>\n                  <\/div>\n\n                  <div class=\"card-body\">\n                    <h3 class=\"cardTitlePlc1\">Dokumenty<\/h3>\n                  <\/div>\n                <\/div>\n              <\/a>\n            <\/div>\n                        <div class=\"swiper-slide news-list-wrapper__list__item\">\n\n              <a href=\"https:\/\/pl-ua.eu\/pl\/o-programie\/instytucje-programowe\/\" class=\"w-100\">\n                <div class=\"card w-100 h-100 poradniki-lista__card \">\n                  <div class=\"card-img-top\">\n                    <img decoding=\"async\" src=\"https:\/\/pl-ua.eu\/wp-content\/uploads\/2025\/03\/DSC04054-copy-2-1-633x406.jpg\" alt=\"Instytucje Programowe\" \/>\n                  <\/div>\n\n                  <div class=\"card-body\">\n                    <h3 class=\"cardTitlePlc1\">Instytucje Programowe<\/h3>\n                  <\/div>\n                <\/div>\n              <\/a>\n            <\/div>\n                        <div class=\"swiper-slide news-list-wrapper__list__item\">\n\n              <a href=\"https:\/\/pl-ua.eu\/pl\/o-programie\/glowne-zalozenie-projektow\/\" class=\"w-100\">\n                <div class=\"card w-100 h-100 poradniki-lista__card \">\n                  <div class=\"card-img-top\">\n                    <img decoding=\"async\" src=\"https:\/\/pl-ua.eu\/wp-content\/uploads\/2025\/03\/KR_00641-\u2014-kopia-633x406.jpg\" alt=\"Rodzaje projekt\u00f3w\" \/>\n                  <\/div>\n\n                  <div class=\"card-body\">\n                    <h3 class=\"cardTitlePlc1\">Rodzaje projekt\u00f3w<\/h3>\n                  <\/div>\n                <\/div>\n              <\/a>\n            <\/div>\n                        <div class=\"swiper-slide news-list-wrapper__list__item\">\n\n              <a href=\"https:\/\/pl-ua.eu\/pl\/o-programie\/fmp\/\" class=\"w-100\">\n                <div class=\"card w-100 h-100 poradniki-lista__card \">\n                  <div class=\"card-img-top\">\n                    <img decoding=\"async\" src=\"https:\/\/pl-ua.eu\/wp-content\/uploads\/2025\/06\/IMG_20250701_103733-633x406.jpg\" alt=\"Fundusze Ma\u0142ych Projekt\u00f3w\" \/>\n                  <\/div>\n\n                  <div class=\"card-body\">\n                    <h3 class=\"cardTitlePlc1\">Fundusze Ma\u0142ych Projekt\u00f3w<\/h3>\n                  <\/div>\n                <\/div>\n              <\/a>\n            <\/div>\n                        <div class=\"swiper-slide news-list-wrapper__list__item\">\n\n              <a href=\"https:\/\/pl-ua.eu\/pl\/o-programie\/postep-realizacji-programu\/\" class=\"w-100\">\n                <div class=\"card w-100 h-100 poradniki-lista__card \">\n                  <div class=\"card-img-top\">\n                    <img decoding=\"async\" src=\"https:\/\/pl-ua.eu\/wp-content\/uploads\/2025\/03\/07_a-postep-realizacji-programu-633x406.jpg\" alt=\"Post\u0119p realizacji Programu\" \/>\n                  <\/div>\n\n                  <div class=\"card-body\">\n                    <h3 class=\"cardTitlePlc1\">Post\u0119p realizacji Programu<\/h3>\n                  <\/div>\n                <\/div>\n              <\/a>\n            <\/div>\n                        <div class=\"swiper-slide news-list-wrapper__list__item\">\n\n              <a href=\"https:\/\/pl-ua.eu\/pl\/o-programie\/interregpl-ua2028-2034\/\" class=\"w-100\">\n                <div class=\"card w-100 h-100 poradniki-lista__card \">\n                  <div class=\"card-img-top\">\n                    <img decoding=\"async\" src=\"https:\/\/pl-ua.eu\/wp-content\/uploads\/2025\/03\/01_a-glowne-zalozenia-Programu-633x406.jpg\" alt=\"Interreg PL-UA 2028-2034\" \/>\n                  <\/div>\n\n                  <div class=\"card-body\">\n                    <h3 class=\"cardTitlePlc1\">Interreg PL-UA 2028-2034<\/h3>\n                  <\/div>\n                <\/div>\n              <\/a>\n            <\/div>\n            \n          <\/div>\n\n        <\/div>\n      <\/div>\n    <\/div>\n\n\n\n    <div class=\"height_70\"><\/div>\n\n\n    \n  <!-- \/subpage -->\n<\/div>\n\n","protected":false},"excerpt":{"rendered":"","protected":false},"author":18,"featured_media":34830,"parent":24943,"menu_order":6,"comment_status":"closed","ping_status":"closed","template":"","meta":{"_acf_changed":false,"inline_featured_image":false,"_themeisle_gutenberg_block_has_review":false,"footnotes":"","_links_to":"","_links_to_target":""},"class_list":["post-29610","page","type-page","status-publish","has-post-thumbnail","hentry"],"acf":[],"publishpress_future_action":{"enabled":false,"date":"2026-05-06 04:52:02","action":"change-status","newStatus":"draft","terms":[],"taxonomy":"translation_priority","extraData":[]},"publishpress_future_workflow_manual_trigger":{"enabledWorkflows":[]},"_links":{"self":[{"href":"https:\/\/pl-ua.eu\/pl\/wp-json\/wp\/v2\/pages\/29610","targetHints":{"allow":["GET"]}}],"collection":[{"href":"https:\/\/pl-ua.eu\/pl\/wp-json\/wp\/v2\/pages"}],"about":[{"href":"https:\/\/pl-ua.eu\/pl\/wp-json\/wp\/v2\/types\/page"}],"author":[{"embeddable":true,"href":"https:\/\/pl-ua.eu\/pl\/wp-json\/wp\/v2\/users\/18"}],"replies":[{"embeddable":true,"href":"https:\/\/pl-ua.eu\/pl\/wp-json\/wp\/v2\/comments?post=29610"}],"version-history":[{"count":30,"href":"https:\/\/pl-ua.eu\/pl\/wp-json\/wp\/v2\/pages\/29610\/revisions"}],"predecessor-version":[{"id":44918,"href":"https:\/\/pl-ua.eu\/pl\/wp-json\/wp\/v2\/pages\/29610\/revisions\/44918"}],"up":[{"embeddable":true,"href":"https:\/\/pl-ua.eu\/pl\/wp-json\/wp\/v2\/pages\/24943"}],"wp:featuredmedia":[{"embeddable":true,"href":"https:\/\/pl-ua.eu\/pl\/wp-json\/wp\/v2\/media\/34830"}],"wp:attachment":[{"href":"https:\/\/pl-ua.eu\/pl\/wp-json\/wp\/v2\/media?parent=29610"}],"curies":[{"name":"wp","href":"https:\/\/api.w.org\/{rel}","templated":true}]}}