{"id":32217,"date":"2024-10-14T14:42:37","date_gmt":"2024-10-14T12:42:37","guid":{"rendered":"https:\/\/pl-ua.eu\/?page_id=32217"},"modified":"2024-11-05T15:40:57","modified_gmt":"2024-11-05T14:40:57","slug":"platforma-wewnetrzna","status":"publish","type":"page","link":"https:\/\/pl-ua.eu\/pl\/platforma-wewnetrzna\/","title":{"rendered":"Platforma wewn\u0119trzna"},"content":{"rendered":"\n<div class=\"wp-block-group\"><div class=\"wp-block-group__inner-container is-layout-constrained wp-block-group-is-layout-constrained\">\n<h2 class=\"wp-block-heading\">Zawarto\u015b\u0107 dost\u0119pna po zalogowaniu<\/h2>\n\n\n\n<div style=\"height:40px\" aria-hidden=\"true\" class=\"wp-block-spacer\"><\/div>\n<\/div><\/div>\n\n\n<div class=\"logged-out cpe-custom-login-btn wp-block-loginout\"><a rel=\"nofollow\" href=\"https:\/\/pl-ua.eu\/wp-login.php?redirect_to=https%3A%2F%2Fpl-ua.eu%2Fpl%2Fwp-json%2Fwp%2Fv2%2Fpages%2F32217\">Zaloguj si\u0119<\/a><\/div>\n\n<div class=\"wpfd-all-file-category\" data-theme=\"cpetheme\"><div class=\"wpfd-content wpfd-content-cpetheme wpfd-content-multi\" data-category=\"all_0\"             style=\"background-color: rgba(255, 255, 255, 0)\"><input type=\"hidden\" id=\"current_category_all_0\" value=\"all_0\" \/>                    <input type=\"hidden\" id=\"current_category_slug_all_0\" value=\"wszystkie-pliki\" \/>                    <input type=\"hidden\" id=\"current_ordering_all_0\" value=\"created_time\" \/>                    <input type=\"hidden\" id=\"current_ordering_direction_all_0\" value=\"asc\" \/>                    <input type=\"hidden\" id=\"page_limit_all_0\" value=\"10\" \/>                        <form action=\"\" id=\"adminForm-all_0\" class=\"wpfd-adminForm wpfd-form-search-file-category\" name=\"adminForm\" method=\"post\">                <div id=\"loader\" style=\"display:none; text-align: center\">                    <img decoding=\"async\" src=\"https:\/\/pl-ua.eu\/wp-content\/plugins\/wp-file-download\/\/app\/site\/assets\/images\/searchloader.svg\" style=\"margin: 0 auto\"\/>                <\/div>                <div class=\"box-search-filter wpfd-category-search-section\">                    <div class=\"searchSection\">                        <div class=\"only-file input-group clearfix wpfd_search_input\" id=\"Search_container\">                            <img decoding=\"async\" src=\"https:\/\/pl-ua.eu\/wp-content\/plugins\/wp-file-download\/\/app\/site\/assets\/images\/search-24.svg\" class=\"material-icons wpfd-icon-search wpfd-search-file-category-icon\" \/>                            <input type=\"text\" class=\"pull-left required txtfilename\" name=\"q\" id=\"txtfilename\" autocomplete=\"off\" placeholder=\"Szukaj plik\u00f3w...\" value=\"\" \/>                        <\/div>                        <button id=\"btnsearchbelow\" class=\"btnsearchbelow wpfd-btnsearchbelow\" type=\"button\">Wyszukaj<\/button>                    <\/div>                    <input type=\"hidden\" id=\"filter_catid\" class=\"chzn-select filter_catid\" name=\"catid\" value=\"0\" data-cattype=\"\" data-slug=\"\" \/>                    <input type=\"hidden\" name=\"theme\" value=\"cpetheme\">                    <input type=\"hidden\" name=\"limit\" value=\"10\">                    <div id=\"wpfd-results\" class=\"wpfd-results list-results\"><\/div>                <\/div>            <\/form>        <input type=\"hidden\" id=\"wpfd_display_empty_category_message\" value=\"0\" \/><input type=\"hidden\" id=\"wpfd_empty_category_message_val\" value=\"This file category has no files to display\" \/><input type=\"hidden\" id=\"wpfd_display_empty_folder\" value=\"1\" \/><input type=\"hidden\" id=\"wpfd_is_empty_subcategories\" value=\"1\" \/><input type=\"hidden\" id=\"wpfd_is_empty_files\" value=\"1\" \/><input type=\"hidden\" id=\"wpfd_root_category_id\" class=\"wpfd_root_category_id\" value=\"all_0\" \/><input type=\"hidden\" id=\"wpfd_root_category_theme\" class=\"wpfd_root_category_theme\" value=\"cpetheme\" \/><input type=\"hidden\" id=\"wpfd_root_category_clone_theme_type\" class=\"wpfd_root_category_clone_theme_type\" value=\"default\" \/><input type=\"hidden\" id=\"wpfd_root_category_type\" class=\"wpfd_root_category_type\" value=\"all_0\" \/><input type=\"hidden\" id=\"wpfd_root_category_display_file_search\" class=\"wpfd_root_category_display_file_search\" value=\"1\" \/>    <script type=\"text\/x-handlebars-template\" class=\"wpfd-template-files\">        {{#if files }}        <div class=\"wpfd_list\">            {{#each files}}            <div class=\"file {{ext}}\" style=\"margin : 10px 10px 10px 10px;\" data-id=\"{{ID}}\" data-catid=\"{{catid}}\">                <input type=\"hidden\" class=\"wpfd_file_preview_link_download\" value=\"{{linkdownload}}\" data-filetitle=\"{{post_title}}\" data-fileicons=\"ext ext-{{ext}} wpfd-icon-set-svg\" \/>                <div class=\"filecontent\">                    {{#if file_custom_icon}}                    <div class=\"icon-custom\"><img decoding=\"async\" src=\"{{file_custom_icon}}\" \/><\/div>                    {{else}}                    <div class=\"ext ext-{{ext}} wpfd-icon-set-svg\"><span class=\"txt\">{{ext}}<\/span><\/div>                    {{\/if}}<h3><a href=\"{{linkdownload}}\"  rel=\"nofollow\"   class=\"wpfd_downloadlink\" title=\"{{post_title}}\" target=\"{{#if remote_file}}_blank{{\/if}}\">{{{crop_title}}}<\/a><\/h3>                    <div class=\"file-xinfo\">                        {{#if description}}<div class=\"file-desc\">{{{description}}}<\/div>{{\/if}}{{#if versionNumber}}<div class=\"file-version\"><span>Version:<\/span> {{versionNumber}}<\/div>{{\/if}}<div class=\"file-size\"><span>Rozmiar:<\/span> {{bytesToSize size}}<\/div><div class=\"file-hits\"><span>Pobrania:<\/span> {{hits}}<\/div><div class=\"file-dated\"><span>Data dodania:<\/span> {{created}}<\/div>                    <\/div>                <\/div>                <span class=\"file-right\">                                    <\/span>            <\/div>            {{\/each}}            <div class=\"file flex_span\" style=\"margin : 10px 10px 10px 10px;\"><\/div>        <\/div>        {{\/if}}    <\/script>    <div class=\"wpfd-container folder-tree-left\">        <div class=\"wpfd-foldertree wpfd-foldertree-cpetheme \"><\/div>        <div class=\"wpfd-open-tree\"><\/div>        <div class=\"wpfd-container-cpetheme  with_foldertree\">            <div class=\"wpfd-category-desc\"><\/div>                                <\/div>    <\/div><\/div><\/div>\n","protected":false},"excerpt":{"rendered":"<p>Zawarto\u015b\u0107 dost\u0119pna po zalogowaniu<\/p>\n","protected":false},"author":18,"featured_media":0,"parent":0,"menu_order":0,"comment_status":"closed","ping_status":"closed","template":"","meta":{"_acf_changed":false,"inline_featured_image":false,"_themeisle_gutenberg_block_has_review":false,"footnotes":"","_links_to":"","_links_to_target":""},"class_list":["post-32217","page","type-page","status-publish","hentry"],"acf":[],"publishpress_future_action":{"enabled":false,"date":"2026-04-11 13:08:27","action":"change-status","newStatus":"draft","terms":[],"taxonomy":"translation_priority","extraData":[]},"publishpress_future_workflow_manual_trigger":{"enabledWorkflows":[]},"_links":{"self":[{"href":"https:\/\/pl-ua.eu\/pl\/wp-json\/wp\/v2\/pages\/32217","targetHints":{"allow":["GET"]}}],"collection":[{"href":"https:\/\/pl-ua.eu\/pl\/wp-json\/wp\/v2\/pages"}],"about":[{"href":"https:\/\/pl-ua.eu\/pl\/wp-json\/wp\/v2\/types\/page"}],"author":[{"embeddable":true,"href":"https:\/\/pl-ua.eu\/pl\/wp-json\/wp\/v2\/users\/18"}],"replies":[{"embeddable":true,"href":"https:\/\/pl-ua.eu\/pl\/wp-json\/wp\/v2\/comments?post=32217"}],"version-history":[{"count":32,"href":"https:\/\/pl-ua.eu\/pl\/wp-json\/wp\/v2\/pages\/32217\/revisions"}],"predecessor-version":[{"id":33177,"href":"https:\/\/pl-ua.eu\/pl\/wp-json\/wp\/v2\/pages\/32217\/revisions\/33177"}],"wp:attachment":[{"href":"https:\/\/pl-ua.eu\/pl\/wp-json\/wp\/v2\/media?parent=32217"}],"curies":[{"name":"wp","href":"https:\/\/api.w.org\/{rel}","templated":true}]}}