{"id":34384,"date":"2025-03-05T15:47:47","date_gmt":"2025-03-05T13:47:47","guid":{"rendered":"https:\/\/pl-ua.eu\/?page_id=34384"},"modified":"2026-04-01T15:07:14","modified_gmt":"2026-04-01T13:07:14","slug":"postep-realizacji-programu","status":"publish","type":"page","link":"https:\/\/pl-ua.eu\/pl\/o-programie\/postep-realizacji-programu\/","title":{"rendered":"Post\u0119p realizacji Programu"},"content":{"rendered":"\n<p><strong><br><a href=\"https:\/\/pl-ua.eu\/wp-content\/uploads\/2026\/01\/PL-UA-2021-2027_Data-on-implementation-of-the-Programme-as-of-20.01.2026.pdf\" target=\"_blank\" rel=\"noreferrer noopener\">Dane dotycz\u0105ce realizacji Programu na dzie\u0144 20.01.2026 r.<\/a><\/strong><\/p>\n\n\n\n<p><strong><a href=\"https:\/\/pl-ua.eu\/wp-content\/uploads\/2025\/11\/PL-UA-2021-2027_Data-on-implementation-of-the-Programme-as-of-13.10.2025.pdf\">Dane dotycz\u0105ce realizacji Programu na dzie\u0144 13.10.2025 r.<\/a><\/strong><\/p>\n\n\n\n<p><strong><a href=\"https:\/\/pl-ua.eu\/wp-content\/uploads\/2025\/09\/PL-UA-2021-2027_Data-on-implementation-of-the-Programme-as-of-10.07.2025.pdf\" target=\"_blank\" rel=\"noreferrer noopener\">Dane dotycz\u0105ce realizacji Programu na dzie\u0144 10.07.2025 r.<\/a><\/strong><\/p>\n\n\n\n<p><strong><a href=\"https:\/\/pl-ua.eu\/wp-content\/uploads\/2025\/09\/PL-UA-2021-2027_Data-on-implementation-of-the-Programme-as-of-02.04.2025.pdf\" target=\"_blank\" rel=\"noreferrer noopener\">Dane dotycz\u0105ce realizacji Programu na dzie\u0144 02.04.2025 r.<\/a><\/strong><\/p>\n\n\n\n<p><strong><a href=\"https:\/\/pl-ua.eu\/wp-content\/uploads\/2025\/09\/PL-UA-2021-2027_Data-on-implementation-of-the-Programme-as-of-05.03.2025.pdf\" target=\"_blank\" rel=\"noreferrer noopener\">Dane dotycz\u0105ce realizacji Programu na dzie\u0144 05.03.2025 r.<\/a><\/strong><\/p>\n\n\n\n<p><strong><a href=\"https:\/\/pl-ua.eu\/wp-content\/uploads\/2025\/08\/PL-UA-2021-2027_Data-on-implementation-of-the-Programme-as-of-28.01.2025.pdf\" target=\"_blank\" rel=\"noreferrer noopener\">Dane dotycz\u0105ce realizacji Programu na dzie\u0144 28.01.2025 r.<\/a><\/strong><\/p>\n\n\n\n<p><strong><a href=\"https:\/\/pl-ua.eu\/wp-content\/uploads\/2025\/08\/PL-UA-2021-2027_Data-on-implementation-of-the-Programme-as-of-04.10.2024.pdf\" target=\"_blank\" rel=\"noreferrer noopener\">Dane dotycz\u0105ce realizacji Programu na dzie\u0144 04.10.2024 r.<\/a><\/strong><\/p>\n\n\n\n<p><strong><a href=\"https:\/\/pl-ua.eu\/wp-content\/uploads\/2025\/08\/PL-UA-2021-2027_Data-on-implementation-of-the-Programme-as-of-30.06.2024.pdf\" target=\"_blank\" rel=\"noreferrer noopener\">Dane dotycz\u0105ce realizacji Programu na dzie\u0144 30.06.2024 r.<\/a><\/strong><\/p>\n\n\n\n<p><\/p>\n\n\n\n<p><\/p>\n","protected":false},"excerpt":{"rendered":"<p>Dane dotycz\u0105ce realizacji Programu na dzie\u0144 20.01.2026 r. Dane dotycz\u0105ce realizacji Programu na dzie\u0144 13.10.2025 r. Dane dotycz\u0105ce realizacji Programu na dzie\u0144 10.07.2025 r. Dane dotycz\u0105ce realizacji Programu na dzie\u0144 02.04.2025 r. Dane dotycz\u0105ce realizacji Programu na dzie\u0144 05.03.2025 r. Dane dotycz\u0105ce realizacji Programu na dzie\u0144 28.01.2025 r. Dane dotycz\u0105ce realizacji Programu na dzie\u0144 04.10.2024 [&hellip;]<\/p>\n","protected":false},"author":25,"featured_media":34628,"parent":24943,"menu_order":7,"comment_status":"closed","ping_status":"closed","template":"","meta":{"_acf_changed":false,"inline_featured_image":false,"_themeisle_gutenberg_block_has_review":false,"footnotes":"","_links_to":"","_links_to_target":""},"class_list":["post-34384","page","type-page","status-publish","has-post-thumbnail","hentry"],"acf":[],"publishpress_future_action":{"enabled":false,"date":"2026-04-24 23:26:23","action":"change-status","newStatus":"draft","terms":[],"taxonomy":"translation_priority","extraData":[]},"publishpress_future_workflow_manual_trigger":{"enabledWorkflows":[]},"_links":{"self":[{"href":"https:\/\/pl-ua.eu\/pl\/wp-json\/wp\/v2\/pages\/34384","targetHints":{"allow":["GET"]}}],"collection":[{"href":"https:\/\/pl-ua.eu\/pl\/wp-json\/wp\/v2\/pages"}],"about":[{"href":"https:\/\/pl-ua.eu\/pl\/wp-json\/wp\/v2\/types\/page"}],"author":[{"embeddable":true,"href":"https:\/\/pl-ua.eu\/pl\/wp-json\/wp\/v2\/users\/25"}],"replies":[{"embeddable":true,"href":"https:\/\/pl-ua.eu\/pl\/wp-json\/wp\/v2\/comments?post=34384"}],"version-history":[{"count":14,"href":"https:\/\/pl-ua.eu\/pl\/wp-json\/wp\/v2\/pages\/34384\/revisions"}],"predecessor-version":[{"id":43573,"href":"https:\/\/pl-ua.eu\/pl\/wp-json\/wp\/v2\/pages\/34384\/revisions\/43573"}],"up":[{"embeddable":true,"href":"https:\/\/pl-ua.eu\/pl\/wp-json\/wp\/v2\/pages\/24943"}],"wp:featuredmedia":[{"embeddable":true,"href":"https:\/\/pl-ua.eu\/pl\/wp-json\/wp\/v2\/media\/34628"}],"wp:attachment":[{"href":"https:\/\/pl-ua.eu\/pl\/wp-json\/wp\/v2\/media?parent=34384"}],"curies":[{"name":"wp","href":"https:\/\/api.w.org\/{rel}","templated":true}]}}