{"id":34531,"date":"2025-03-11T13:13:37","date_gmt":"2025-03-11T11:13:37","guid":{"rendered":"https:\/\/pl-ua.eu\/?page_id=34531"},"modified":"2025-03-11T14:48:59","modified_gmt":"2025-03-11T12:48:59","slug":"instytucja-zarzadzajaca","status":"publish","type":"page","link":"https:\/\/pl-ua.eu\/pl\/o-programie\/instytucje-programowe\/instytucja-zarzadzajaca\/","title":{"rendered":"Instytucja zarz\u0105dzaj\u0105ca"},"content":{"rendered":"\n<p>Organ wykonawczy Programu, podpisuje umowy o dofinansowanie z projektami, zatwierdza raporty oraz dokonuje p\u0142atno\u015bci zaliczkowych i rozliczeniowych.<\/p>\n\n\n\n<p><strong>Ministerstwo Funduszy i Polityki Regionalnej<\/strong><br><strong>Departament Wsp\u00f3\u0142pracy Terytorialnej<br><\/strong>ul. Wsp\u00f3lna 2\/4<br>00-926 Warszawa<br>Polska<\/p>\n\n\n\n<h2 class=\"wp-block-heading\">Czytaj r\u00f3wnie\u017c<\/h2>\n\n\n<ul class=\"subpages-list__btns js_random-subpages wp-block-page-list\"><li class=\"wp-block-pages-list__item\"><a class=\"wp-block-pages-list__item__link\" href=\"https:\/\/pl-ua.eu\/pl\/o-programie\/instytucje-programowe\/komitet-monitorujacy\/\">Komitet Monitoruj\u0105cy<\/a><\/li><li class=\"wp-block-pages-list__item\"><a class=\"wp-block-pages-list__item__link\" href=\"https:\/\/pl-ua.eu\/pl\/o-programie\/instytucje-programowe\/instytucja-zarzadzajaca\/\">Instytucja zarz\u0105dzaj\u0105ca<\/a><\/li><li class=\"wp-block-pages-list__item\"><a class=\"wp-block-pages-list__item__link\" href=\"https:\/\/pl-ua.eu\/pl\/o-programie\/instytucje-programowe\/instytucja-audytowa\/\">Instytucja audytowa<\/a><\/li><li class=\"wp-block-pages-list__item\"><a class=\"wp-block-pages-list__item__link\" href=\"https:\/\/pl-ua.eu\/pl\/o-programie\/instytucje-programowe\/instytucja-krajowa\/\">Instytucja krajowa<\/a><\/li><li class=\"wp-block-pages-list__item\"><a class=\"wp-block-pages-list__item__link\" href=\"https:\/\/pl-ua.eu\/pl\/o-programie\/instytucje-programowe\/grupa-audytorow\/\">Grupa Audytor\u00f3w<\/a><\/li><li class=\"wp-block-pages-list__item\"><a class=\"wp-block-pages-list__item__link\" href=\"https:\/\/pl-ua.eu\/pl\/o-programie\/instytucje-programowe\/wspolny-sekretariat\/\">Wsp\u00f3lny Sekretariat<\/a><\/li><li class=\"wp-block-pages-list__item\"><a class=\"wp-block-pages-list__item__link\" href=\"https:\/\/pl-ua.eu\/pl\/o-programie\/instytucje-programowe\/kontrolerzy\/\">Kontrolerzy<\/a><\/li><\/ul>","protected":false},"excerpt":{"rendered":"<p>Organ wykonawczy Programu, podpisuje umowy o dofinansowanie z projektami, zatwierdza raporty oraz dokonuje p\u0142atno\u015bci zaliczkowych i rozliczeniowych. Ministerstwo Funduszy i Polityki RegionalnejDepartament Wsp\u00f3\u0142pracy Terytorialnejul. Wsp\u00f3lna 2\/400-926 WarszawaPolska Czytaj r\u00f3wnie\u017c<\/p>\n","protected":false},"author":1,"featured_media":0,"parent":24942,"menu_order":2,"comment_status":"closed","ping_status":"closed","template":"page-templates\/template-content-center.php","meta":{"_acf_changed":false,"inline_featured_image":false,"_themeisle_gutenberg_block_has_review":false,"footnotes":"","_links_to":"","_links_to_target":""},"class_list":["post-34531","page","type-page","status-publish","hentry"],"acf":[],"publishpress_future_action":{"enabled":false,"date":"2026-04-11 08:00:26","action":"change-status","newStatus":"draft","terms":[],"taxonomy":"translation_priority","extraData":[]},"publishpress_future_workflow_manual_trigger":{"enabledWorkflows":[]},"_links":{"self":[{"href":"https:\/\/pl-ua.eu\/pl\/wp-json\/wp\/v2\/pages\/34531","targetHints":{"allow":["GET"]}}],"collection":[{"href":"https:\/\/pl-ua.eu\/pl\/wp-json\/wp\/v2\/pages"}],"about":[{"href":"https:\/\/pl-ua.eu\/pl\/wp-json\/wp\/v2\/types\/page"}],"author":[{"embeddable":true,"href":"https:\/\/pl-ua.eu\/pl\/wp-json\/wp\/v2\/users\/1"}],"replies":[{"embeddable":true,"href":"https:\/\/pl-ua.eu\/pl\/wp-json\/wp\/v2\/comments?post=34531"}],"version-history":[{"count":2,"href":"https:\/\/pl-ua.eu\/pl\/wp-json\/wp\/v2\/pages\/34531\/revisions"}],"predecessor-version":[{"id":34537,"href":"https:\/\/pl-ua.eu\/pl\/wp-json\/wp\/v2\/pages\/34531\/revisions\/34537"}],"up":[{"embeddable":true,"href":"https:\/\/pl-ua.eu\/pl\/wp-json\/wp\/v2\/pages\/24942"}],"wp:attachment":[{"href":"https:\/\/pl-ua.eu\/pl\/wp-json\/wp\/v2\/media?parent=34531"}],"curies":[{"name":"wp","href":"https:\/\/api.w.org\/{rel}","templated":true}]}}