{"id":34544,"date":"2025-03-11T13:20:15","date_gmt":"2025-03-11T11:20:15","guid":{"rendered":"https:\/\/pl-ua.eu\/?page_id=34544"},"modified":"2025-09-03T08:26:20","modified_gmt":"2025-09-03T06:26:20","slug":"wspolny-sekretariat","status":"publish","type":"page","link":"https:\/\/pl-ua.eu\/pl\/o-programie\/instytucje-programowe\/wspolny-sekretariat\/","title":{"rendered":"Wsp\u00f3lny Sekretariat"},"content":{"rendered":"\n<p>Wspiera Instytucj\u0119 Zarz\u0105dzaj\u0105c\u0105 w codziennym zarz\u0105dzaniu Programem, podstawowy kontakt dla wnioskodawc\u00f3w i partner\u00f3w projekt\u00f3w.<\/p>\n\n\n\n<p><strong>Centrum Projekt\u00f3w Europejskich<\/strong><br><strong>Wsp\u00f3lny Sekretariat Programu<\/strong> <strong>NEXT Polska \u2013 Ukraina 2021-2027\u00a0<\/strong><br>ul. Pu\u0142awska 180<br>02-670 Warszawa<br>Polska<\/p>\n\n\n\n<p><strong>Oddzia\u0142 Wsp\u00f3lnego Sekretariatu we Lwowie<\/strong><br>ul. Wynnyczenki 14<br>79008 Lw\u00f3w<br>Ukraina<br><br>tel.:\u00a0<a href=\"tel:+38 677076760\">+38 67 707 67 60<\/a><br>e-mail:\u00a0<a href=\"mailto:branch.lviv@pl-ua.info\">branch.lviv@pl-ua.info<\/a><\/p>\n\n\n\n<h2 class=\"wp-block-heading\">Czytaj r\u00f3wnie\u017c<\/h2>\n\n\n<ul class=\"subpages-list__btns js_random-subpages wp-block-page-list\"><li class=\"wp-block-pages-list__item\"><a class=\"wp-block-pages-list__item__link\" href=\"https:\/\/pl-ua.eu\/pl\/o-programie\/instytucje-programowe\/komitet-monitorujacy\/\">Komitet Monitoruj\u0105cy<\/a><\/li><li class=\"wp-block-pages-list__item\"><a class=\"wp-block-pages-list__item__link\" href=\"https:\/\/pl-ua.eu\/pl\/o-programie\/instytucje-programowe\/instytucja-zarzadzajaca\/\">Instytucja zarz\u0105dzaj\u0105ca<\/a><\/li><li class=\"wp-block-pages-list__item\"><a class=\"wp-block-pages-list__item__link\" href=\"https:\/\/pl-ua.eu\/pl\/o-programie\/instytucje-programowe\/instytucja-audytowa\/\">Instytucja audytowa<\/a><\/li><li class=\"wp-block-pages-list__item\"><a class=\"wp-block-pages-list__item__link\" href=\"https:\/\/pl-ua.eu\/pl\/o-programie\/instytucje-programowe\/instytucja-krajowa\/\">Instytucja krajowa<\/a><\/li><li class=\"wp-block-pages-list__item\"><a class=\"wp-block-pages-list__item__link\" href=\"https:\/\/pl-ua.eu\/pl\/o-programie\/instytucje-programowe\/grupa-audytorow\/\">Grupa Audytor\u00f3w<\/a><\/li><li class=\"wp-block-pages-list__item\"><a class=\"wp-block-pages-list__item__link\" href=\"https:\/\/pl-ua.eu\/pl\/o-programie\/instytucje-programowe\/wspolny-sekretariat\/\">Wsp\u00f3lny Sekretariat<\/a><\/li><li class=\"wp-block-pages-list__item\"><a class=\"wp-block-pages-list__item__link\" href=\"https:\/\/pl-ua.eu\/pl\/o-programie\/instytucje-programowe\/kontrolerzy\/\">Kontrolerzy<\/a><\/li><\/ul>","protected":false},"excerpt":{"rendered":"<p>Wspiera Instytucj\u0119 Zarz\u0105dzaj\u0105c\u0105 w codziennym zarz\u0105dzaniu Programem, podstawowy kontakt dla wnioskodawc\u00f3w i partner\u00f3w projekt\u00f3w. Centrum Projekt\u00f3w EuropejskichWsp\u00f3lny Sekretariat Programu NEXT Polska \u2013 Ukraina 2021-2027\u00a0ul. Pu\u0142awska 18002-670 WarszawaPolska Oddzia\u0142 Wsp\u00f3lnego Sekretariatu we Lwowieul. Wynnyczenki 1479008 Lw\u00f3wUkraina tel.:\u00a0+38 67 707 67 60e-mail:\u00a0branch.lviv@pl-ua.info Czytaj r\u00f3wnie\u017c<\/p>\n","protected":false},"author":1,"featured_media":0,"parent":24942,"menu_order":6,"comment_status":"closed","ping_status":"closed","template":"page-templates\/template-content-center.php","meta":{"_acf_changed":false,"inline_featured_image":false,"_themeisle_gutenberg_block_has_review":false,"footnotes":"","_links_to":"","_links_to_target":""},"class_list":["post-34544","page","type-page","status-publish","hentry"],"acf":[],"publishpress_future_action":{"enabled":false,"date":"2026-04-16 04:30:15","action":"change-status","newStatus":"draft","terms":[],"taxonomy":"translation_priority","extraData":[]},"publishpress_future_workflow_manual_trigger":{"enabledWorkflows":[]},"_links":{"self":[{"href":"https:\/\/pl-ua.eu\/pl\/wp-json\/wp\/v2\/pages\/34544","targetHints":{"allow":["GET"]}}],"collection":[{"href":"https:\/\/pl-ua.eu\/pl\/wp-json\/wp\/v2\/pages"}],"about":[{"href":"https:\/\/pl-ua.eu\/pl\/wp-json\/wp\/v2\/types\/page"}],"author":[{"embeddable":true,"href":"https:\/\/pl-ua.eu\/pl\/wp-json\/wp\/v2\/users\/1"}],"replies":[{"embeddable":true,"href":"https:\/\/pl-ua.eu\/pl\/wp-json\/wp\/v2\/comments?post=34544"}],"version-history":[{"count":5,"href":"https:\/\/pl-ua.eu\/pl\/wp-json\/wp\/v2\/pages\/34544\/revisions"}],"predecessor-version":[{"id":41002,"href":"https:\/\/pl-ua.eu\/pl\/wp-json\/wp\/v2\/pages\/34544\/revisions\/41002"}],"up":[{"embeddable":true,"href":"https:\/\/pl-ua.eu\/pl\/wp-json\/wp\/v2\/pages\/24942"}],"wp:attachment":[{"href":"https:\/\/pl-ua.eu\/pl\/wp-json\/wp\/v2\/media?parent=34544"}],"curies":[{"name":"wp","href":"https:\/\/api.w.org\/{rel}","templated":true}]}}