{"id":34546,"date":"2025-03-11T13:22:12","date_gmt":"2025-03-11T11:22:12","guid":{"rendered":"https:\/\/pl-ua.eu\/?page_id=34546"},"modified":"2025-09-03T08:27:48","modified_gmt":"2025-09-03T06:27:48","slug":"kontrolerzy","status":"publish","type":"page","link":"https:\/\/pl-ua.eu\/pl\/o-programie\/instytucje-programowe\/kontrolerzy\/","title":{"rendered":"Kontrolerzy"},"content":{"rendered":"\n<p>Weryfikuj\u0105 wydatki partner\u00f3w projektu.<\/p>\n\n\n\n<p><strong>Dla polskich partner\u00f3w projekt\u00f3w:<\/strong><\/p>\n\n\n\n<h3 class=\"wp-block-heading\">Z<strong> wojew\u00f3dztwa podlaskiego:<\/strong><\/h3>\n\n\n\n<p><strong>Podlaski Urz\u0105d Wojew\u00f3dzki w Bia\u0142ymstoku<\/strong><br>ul. Mickiewicza 3<br>15-213 Bia\u0142ystok<br>Polska<br>e-mail: <a href=\"mailto:awrobel@bialystok.uw.gov.pl\">awrobel@bialystok.uw.gov.pl<\/a><br>e-mail: <a href=\"mailto:bkurant@bialystok.uw.gov.pl\">bkurant@bialystok.uw.gov.pl<\/a><br>e-mail: <a href=\"mailto:aklukowska@bialystok.uw.gov.pl\">aklukowska@bialystok.uw.gov.pl<\/a><br>e-mail: <a href=\"mailto:kmatys@bialystok.uw.gov.pl\">kmatys@bialystok.uw.gov.pl<\/a><br>e-mail: <a href=\"mailto:rkucharczyk@bialystok.uw.gov.pl\">rkucharczyk@bialystok.uw.gov.pl<\/a><br>tel. <a href=\"tel:+48 85743 92 87\">+48 85 743 92 87<\/a><br>tel. <a href=\"tel:+48 8574392 20\">+48 85 743 92 20<\/a><br>tel. <a href=\"tel:+48 857439263\">+48 85 743 92 63<\/a><\/p>\n\n\n\n<h3 class=\"wp-block-heading\">Z wojew\u00f3dztw lubelskiego i mazowieckiego:<\/h3>\n\n\n\n<p><strong>Centrum Projekt\u00f3w Europejskich<\/strong><br><strong>Wydzia\u0142 Kontroli<\/strong><br>ul. Pu\u0142awska 180<br>02-670 Warszawa<br>Polska<br>e-mail: <a href=\"mailto:intnextplua@cpe.gov.pl\">intnextplua@cpe.gov.pl<\/a><br>tel. <a href=\"tel:+4822 3783119\">+48 22 378 31 19<\/a><\/p>\n\n\n\n<h3 class=\"wp-block-heading\">Z wojew\u00f3dztwa podkarpackiego:<\/h3>\n\n\n\n<p><strong>Podkarpacki Urz\u0105d Wojew\u00f3dzki w Rzeszowie<\/strong><br><strong>Wydzia\u0142 Program\u00f3w Rz\u0105dowych i Funduszy Europejskich<\/strong><br><strong>Oddzia\u0142 Kontroli Program\u00f3w Wsp\u00f3\u0142pracy Transgranicznej<\/strong><br>ul. Grunwaldzka 15<br>35-956 Rzesz\u00f3w<br>Polska<br>e-mail: <a href=\"mailto:re@rzeszow.uw.gov.pl\">re@rzeszow.uw.gov.pl<\/a><br>e-mail: <a href=\"mailto:mmigut@rzeszow.uw.gov.pl\">mmigut@rzeszow.uw.gov.pl<\/a><br>tel. <a href=\"tel:+48 17 867 15 05\">+48 17 867 15 05<\/a><br>tel. <a href=\"tel:+48 17 867 15 11\">+48 17 867 15 11<\/a><\/p>\n\n\n\n<div style=\"height:27px\" aria-hidden=\"true\" class=\"wp-block-spacer\"><\/div>\n\n\n\n<p><strong>Dla ukrai\u0144skich partner\u00f3w projekt\u00f3w:<br>Pa\u0144stwowa S\u0142u\u017cba Audytu Ukrainy<\/strong><br>ul. P. Sahajdacznego 4<br>04070 Kij\u00f3w<br>Ukraina<br>e-mail: <a href=\"mailto:post@dasu.gov.ua\">post@dasu.gov.ua<\/a><br>tel. <a href=\"tel:+38 044 298 55 99\">+38 44 298 55 99<\/a><\/p>\n\n\n\n<h2 class=\"wp-block-heading\">Czytaj r\u00f3wnie\u017c<\/h2>\n\n\n<ul class=\"subpages-list__btns js_random-subpages wp-block-page-list\"><li class=\"wp-block-pages-list__item\"><a class=\"wp-block-pages-list__item__link\" href=\"https:\/\/pl-ua.eu\/pl\/o-programie\/instytucje-programowe\/komitet-monitorujacy\/\">Komitet Monitoruj\u0105cy<\/a><\/li><li class=\"wp-block-pages-list__item\"><a class=\"wp-block-pages-list__item__link\" href=\"https:\/\/pl-ua.eu\/pl\/o-programie\/instytucje-programowe\/instytucja-zarzadzajaca\/\">Instytucja zarz\u0105dzaj\u0105ca<\/a><\/li><li class=\"wp-block-pages-list__item\"><a class=\"wp-block-pages-list__item__link\" href=\"https:\/\/pl-ua.eu\/pl\/o-programie\/instytucje-programowe\/instytucja-audytowa\/\">Instytucja audytowa<\/a><\/li><li class=\"wp-block-pages-list__item\"><a class=\"wp-block-pages-list__item__link\" href=\"https:\/\/pl-ua.eu\/pl\/o-programie\/instytucje-programowe\/instytucja-krajowa\/\">Instytucja krajowa<\/a><\/li><li class=\"wp-block-pages-list__item\"><a class=\"wp-block-pages-list__item__link\" href=\"https:\/\/pl-ua.eu\/pl\/o-programie\/instytucje-programowe\/grupa-audytorow\/\">Grupa Audytor\u00f3w<\/a><\/li><li class=\"wp-block-pages-list__item\"><a class=\"wp-block-pages-list__item__link\" href=\"https:\/\/pl-ua.eu\/pl\/o-programie\/instytucje-programowe\/wspolny-sekretariat\/\">Wsp\u00f3lny Sekretariat<\/a><\/li><li class=\"wp-block-pages-list__item\"><a class=\"wp-block-pages-list__item__link\" href=\"https:\/\/pl-ua.eu\/pl\/o-programie\/instytucje-programowe\/kontrolerzy\/\">Kontrolerzy<\/a><\/li><\/ul>","protected":false},"excerpt":{"rendered":"<p>Weryfikuj\u0105 wydatki partner\u00f3w projektu. Dla polskich partner\u00f3w projekt\u00f3w: Z wojew\u00f3dztwa podlaskiego: Podlaski Urz\u0105d Wojew\u00f3dzki w Bia\u0142ymstokuul. Mickiewicza 315-213 Bia\u0142ystokPolskae-mail: awrobel@bialystok.uw.gov.ple-mail: bkurant@bialystok.uw.gov.ple-mail: aklukowska@bialystok.uw.gov.ple-mail: kmatys@bialystok.uw.gov.ple-mail: rkucharczyk@bialystok.uw.gov.pltel. +48 85 743 92 87tel. +48 85 743 92 20tel. +48 85 743 92 63 Z wojew\u00f3dztw lubelskiego i mazowieckiego: Centrum Projekt\u00f3w EuropejskichWydzia\u0142 Kontroliul. Pu\u0142awska 18002-670 WarszawaPolskae-mail: intnextplua@cpe.gov.pltel. +48 22 378 [&hellip;]<\/p>\n","protected":false},"author":1,"featured_media":0,"parent":24942,"menu_order":7,"comment_status":"closed","ping_status":"closed","template":"page-templates\/template-content-center.php","meta":{"_acf_changed":false,"inline_featured_image":false,"_themeisle_gutenberg_block_has_review":false,"footnotes":"","_links_to":"","_links_to_target":""},"class_list":["post-34546","page","type-page","status-publish","hentry"],"acf":[],"publishpress_future_action":{"enabled":false,"date":"2026-04-11 07:46:05","action":"change-status","newStatus":"draft","terms":[],"taxonomy":"translation_priority","extraData":[]},"publishpress_future_workflow_manual_trigger":{"enabledWorkflows":[]},"_links":{"self":[{"href":"https:\/\/pl-ua.eu\/pl\/wp-json\/wp\/v2\/pages\/34546","targetHints":{"allow":["GET"]}}],"collection":[{"href":"https:\/\/pl-ua.eu\/pl\/wp-json\/wp\/v2\/pages"}],"about":[{"href":"https:\/\/pl-ua.eu\/pl\/wp-json\/wp\/v2\/types\/page"}],"author":[{"embeddable":true,"href":"https:\/\/pl-ua.eu\/pl\/wp-json\/wp\/v2\/users\/1"}],"replies":[{"embeddable":true,"href":"https:\/\/pl-ua.eu\/pl\/wp-json\/wp\/v2\/comments?post=34546"}],"version-history":[{"count":6,"href":"https:\/\/pl-ua.eu\/pl\/wp-json\/wp\/v2\/pages\/34546\/revisions"}],"predecessor-version":[{"id":41004,"href":"https:\/\/pl-ua.eu\/pl\/wp-json\/wp\/v2\/pages\/34546\/revisions\/41004"}],"up":[{"embeddable":true,"href":"https:\/\/pl-ua.eu\/pl\/wp-json\/wp\/v2\/pages\/24942"}],"wp:attachment":[{"href":"https:\/\/pl-ua.eu\/pl\/wp-json\/wp\/v2\/media?parent=34546"}],"curies":[{"name":"wp","href":"https:\/\/api.w.org\/{rel}","templated":true}]}}