{"id":39700,"date":"2025-07-28T09:26:33","date_gmt":"2025-07-28T07:26:33","guid":{"rendered":"https:\/\/pl-ua.eu\/?page_id=39700"},"modified":"2026-04-01T15:12:57","modified_gmt":"2026-04-01T13:12:57","slug":"fmp","status":"publish","type":"page","link":"https:\/\/pl-ua.eu\/pl\/o-programie\/fmp\/","title":{"rendered":"Fundusze Ma\u0142ych Projekt\u00f3w"},"content":{"rendered":"\n<p><\/p>\n\n\n\n<p>Fundusze Ma\u0142ych Projekt\u00f3w (FMP) maj\u0105 na celu wspieranie inicjatyw oddolnych, transfer innowacyjnych rozwi\u0105za\u0144, dzia\u0142ania promuj\u0105ce r\u00f3\u017cnorodno\u015b\u0107 kulturow\u0105, rozw\u00f3j spo\u0142eczno\u015bci lokalnych, a tak\u017ce poprawiaj\u0105ce gospodarowanie odpadami i zwi\u0119kszanie \u015bwiadomo\u015bci mieszka\u0144c\u00f3w w tym zakresie. W Programie przewidziane s\u0105 2 takie Fundusze:<\/p>\n\n\n<ul class=\"subpages-list__btns wp-block-page-list\"><li class=\"wp-block-pages-list__item\"><a class=\"wp-block-pages-list__item__link\" href=\"https:\/\/pl-ua.eu\/pl\/o-programie\/fmp\/srodowisko-crosseco\/\">\u015aRODOWISKO &#8211; CrossEco<\/a><\/li><li class=\"wp-block-pages-list__item\"><a class=\"wp-block-pages-list__item__link\" href=\"https:\/\/pl-ua.eu\/pl\/o-programie\/fmp\/wspolpraca-smallcbb\/\">WSP\u00d3\u0141PRACA &#8211; SmallCBB<\/a><\/li><\/ul>\n\n\n<p><\/p>\n","protected":false},"excerpt":{"rendered":"<p>Fundusze Ma\u0142ych Projekt\u00f3w (FMP) maj\u0105 na celu wspieranie inicjatyw oddolnych, transfer innowacyjnych rozwi\u0105za\u0144, dzia\u0142ania promuj\u0105ce r\u00f3\u017cnorodno\u015b\u0107 kulturow\u0105, rozw\u00f3j spo\u0142eczno\u015bci lokalnych, a tak\u017ce poprawiaj\u0105ce gospodarowanie odpadami i zwi\u0119kszanie \u015bwiadomo\u015bci mieszka\u0144c\u00f3w w tym zakresie. W Programie przewidziane s\u0105 2 takie Fundusze:<\/p>\n","protected":false},"author":25,"featured_media":38578,"parent":24943,"menu_order":5,"comment_status":"closed","ping_status":"closed","template":"","meta":{"_acf_changed":false,"inline_featured_image":false,"_themeisle_gutenberg_block_has_review":false,"footnotes":"","_links_to":"","_links_to_target":""},"class_list":["post-39700","page","type-page","status-publish","has-post-thumbnail","hentry"],"acf":[],"publishpress_future_action":{"enabled":false,"date":"2026-04-30 20:03:03","action":"change-status","newStatus":"draft","terms":[],"taxonomy":"translation_priority","extraData":[]},"publishpress_future_workflow_manual_trigger":{"enabledWorkflows":[]},"_links":{"self":[{"href":"https:\/\/pl-ua.eu\/pl\/wp-json\/wp\/v2\/pages\/39700","targetHints":{"allow":["GET"]}}],"collection":[{"href":"https:\/\/pl-ua.eu\/pl\/wp-json\/wp\/v2\/pages"}],"about":[{"href":"https:\/\/pl-ua.eu\/pl\/wp-json\/wp\/v2\/types\/page"}],"author":[{"embeddable":true,"href":"https:\/\/pl-ua.eu\/pl\/wp-json\/wp\/v2\/users\/25"}],"replies":[{"embeddable":true,"href":"https:\/\/pl-ua.eu\/pl\/wp-json\/wp\/v2\/comments?post=39700"}],"version-history":[{"count":67,"href":"https:\/\/pl-ua.eu\/pl\/wp-json\/wp\/v2\/pages\/39700\/revisions"}],"predecessor-version":[{"id":44795,"href":"https:\/\/pl-ua.eu\/pl\/wp-json\/wp\/v2\/pages\/39700\/revisions\/44795"}],"up":[{"embeddable":true,"href":"https:\/\/pl-ua.eu\/pl\/wp-json\/wp\/v2\/pages\/24943"}],"wp:featuredmedia":[{"embeddable":true,"href":"https:\/\/pl-ua.eu\/pl\/wp-json\/wp\/v2\/media\/38578"}],"wp:attachment":[{"href":"https:\/\/pl-ua.eu\/pl\/wp-json\/wp\/v2\/media?parent=39700"}],"curies":[{"name":"wp","href":"https:\/\/api.w.org\/{rel}","templated":true}]}}