{"id":40580,"date":"2025-03-05T15:38:35","date_gmt":"2025-03-05T13:38:35","guid":{"rendered":"https:\/\/pl-ua.eu\/?page_id=40580"},"modified":"2026-04-07T12:29:01","modified_gmt":"2026-04-07T10:29:01","slug":"interregpl-ua2028-2034","status":"publish","type":"page","link":"https:\/\/pl-ua.eu\/pl\/o-programie\/interregpl-ua2028-2034\/","title":{"rendered":"Interreg PL-UA 2028-2034"},"content":{"rendered":"\n<p>Trwaj\u0105 przygotowania do nowej edycji Programu, kt\u00f3re uwzgl\u0119dniaj\u0105 zar\u00f3wno kierunki wyznaczone przez Komisj\u0119 Europejsk\u0105, ustalenia powo\u0142anych grup roboczych, jak r\u00f3wnie\u017c odwo\u0142uj\u0105 si\u0119 do szeroko prowadzonych konsultacji spo\u0142ecznych.<\/p>\n\n\n\n<ul class=\"wp-block-list\">\n<li>2024 \u2013 szerokie konsultacje spo\u0142eczne dotycz\u0105ce przysz\u0142o\u015bci Programu i kierunk\u00f3w wsp\u00f3\u0142pracy na polsko-ukrai\u0144skim i polsko-bia\u0142oruskim pograniczu. Konsultacje by\u0142y prowadzone za po\u015brednictwem ankiety online oraz podczas 10 spotka\u0144 z&nbsp;interesariuszami (instytucje i&nbsp;organizacje) z&nbsp;ca\u0142ego obszaru Programu. W\u015br\u00f3d przysz\u0142ych kierunk\u00f3w wsp\u00f3\u0142pracy transgranicznej wymienianych zar\u00f3wno przez mieszka\u0144c\u00f3w, jak i&nbsp;interesariuszy najcz\u0119\u015bciej pojawia\u0142y si\u0119:<br>\n<ul class=\"wp-block-list\">\n<li>ochrona \u015brodowiska,<\/li>\n\n\n\n<li>rozw\u00f3j turystyki,<\/li>\n\n\n\n<li>bezpiecze\u0144stwo granic,<\/li>\n\n\n\n<li>rozw\u00f3j\/promocja nowych technologii,<\/li>\n\n\n\n<li>infrastruktura drogowa.<\/li>\n<\/ul>\n<\/li>\n<\/ul>\n\n\n\n<p><a href=\"https:\/\/pl-ua.eu\/wp-content\/uploads\/2025\/08\/1.-Consultation-on-Interreg-post-2027-Poland-Ukraine-final-report.pdf\"><strong>Consultation on Interreg post-2027 \u2013 Report<\/strong>\u00a0<strong>on future cross-border cooperation on the PL-UA and PL-BY borderlands<\/strong><\/a> (raport w j\u0119zyku angielskim)<\/p>\n\n\n\n<ol class=\"wp-block-list\">\n<li><a href=\"https:\/\/pl-ua.eu\/wp-content\/uploads\/2025\/08\/Annex-1.-Projects-known-by-citizens.pdf\">Annex 1. Projects known by citizens<\/a><\/li>\n\n\n\n<li><a href=\"https:\/\/pl-ua.eu\/wp-content\/uploads\/2025\/08\/2.-Post27-10-reports-from-consultation-meetings-Poland-Ukraine-1.zip\">Post27 \u2013 10 reports from consultation meetings<\/a><\/li>\n<\/ol>\n\n\n\n<ul class=\"wp-block-list\">\n<li>2025 \u2013 Komisja Europejska publikuje propozycje rozporz\u0105dze\u0144 na perspektyw\u0119 finansow\u0105 2028\u20132034.<br><\/li>\n\n\n\n<li>2026 \u2013 powo\u0142anie grupy roboczej ds. opracowania nowego Programu.<\/li>\n<\/ul>\n","protected":false},"excerpt":{"rendered":"<p>Trwaj\u0105 przygotowania do nowej edycji Programu, kt\u00f3re uwzgl\u0119dniaj\u0105 zar\u00f3wno kierunki wyznaczone przez Komisj\u0119 Europejsk\u0105, ustalenia powo\u0142anych grup roboczych, jak r\u00f3wnie\u017c odwo\u0142uj\u0105 si\u0119 do szeroko prowadzonych konsultacji spo\u0142ecznych. Consultation on Interreg post-2027 \u2013 Report\u00a0on future cross-border cooperation on the PL-UA and PL-BY borderlands (raport w j\u0119zyku angielskim)<\/p>\n","protected":false},"author":25,"featured_media":34692,"parent":24943,"menu_order":9,"comment_status":"closed","ping_status":"closed","template":"","meta":{"_acf_changed":false,"inline_featured_image":false,"_themeisle_gutenberg_block_has_review":false,"footnotes":"","_links_to":"","_links_to_target":""},"class_list":["post-40580","page","type-page","status-publish","has-post-thumbnail","hentry"],"acf":[],"publishpress_future_action":{"enabled":false,"date":"2026-05-06 06:13:39","action":"change-status","newStatus":"draft","terms":[],"taxonomy":"translation_priority","extraData":[]},"publishpress_future_workflow_manual_trigger":{"enabledWorkflows":[]},"_links":{"self":[{"href":"https:\/\/pl-ua.eu\/pl\/wp-json\/wp\/v2\/pages\/40580","targetHints":{"allow":["GET"]}}],"collection":[{"href":"https:\/\/pl-ua.eu\/pl\/wp-json\/wp\/v2\/pages"}],"about":[{"href":"https:\/\/pl-ua.eu\/pl\/wp-json\/wp\/v2\/types\/page"}],"author":[{"embeddable":true,"href":"https:\/\/pl-ua.eu\/pl\/wp-json\/wp\/v2\/users\/25"}],"replies":[{"embeddable":true,"href":"https:\/\/pl-ua.eu\/pl\/wp-json\/wp\/v2\/comments?post=40580"}],"version-history":[{"count":6,"href":"https:\/\/pl-ua.eu\/pl\/wp-json\/wp\/v2\/pages\/40580\/revisions"}],"predecessor-version":[{"id":44756,"href":"https:\/\/pl-ua.eu\/pl\/wp-json\/wp\/v2\/pages\/40580\/revisions\/44756"}],"up":[{"embeddable":true,"href":"https:\/\/pl-ua.eu\/pl\/wp-json\/wp\/v2\/pages\/24943"}],"wp:featuredmedia":[{"embeddable":true,"href":"https:\/\/pl-ua.eu\/pl\/wp-json\/wp\/v2\/media\/34692"}],"wp:attachment":[{"href":"https:\/\/pl-ua.eu\/pl\/wp-json\/wp\/v2\/media?parent=40580"}],"curies":[{"name":"wp","href":"https:\/\/api.w.org\/{rel}","templated":true}]}}