{"id":41237,"date":"2025-09-17T13:31:52","date_gmt":"2025-09-17T11:31:52","guid":{"rendered":"https:\/\/pl-ua.eu\/?page_id=41237"},"modified":"2026-01-13T09:43:33","modified_gmt":"2026-01-13T07:43:33","slug":"konkursy","status":"publish","type":"page","link":"https:\/\/pl-ua.eu\/pl\/konkursy\/","title":{"rendered":"Konkursy"},"content":{"rendered":"\n<p>Serdecznie zapraszamy do wzi\u0119cia udzia\u0142u w konkursach organizowanych przez Program. &nbsp;<br>Konkursy skierowane s\u0105 do wszystkich ch\u0119tnych, a ka\u017cdy znajdzie dla siebie interesuj\u0105c\u0105 tematyk\u0119.<\/p>\n\n\n\n<hr class=\"wp-block-separator has-alpha-channel-opacity\"\/>\n\n\n\n<div style=\"height:18px\" aria-hidden=\"true\" class=\"wp-block-spacer\"><\/div>\n\n\n\n<ul class=\"wp-block-list\">\n<li><strong>KONKURS FOTOGRAFICZNY<\/strong><\/li>\n<\/ul>\n\n\n\n<div class=\"wp-block-group is-nowrap is-layout-flex wp-container-core-group-is-layout-ad2f72ca wp-block-group-is-layout-flex\">\n<figure class=\"wp-block-table\"><table class=\"has-fixed-layout\"><tbody><tr><td><\/td><td><strong>Odkryj pi\u0119kno region\u00f3w Programu PL-UA&nbsp;<\/strong><\/td><\/tr><tr><td><img loading=\"lazy\" decoding=\"async\" width=\"150\" height=\"37\" class=\"wp-image-40028\" style=\"width: 150px;\" src=\"https:\/\/pl-ua.eu\/wp-content\/uploads\/2025\/07\/1_98.png\" alt=\"\"><\/td><td>21.07 \u2013 31.10.2025<\/td><\/tr><tr><td><img loading=\"lazy\" decoding=\"async\" width=\"150\" height=\"37\" class=\"wp-image-40026\" style=\"width: 150px;\" src=\"https:\/\/pl-ua.eu\/wp-content\/uploads\/2025\/07\/1_98-kopia-2.png\" alt=\"\"><\/td><td><strong>Dwie kategorie<\/strong><br>1\/ Pi\u0119kno natury (fauna i flora obszaru obj\u0119tego Programem PL-UA)<br>2\/ Wok\u00f3\u0142 projekt\u00f3w PL-UA<\/td><\/tr><tr><td><img loading=\"lazy\" decoding=\"async\" width=\"150\" height=\"37\" class=\"wp-image-41262\" style=\"width: 150px;\" src=\"https:\/\/pl-ua.eu\/wp-content\/uploads\/2025\/09\/IKONY_98-kopia-9.png\" alt=\"\" srcset=\"https:\/\/pl-ua.eu\/wp-content\/uploads\/2025\/09\/IKONY_98-kopia-9.png 376w, https:\/\/pl-ua.eu\/wp-content\/uploads\/2025\/09\/IKONY_98-kopia-9-300x74.png 300w\" sizes=\"auto, (max-width: 150px) 100vw, 150px\" \/><\/td><td>Dost\u0119pny pod linkiem <strong><a href=\"https:\/\/pl-ua.eu\/wp-content\/uploads\/2025\/08\/Odkryj-piekno-regionow-Programu-PL-UA_Rules_PL_final.pdf\">TUTAJ<\/a><\/strong><\/td><\/tr><tr><td><img loading=\"lazy\" decoding=\"async\" width=\"150\" height=\"37\" class=\"wp-image-41264\" style=\"width: 150px;\" src=\"https:\/\/pl-ua.eu\/wp-content\/uploads\/2025\/09\/23_98-kopia-10.png\" alt=\"\" srcset=\"https:\/\/pl-ua.eu\/wp-content\/uploads\/2025\/09\/23_98-kopia-10.png 376w, https:\/\/pl-ua.eu\/wp-content\/uploads\/2025\/09\/23_98-kopia-10-300x74.png 300w\" sizes=\"auto, (max-width: 150px) 100vw, 150px\" \/><\/td><td>Dost\u0119pny pod linkiem <strong><a href=\"https:\/\/docs.google.com\/forms\/d\/e\/1FAIpQLSdujYaJVvzYVe7sDva300UvRHns23ZNZ2-DpPfU2NpvGQG56w\/viewform?usp=header\" target=\"_blank\" rel=\"noreferrer noopener nofollow\">TUTAJ<\/a><\/strong><\/td><\/tr><\/tbody><\/table><\/figure>\n<\/div>\n\n\n\n<div style=\"height:25px\" aria-hidden=\"true\" class=\"wp-block-spacer\"><\/div>\n\n\n\n<ul class=\"wp-block-list\">\n<li><strong>CEL KONKURSU<\/strong><\/li>\n<\/ul>\n\n\n\n<p>Chcemy przypomnie\u0107 jak pi\u0119kna, r\u00f3\u017cnorodna i dziewicza jest przyroda obszaru obj\u0119tego Programem, podkre\u015bli\u0107 bogactwo jej fauny i flory. Do udzia\u0142u w tej inicjatywie zapraszamy zar\u00f3wno profesjonalnych fotograf\u00f3w, jak i fotoamator\u00f3w.<\/p>\n\n\n\n<p>Nadrz\u0119dny cel konkursu pozostaje niezmienny \u2013 chcemy promowa\u0107 bogactwo, r\u00f3\u017cnorodno\u015b\u0107 i walory przyrody, a tak\u017ce pokazywa\u0107 pierwsze efekty projekt\u00f3w realizowanych w ramach Programu. Chcemy zach\u0119ci\u0107 innych do poznania projekt\u00f3w PL-UA i docenienia pi\u0119kna polsko-ukrai\u0144skiego obszaru obj\u0119tego Programem.<\/p>\n\n\n\n<p><a href=\"https:\/\/pl-ua.eu\/pl\/odkryj-piekno-regionow-programu-pl-ua-konkurs-fotograficzny\/\">Odkryj pi\u0119kno region\u00f3w Programu PL-UA&nbsp;\u2013 konkurs fotograficzny<\/a><\/p>\n\n\n\n<div style=\"height:25px\" aria-hidden=\"true\" class=\"wp-block-spacer\"><\/div>\n\n\n\n<ul class=\"wp-block-list\">\n<li><strong>ZWYCI\u0118ZCY KONKURSU<\/strong><\/li>\n<\/ul>\n\n\n\n<p><a href=\"https:\/\/pl-ua.eu\/pl\/winners-of-the-discover-the-uniqueness-of-the-pl-ua-programme-regions-contest\/\">Zwyci\u0119zcy konkursu \u201eOdkryj pi\u0119kno region\u00f3w Programu PL-UA\u201d<\/a><\/p>\n\n\n\n<hr class=\"wp-block-separator has-alpha-channel-opacity\"\/>\n\n\n\n<div style=\"height:59px\" aria-hidden=\"true\" class=\"wp-block-spacer\"><\/div>\n\n\n\n<ul class=\"wp-block-list\">\n<li><strong>KONKURS NA ZADANIE DLA DZIECI I M\u0141ODZIE\u017bY<\/strong><\/li>\n<\/ul>\n\n\n\n<div class=\"wp-block-group is-nowrap is-layout-flex wp-container-core-group-is-layout-ad2f72ca wp-block-group-is-layout-flex\">\n<figure class=\"wp-block-table\"><table class=\"has-fixed-layout\"><tbody><tr><td><\/td><td><strong>Nasze podw\u00f3rko&nbsp;<\/strong><\/td><\/tr><tr><td><img loading=\"lazy\" decoding=\"async\" width=\"150\" height=\"37\" class=\"wp-image-40028\" style=\"width: 150px;\" src=\"https:\/\/pl-ua.eu\/wp-content\/uploads\/2025\/07\/1_98.png\" alt=\"\"><\/td><td>06.10 \u2013 30.11.2025<\/td><\/tr><tr><td><img loading=\"lazy\" decoding=\"async\" width=\"150\" height=\"37\" class=\"wp-image-40026\" style=\"width: 150px;\" src=\"https:\/\/pl-ua.eu\/wp-content\/uploads\/2025\/07\/1_98-kopia-2.png\" alt=\"\"><\/td><td>Zadanie konkursowe to ZREALIZOWANY PROJEKT, kt\u00f3ry polega na: <br><strong>1. Znalezieniu zaniedbanego obszaru zielonego<\/strong>: zapomniany przydomowy ogr\u00f3dek, trawnik\/ rabata przed szko\u0142\u0105, jaki\u015b obszar zielony w drodze do szko\u0142y, itp. <br><strong>2. Poddaniu go rewitalizacji.<\/strong><\/td><\/tr><tr><td><img loading=\"lazy\" decoding=\"async\" width=\"150\" height=\"37\" class=\"wp-image-41262\" style=\"width: 150px;\" src=\"https:\/\/pl-ua.eu\/wp-content\/uploads\/2025\/09\/IKONY_98-kopia-9.png\" alt=\"\" srcset=\"https:\/\/pl-ua.eu\/wp-content\/uploads\/2025\/09\/IKONY_98-kopia-9.png 376w, https:\/\/pl-ua.eu\/wp-content\/uploads\/2025\/09\/IKONY_98-kopia-9-300x74.png 300w\" sizes=\"auto, (max-width: 150px) 100vw, 150px\" \/><\/td><td>Dost\u0119pny pod linkiem<a href=\"https:\/\/pl-ua.eu\/wp-content\/uploads\/2025\/10\/Nasze-podworko-PL-UA_Rules_PL_final_v.pdf\"> <strong>TUTAJ<\/strong><\/a><\/td><\/tr><tr><td><img loading=\"lazy\" decoding=\"async\" width=\"150\" height=\"37\" class=\"wp-image-41264\" style=\"width: 150px;\" src=\"https:\/\/pl-ua.eu\/wp-content\/uploads\/2025\/09\/23_98-kopia-10.png\" alt=\"\" srcset=\"https:\/\/pl-ua.eu\/wp-content\/uploads\/2025\/09\/23_98-kopia-10.png 376w, https:\/\/pl-ua.eu\/wp-content\/uploads\/2025\/09\/23_98-kopia-10-300x74.png 300w\" sizes=\"auto, (max-width: 150px) 100vw, 150px\" \/><\/td><td>Dost\u0119pny pod linkiem <strong><a href=\"https:\/\/docs.google.com\/forms\/d\/e\/1FAIpQLSeNLEbrRl2GCZYoZq_eugZ6Soa9bRo_QVF8O76mFznI58IZvg\/viewform\" rel=\"nofollow noopener\" target=\"_blank\">TUTAJ<\/a><\/strong><\/td><\/tr><\/tbody><\/table><\/figure>\n<\/div>\n\n\n\n<div style=\"height:30px\" aria-hidden=\"true\" class=\"wp-block-spacer\"><\/div>\n\n\n\n<ul class=\"wp-block-list\">\n<li><strong>CEL KONKURSU<\/strong><\/li>\n<\/ul>\n\n\n\n<p>Jeste\u015bmy cz\u0119\u015bci\u0105 natury, z niej si\u0119 wywodzimy, otacza nas, a kontakt z ni\u0105 jest bezcenny. Trzeba j\u0105 szanowa\u0107, rozwa\u017cnie korzysta\u0107 z jej zasob\u00f3w i chroni\u0107. Najlepiej zacz\u0105\u0107 ju\u017c teraz, nie czeka\u0107 na inicjatyw\u0119 innych, tylko samemu wzi\u0105\u0107 sprawy w swoje r\u0119ce i da\u0107 dobry przyk\u0142ad. To mo\u017ce by\u0107 ma\u0142e dzia\u0142anie, takie, kt\u00f3re kiedy\u015b by\u0107 mo\u017ce przerodzi si\u0119 w co\u015b powa\u017cniejszego.<\/p>\n\n\n\n<p>Cel konkursu to ochrona przyrody, dba\u0142o\u015b\u0107 o bior\u00f3\u017cnorodno\u015b\u0107 i estetyk\u0119 w najbli\u017cszym otoczeniu.<\/p>\n\n\n\n<p><a href=\"https:\/\/pl-ua.eu\/pl\/nasze-podworko-konkurs-na-projekt-dla-dzieci-i-mlodziezy\/\">Nasze podw\u00f3rko \u2013 konkurs na projekt dla dzieci i m\u0142odzie\u017cy<\/a><\/p>\n\n\n\n<div style=\"height:25px\" aria-hidden=\"true\" class=\"wp-block-spacer\"><\/div>\n\n\n\n<ul class=\"wp-block-list\">\n<li><strong>ZWYCI\u0118ZCY KONKURSU<\/strong><\/li>\n<\/ul>\n\n\n\n<p><a href=\"https:\/\/pl-ua.eu\/pl\/zwyciezcy-konkursu-nasze-podworko\/\">Zwyci\u0119zcy konkursu \u201eNasze podw\u00f3rko\u201d<\/a><\/p>\n\n\n\n<hr class=\"wp-block-separator has-alpha-channel-opacity\"\/>\n\n\n\n<div style=\"height:59px\" aria-hidden=\"true\" class=\"wp-block-spacer\"><\/div>\n","protected":false},"excerpt":{"rendered":"<p>Serdecznie zapraszamy do wzi\u0119cia udzia\u0142u w konkursach organizowanych przez Program. &nbsp;Konkursy skierowane s\u0105 do wszystkich ch\u0119tnych, a ka\u017cdy znajdzie dla siebie interesuj\u0105c\u0105 tematyk\u0119. Odkryj pi\u0119kno region\u00f3w Programu PL-UA&nbsp; 21.07 \u2013 31.10.2025 Dwie kategorie1\/ Pi\u0119kno natury (fauna i flora obszaru obj\u0119tego Programem PL-UA)2\/ Wok\u00f3\u0142 projekt\u00f3w PL-UA Dost\u0119pny pod linkiem TUTAJ Dost\u0119pny pod linkiem TUTAJ Chcemy przypomnie\u0107 [&hellip;]<\/p>\n","protected":false},"author":24,"featured_media":39365,"parent":0,"menu_order":0,"comment_status":"closed","ping_status":"closed","template":"","meta":{"_acf_changed":false,"inline_featured_image":false,"_themeisle_gutenberg_block_has_review":false,"footnotes":"","_links_to":"","_links_to_target":""},"class_list":["post-41237","page","type-page","status-publish","has-post-thumbnail","hentry"],"acf":[],"publishpress_future_action":{"enabled":false,"date":"2026-04-16 01:33:07","action":"change-status","newStatus":"draft","terms":[],"taxonomy":"translation_priority","extraData":[]},"publishpress_future_workflow_manual_trigger":{"enabledWorkflows":[]},"_links":{"self":[{"href":"https:\/\/pl-ua.eu\/pl\/wp-json\/wp\/v2\/pages\/41237","targetHints":{"allow":["GET"]}}],"collection":[{"href":"https:\/\/pl-ua.eu\/pl\/wp-json\/wp\/v2\/pages"}],"about":[{"href":"https:\/\/pl-ua.eu\/pl\/wp-json\/wp\/v2\/types\/page"}],"author":[{"embeddable":true,"href":"https:\/\/pl-ua.eu\/pl\/wp-json\/wp\/v2\/users\/24"}],"replies":[{"embeddable":true,"href":"https:\/\/pl-ua.eu\/pl\/wp-json\/wp\/v2\/comments?post=41237"}],"version-history":[{"count":17,"href":"https:\/\/pl-ua.eu\/pl\/wp-json\/wp\/v2\/pages\/41237\/revisions"}],"predecessor-version":[{"id":43409,"href":"https:\/\/pl-ua.eu\/pl\/wp-json\/wp\/v2\/pages\/41237\/revisions\/43409"}],"wp:featuredmedia":[{"embeddable":true,"href":"https:\/\/pl-ua.eu\/pl\/wp-json\/wp\/v2\/media\/39365"}],"wp:attachment":[{"href":"https:\/\/pl-ua.eu\/pl\/wp-json\/wp\/v2\/media?parent=41237"}],"curies":[{"name":"wp","href":"https:\/\/api.w.org\/{rel}","templated":true}]}}