{"id":44468,"date":"2026-03-27T16:34:15","date_gmt":"2026-03-27T14:34:15","guid":{"rendered":"https:\/\/pl-ua.eu\/?page_id=44468"},"modified":"2026-04-01T13:48:37","modified_gmt":"2026-04-01T11:48:37","slug":"srodowisko-crosseco","status":"publish","type":"page","link":"https:\/\/pl-ua.eu\/pl\/o-programie\/fmp\/srodowisko-crosseco\/","title":{"rendered":"\u015aRODOWISKO &#8211; CrossEco"},"content":{"rendered":"\n<p><\/p>\n\n\n\n<figure class=\"wp-block-image size-full is-resized\"><img loading=\"lazy\" decoding=\"async\" width=\"943\" height=\"98\" src=\"https:\/\/pl-ua.eu\/wp-content\/uploads\/2025\/07\/srodo.png\" alt=\"\" class=\"wp-image-40079\" style=\"width:680px\" srcset=\"https:\/\/pl-ua.eu\/wp-content\/uploads\/2025\/07\/srodo.png 943w, https:\/\/pl-ua.eu\/wp-content\/uploads\/2025\/07\/srodo-300x31.png 300w, https:\/\/pl-ua.eu\/wp-content\/uploads\/2025\/07\/srodo-768x80.png 768w\" sizes=\"auto, (max-width: 943px) 100vw, 943px\" \/><\/figure>\n\n\n\n<h2 class=\"wp-block-heading\"><br>CrossEco: Zintegrowane rozwi\u0105zania dla wsp\u00f3lnego \u015brodowiska <br>Fundusz Ma\u0142ych Projekt\u00f3w na pograniczu polsko-ukrai\u0144skim (akronim&nbsp;<em>CrossEco<\/em>)<\/h2>\n\n\n\n<p><\/p>\n\n\n\n<p class=\"has-text-align-left\">Celem projektu&nbsp;<em>CrossEco<\/em>&nbsp;jest zwi\u0119kszenie zaanga\u017cowania mieszka\u0144c\u00f3w i instytucji w dzia\u0142ania na rzecz racjonalnego gospodarowania odpadami poprzez rozw\u00f3j wsp\u00f3\u0142pracy transgranicznej, podnoszenie \u015bwiadomo\u015bci ekologicznej oraz wdra\u017canie praktycznych rozwi\u0105za\u0144 w zakresie ograniczania, segregacji i ponownego wykorzystania odpad\u00f3w.<\/p>\n\n\n\n<p>Realizacja ma\u0142ych projekt\u00f3w transgranicznych ma umo\u017cliwi\u0107 popraw\u0119 efektywno\u015bci system\u00f3w gospodarowania odpadami oraz upowszechnianie i transfer dobrych praktyk, w tym rozwi\u0105za\u0144 zgodnych ze standardami UE.<\/p>\n\n\n\n<hr class=\"wp-block-separator has-alpha-channel-opacity\"\/>\n\n\n\n<figure class=\"wp-block-image size-large\"><img loading=\"lazy\" decoding=\"async\" width=\"1024\" height=\"100\" src=\"https:\/\/pl-ua.eu\/wp-content\/uploads\/2026\/03\/graika_1_Obszar-roboczy-1-kopia-27-1024x100.png\" alt=\"\" class=\"wp-image-44599\" srcset=\"https:\/\/pl-ua.eu\/wp-content\/uploads\/2026\/03\/graika_1_Obszar-roboczy-1-kopia-27-1024x100.png 1024w, https:\/\/pl-ua.eu\/wp-content\/uploads\/2026\/03\/graika_1_Obszar-roboczy-1-kopia-27-300x29.png 300w, https:\/\/pl-ua.eu\/wp-content\/uploads\/2026\/03\/graika_1_Obszar-roboczy-1-kopia-27-768x75.png 768w, https:\/\/pl-ua.eu\/wp-content\/uploads\/2026\/03\/graika_1_Obszar-roboczy-1-kopia-27.png 1235w\" sizes=\"auto, (max-width: 1024px) 100vw, 1024px\" \/><\/figure>\n\n\n\n<p>ul. Zamkowa 14<br>46021 Tarnopol, Ukraina<br><a href=\"www.ternopil.agency\/proyekty\/interreg\/\">www.ternopil.agency\/proyekty\/interreg<\/a> <br><br>Kontakt w sprawie FMP<br>e-mail:&nbsp;ternopil.crosseco@gmail.com <\/p>\n\n\n\n<hr class=\"wp-block-separator has-alpha-channel-opacity\"\/>\n\n\n\n<figure class=\"wp-block-image size-large\"><img loading=\"lazy\" decoding=\"async\" width=\"1024\" height=\"135\" src=\"https:\/\/pl-ua.eu\/wp-content\/uploads\/2026\/04\/graika_11-1024x135.png\" alt=\"\" class=\"wp-image-44665\" srcset=\"https:\/\/pl-ua.eu\/wp-content\/uploads\/2026\/04\/graika_11-1024x135.png 1024w, https:\/\/pl-ua.eu\/wp-content\/uploads\/2026\/04\/graika_11-300x39.png 300w, https:\/\/pl-ua.eu\/wp-content\/uploads\/2026\/04\/graika_11-768x101.png 768w, https:\/\/pl-ua.eu\/wp-content\/uploads\/2026\/04\/graika_11.png 1233w\" sizes=\"auto, (max-width: 1024px) 100vw, 1024px\" \/><\/figure>\n\n\n\n<hr class=\"wp-block-separator has-alpha-channel-opacity\"\/>\n\n\n\n<h2 class=\"wp-block-heading\">Podstawowe za\u0142o\u017cenia ma\u0142ych projekt\u00f3w<\/h2>\n\n\n\n<ul class=\"wp-block-list\">\n<li>TEMATYKA:\n<ul class=\"wp-block-list\">\n<li>wsp\u00f3lne inicjatywy na rzecz poprawy gospodarowania odpadami komunalnymi oraz zagospodarowania odpad\u00f3w resztkowych, a tak\u017ce promowanie innowacyjnych rozwi\u0105za\u0144 zwi\u0105zanych z przej\u015bciem na gospodark\u0119 o obiegu zamkni\u0119tym;<\/li>\n\n\n\n<li>promowanie racjonalnej gospodarki odpadami (ograniczanie ich powstawania, segregacja, zwi\u0119kszanie recyklingu i ponownego wykorzystania) oraz podnoszenie \u015bwiadomo\u015bci w zakresie wyzwa\u0144 \u015brodowiskowych.<\/li>\n<\/ul>\n<\/li>\n\n\n\n<li>WARTO\u015a\u0106 DOTACJI: 20 000 \u2013 90&nbsp;000 EUR<\/li>\n\n\n\n<li>DOFINANSOWANIE: do 90% kwalifikowalnych wydatk\u00f3w<\/li>\n\n\n\n<li>CZAS TRWANIA: maksymalnie 12 miesi\u0119cy<\/li>\n\n\n\n<li>ZASADY PARTNERSTWA: co najmniej jeden partner z Polski i jeden partner z Ukrainy<\/li>\n\n\n\n<li>INSTYTUCJE KWALIFIKOWANE: jednostki samorz\u0105du terytorialnego, jednostki im podleg\u0142e oraz organizacje pozarz\u0105dowe posiadaj\u0105ce osobowo\u015b\u0107 prawn\u0105<\/li>\n\n\n\n<li>ZAKRES GEOGRAFICZNY \u2013 ca\u0142y obszar Programu, tj.:<br><strong>Polska<\/strong>&nbsp;\u2013 wojew\u00f3dztwa: podlaskie, mazowieckie (podregiony: ostro\u0142\u0119cki i siedlecki), lubelskie, podkarpackie<br><strong>Ukraina<\/strong>&nbsp;\u2013 obwody: lwowski, wo\u0142y\u0144ski, zakarpacki, r\u00f3wie\u0144ski, tarnopolski i iwanofrankiwski<\/li>\n<\/ul>\n\n\n\n<h2 class=\"wp-block-heading\">Nabory na ma\u0142e projekty<\/h2>\n\n\n\n<p>W I po\u0142owie 2026 r. planowany jest nab\u00f3r o kt\u00f3rym b\u0119dziemy informowali na&nbsp;<a href=\"https:\/\/ternopil.agency\/proyekty\/interreg\/\" rel=\"noreferrer noopener nofollow\" target=\"_blank\">stronie Operatora<\/a>, stronie Programu w&nbsp;<a href=\"https:\/\/pl-ua.eu\/pl\/aktualnosci\/\">zak\u0142adce aktualno\u015bci<\/a>, w dedykowanej FMP zak\u0142adce oraz na&nbsp;<a href=\"https:\/\/www.facebook.com\/InterregPLUA\" rel=\"noreferrer noopener nofollow\" target=\"_blank\">profilu Programu na Facebooku<\/a>.<\/p>\n\n\n\n<p>Wi\u0119cej o projekcie mo\u017cna przeczyta\u0107&nbsp;<a href=\"https:\/\/pl-ua.eu\/pl\/projekty-i-historie\/crosseco\/\">TUTAJ<\/a>.<\/p>\n\n\n\n<hr class=\"wp-block-separator has-alpha-channel-opacity\"\/>\n","protected":false},"excerpt":{"rendered":"<p>CrossEco: Zintegrowane rozwi\u0105zania dla wsp\u00f3lnego \u015brodowiska Fundusz Ma\u0142ych Projekt\u00f3w na pograniczu polsko-ukrai\u0144skim (akronim&nbsp;CrossEco) Celem projektu&nbsp;CrossEco&nbsp;jest zwi\u0119kszenie zaanga\u017cowania mieszka\u0144c\u00f3w i instytucji w dzia\u0142ania na rzecz racjonalnego gospodarowania odpadami poprzez rozw\u00f3j wsp\u00f3\u0142pracy transgranicznej, podnoszenie \u015bwiadomo\u015bci ekologicznej oraz wdra\u017canie praktycznych rozwi\u0105za\u0144 w zakresie ograniczania, segregacji i ponownego wykorzystania odpad\u00f3w. Realizacja ma\u0142ych projekt\u00f3w transgranicznych ma umo\u017cliwi\u0107 popraw\u0119 efektywno\u015bci system\u00f3w [&hellip;]<\/p>\n","protected":false},"author":25,"featured_media":0,"parent":39700,"menu_order":2,"comment_status":"closed","ping_status":"closed","template":"page-templates\/template-content-center.php","meta":{"_acf_changed":false,"inline_featured_image":false,"_themeisle_gutenberg_block_has_review":false,"footnotes":"","_links_to":"","_links_to_target":""},"class_list":["post-44468","page","type-page","status-publish","hentry"],"acf":[],"publishpress_future_action":{"enabled":false,"date":"2026-04-30 21:46:25","action":"change-status","newStatus":"draft","terms":[],"taxonomy":"translation_priority","extraData":[]},"publishpress_future_workflow_manual_trigger":{"enabledWorkflows":[]},"_links":{"self":[{"href":"https:\/\/pl-ua.eu\/pl\/wp-json\/wp\/v2\/pages\/44468","targetHints":{"allow":["GET"]}}],"collection":[{"href":"https:\/\/pl-ua.eu\/pl\/wp-json\/wp\/v2\/pages"}],"about":[{"href":"https:\/\/pl-ua.eu\/pl\/wp-json\/wp\/v2\/types\/page"}],"author":[{"embeddable":true,"href":"https:\/\/pl-ua.eu\/pl\/wp-json\/wp\/v2\/users\/25"}],"replies":[{"embeddable":true,"href":"https:\/\/pl-ua.eu\/pl\/wp-json\/wp\/v2\/comments?post=44468"}],"version-history":[{"count":8,"href":"https:\/\/pl-ua.eu\/pl\/wp-json\/wp\/v2\/pages\/44468\/revisions"}],"predecessor-version":[{"id":44667,"href":"https:\/\/pl-ua.eu\/pl\/wp-json\/wp\/v2\/pages\/44468\/revisions\/44667"}],"up":[{"embeddable":true,"href":"https:\/\/pl-ua.eu\/pl\/wp-json\/wp\/v2\/pages\/39700"}],"wp:attachment":[{"href":"https:\/\/pl-ua.eu\/pl\/wp-json\/wp\/v2\/media?parent=44468"}],"curies":[{"name":"wp","href":"https:\/\/api.w.org\/{rel}","templated":true}]}}