{"id":44503,"date":"2026-03-27T17:55:34","date_gmt":"2026-03-27T15:55:34","guid":{"rendered":"https:\/\/pl-ua.eu\/?page_id=44503"},"modified":"2026-04-08T14:38:15","modified_gmt":"2026-04-08T12:38:15","slug":"wspolpraca-smallcbb","status":"publish","type":"page","link":"https:\/\/pl-ua.eu\/pl\/o-programie\/fmp\/wspolpraca-smallcbb\/","title":{"rendered":"WSP\u00d3\u0141PRACA &#8211; SmallCBB"},"content":{"rendered":"\n<figure class=\"wp-block-image size-full is-resized\"><img loading=\"lazy\" decoding=\"async\" width=\"1197\" height=\"98\" src=\"https:\/\/pl-ua.eu\/wp-content\/uploads\/2025\/07\/prio.png\" alt=\"\" class=\"wp-image-40055\" style=\"width:835px\" srcset=\"https:\/\/pl-ua.eu\/wp-content\/uploads\/2025\/07\/prio.png 1197w, https:\/\/pl-ua.eu\/wp-content\/uploads\/2025\/07\/prio-300x25.png 300w, https:\/\/pl-ua.eu\/wp-content\/uploads\/2025\/07\/prio-1024x84.png 1024w, https:\/\/pl-ua.eu\/wp-content\/uploads\/2025\/07\/prio-768x63.png 768w\" sizes=\"auto, (max-width: 1197px) 100vw, 1197px\" \/><\/figure>\n\n\n\n<h2 class=\"wp-block-heading\"><strong>Wsp\u00f3\u0142praca ponad granicami \u2013 Fundusz Ma\u0142ych Projekt\u00f3w na pograniczu polsko-ukrai\u0144skim (akronim&nbsp;<em><a href=\"https:\/\/pl-ua.eu\/pl\/projekty-i-historie\/smallcbb\/\">SmallCBB<\/a><\/em>)<\/strong><\/h2>\n\n\n\n<p class=\"has-text-align-left\">Celem projektu <em>SmallCBB<\/em> jest budowanie wzajemnego zaufania oraz wspieranie wsp\u00f3\u0142pracy mieszka\u0144c\u00f3w i instytucji po obu stronach granicy poprzez realizacj\u0119 ma\u0142ych projekt\u00f3w. Projekt przewiduje organizacj\u0119 trzech nabor\u00f3w na ma\u0142e projekty oraz szeroki zakres dzia\u0142a\u0144 informacyjnych i szkoleniowych skierowanych do potencjalnych wnioskodawc\u00f3w.<\/p>\n\n\n\n<hr class=\"wp-block-separator has-alpha-channel-opacity\"\/>\n\n\n\n<figure class=\"wp-block-image size-large\"><img loading=\"lazy\" decoding=\"async\" width=\"1024\" height=\"91\" src=\"https:\/\/pl-ua.eu\/wp-content\/uploads\/2026\/04\/FMPPL_0PERATOR_PL-1024x91.png\" alt=\"\" class=\"wp-image-44790\" srcset=\"https:\/\/pl-ua.eu\/wp-content\/uploads\/2026\/04\/FMPPL_0PERATOR_PL-1024x91.png 1024w, https:\/\/pl-ua.eu\/wp-content\/uploads\/2026\/04\/FMPPL_0PERATOR_PL-300x27.png 300w, https:\/\/pl-ua.eu\/wp-content\/uploads\/2026\/04\/FMPPL_0PERATOR_PL-768x68.png 768w, https:\/\/pl-ua.eu\/wp-content\/uploads\/2026\/04\/FMPPL_0PERATOR_PL.png 1366w\" sizes=\"auto, (max-width: 1024px) 100vw, 1024px\" \/><\/figure>\n\n\n\n<p><strong>Stowarzyszenie Euroregion Karpacki<\/strong><br>pl. Jana Kili\u0144skiego 2<br>35-005 Rzesz\u00f3w<br><a href=\"https:\/\/www.karpacki.pl\/\" rel=\"nofollow noopener\" target=\"_blank\">www.karpacki.pl<\/a><\/p>\n\n\n\n<p><\/p>\n\n\n\n<p>Osoba do kontaktu w sprawie FMP<br><strong>\u0141ukasz Grabowski<\/strong><br>e-mail:&nbsp;<a href=\"mailto:lgrabowski@karpacki.pl\">lgrabowski@karpacki.pl<\/a><br>tel. +48 452-163-624; +48 17 852-52-05<\/p>\n\n\n\n<hr class=\"wp-block-separator has-alpha-channel-opacity\"\/>\n\n\n\n<figure class=\"wp-block-image size-large\"><img loading=\"lazy\" decoding=\"async\" width=\"1024\" height=\"123\" src=\"https:\/\/pl-ua.eu\/wp-content\/uploads\/2026\/04\/FMP_BUDZET_PL-1-1024x123.png\" alt=\"\" class=\"wp-image-44789\" srcset=\"https:\/\/pl-ua.eu\/wp-content\/uploads\/2026\/04\/FMP_BUDZET_PL-1-1024x123.png 1024w, https:\/\/pl-ua.eu\/wp-content\/uploads\/2026\/04\/FMP_BUDZET_PL-1-300x36.png 300w, https:\/\/pl-ua.eu\/wp-content\/uploads\/2026\/04\/FMP_BUDZET_PL-1-768x93.png 768w, https:\/\/pl-ua.eu\/wp-content\/uploads\/2026\/04\/FMP_BUDZET_PL-1.png 1361w\" sizes=\"auto, (max-width: 1024px) 100vw, 1024px\" \/><\/figure>\n\n\n\n<hr class=\"wp-block-separator has-alpha-channel-opacity\"\/>\n\n\n\n<h2 class=\"wp-block-heading\"><strong>Podstawowe za\u0142o\u017cenia ma\u0142ych projekt\u00f3w<\/strong><\/h2>\n\n\n\n<ul class=\"wp-block-list\">\n<li>TEMATYKA: kultura, edukacja, zdrowie i bezpiecze\u0144stwo<\/li>\n\n\n\n<li>WARTO\u015a\u0106 DOTACJI: 20 000 \u2013 90&nbsp;000 EUR<\/li>\n\n\n\n<li>DOFINANSOWANIE: do 90% kwalifikowalnych wydatk\u00f3w<\/li>\n\n\n\n<li>CZAS TRWANIA: maksymalnie 12 miesi\u0119cy<\/li>\n\n\n\n<li>ZASADY PARTNERSTWA: co najmniej jeden partner z Polski i jeden partner z Ukrainy<\/li>\n\n\n\n<li>INSTYTUCJE KWALIFIKOWANE: jednostki samorz\u0105du terytorialnego, jednostki im podleg\u0142e oraz organizacje pozarz\u0105dowe posiadaj\u0105ce osobowo\u015b\u0107 prawn\u0105<\/li>\n\n\n\n<li>ZAKRES GEOGRAFICZNY \u2013 ca\u0142y obszar Programu, tj.:<br><strong>Polska<\/strong> \u2013 wojew\u00f3dztwa: podlaskie, mazowieckie (podregiony: ostro\u0142\u0119cki i siedlecki), lubelskie, podkarpackie<br><strong>Ukraina<\/strong> \u2013 obwody: lwowski, wo\u0142y\u0144ski, zakarpacki, r\u00f3wie\u0144ski, tarnopolski i iwanofrankiwski<\/li>\n<\/ul>\n\n\n\n<h2 class=\"wp-block-heading\"><strong>Nabory na ma\u0142e projekty <\/strong><\/h2>\n\n\n\n<div style=\"height:10px\" aria-hidden=\"true\" class=\"wp-block-spacer\"><\/div>\n\n\n\n<div class=\"wp-block-group is-nowrap is-layout-flex wp-container-core-group-is-layout-ad2f72ca wp-block-group-is-layout-flex\">\n<figure class=\"wp-block-table\"><table class=\"has-fixed-layout\"><tbody><tr><td><\/td><td><strong>I nab\u00f3r<\/strong><\/td><td><strong>II nab\u00f3r<\/strong><\/td><\/tr><tr><td><img loading=\"lazy\" decoding=\"async\" width=\"150\" height=\"37\" class=\"wp-image-40028\" style=\"width: 150px;\" src=\"https:\/\/pl-ua.eu\/wp-content\/uploads\/2025\/07\/1_98.png\" alt=\"\"><\/td><td>29.07 \u2013 24.10.2025<\/td><td>Planowany w II kwartale 2026 r.<\/td><\/tr><tr><td><img loading=\"lazy\" decoding=\"async\" width=\"150\" height=\"37\" class=\"wp-image-40027\" style=\"width: 150px;\" src=\"https:\/\/pl-ua.eu\/wp-content\/uploads\/2025\/07\/1_98-kopia.png\" alt=\"\"><\/td><td>2 mln EUR<\/td><td>2 mln EUR<\/td><\/tr><\/tbody><\/table><\/figure>\n<\/div>\n\n\n\n<div style=\"height:35px\" aria-hidden=\"true\" class=\"wp-block-spacer\"><\/div>\n\n\n\n<p>W dniu 24 pa\u017adziernika 2025 r. zako\u0144czy\u0142 si\u0119&nbsp;<strong>I nab\u00f3r wniosk\u00f3w o dofinansowanie&nbsp;ma\u0142ych projekt\u00f3w<\/strong>&nbsp;w ramach&nbsp;priorytetu&nbsp;WSP\u00d3\u0141PRACA. W naborze wp\u0142yn\u0119\u0142o <strong>126 wniosk\u00f3w<\/strong> o \u0142\u0105cznej warto\u015bci dofinansowania <strong>przekraczaj\u0105cej 9,6 mln EUR<\/strong>. Poni\u017cej prezentujemy podzia\u0142 wniosk\u00f3w ze wzgl\u0119du na regiony, w kt\u00f3rych zosta\u0142y z\u0142o\u017cone.<\/p>\n\n\n\n<figure class=\"wp-block-image size-full is-resized\"><img loading=\"lazy\" decoding=\"async\" width=\"411\" height=\"399\" src=\"https:\/\/pl-ua.eu\/wp-content\/uploads\/2025\/11\/grafika_nabor_Obszar-roboczy-1.png\" alt=\"\" class=\"wp-image-42188\" style=\"width:313px;height:auto\" srcset=\"https:\/\/pl-ua.eu\/wp-content\/uploads\/2025\/11\/grafika_nabor_Obszar-roboczy-1.png 411w, https:\/\/pl-ua.eu\/wp-content\/uploads\/2025\/11\/grafika_nabor_Obszar-roboczy-1-300x291.png 300w\" sizes=\"auto, (max-width: 411px) 100vw, 411px\" \/><\/figure>\n\n\n\n<p>W I naborze wzi\u0119\u0142o udzia\u0142 <strong>281 instytucji<\/strong>, z czego 137 z Polski i 144 z Ukrainy. Najwi\u0119kszym zainteresowaniem wykaza\u0142y si\u0119 jednostki samorz\u0105du terytorialnego (JST), tu\u017c za nimi uplasowa\u0142y si\u0119 organizacje pozarz\u0105dowe (NGO). Rozk\u0142ad typ\u00f3w instytucji prezentuje si\u0119 nast\u0119puj\u0105co:<\/p>\n\n\n\n<figure class=\"wp-block-image size-full is-resized\"><img loading=\"lazy\" decoding=\"async\" width=\"411\" height=\"193\" src=\"https:\/\/pl-ua.eu\/wp-content\/uploads\/2025\/11\/grafika_nabor_Obszar-roboczy-1-kopia.png\" alt=\"\" class=\"wp-image-42187\" style=\"width:327px;height:auto\" srcset=\"https:\/\/pl-ua.eu\/wp-content\/uploads\/2025\/11\/grafika_nabor_Obszar-roboczy-1-kopia.png 411w, https:\/\/pl-ua.eu\/wp-content\/uploads\/2025\/11\/grafika_nabor_Obszar-roboczy-1-kopia-300x141.png 300w\" sizes=\"auto, (max-width: 411px) 100vw, 411px\" \/><\/figure>\n\n\n\n<p>W najbli\u017cszym czasie rozpocznie si\u0119&nbsp;proces oceny formalnej i merytorycznej&nbsp;z\u0142o\u017conych wniosk\u00f3w, kt\u00f3ry potrwa do ko\u0144ca II kwarta\u0142u 2026 roku.<\/p>\n\n\n\n<hr class=\"wp-block-separator has-alpha-channel-opacity\"\/>\n\n\n\n<p>W II kwartale 2026 r. planowany jest r\u00f3wnie\u017c II nab\u00f3r o kt\u00f3rym b\u0119dziemy informowali na&nbsp;<a href=\"https:\/\/plua-karpacki.pl\/nabory\/\" rel=\"nofollow noopener\" target=\"_blank\">stronie Operatora<\/a>, stronie Programu w&nbsp;<a href=\"https:\/\/pl-ua.eu\/pl\/aktualnosci\/\">zak\u0142adce aktualno\u015bci<\/a>, w dedykowanej FMP zak\u0142adce oraz na&nbsp;<a href=\"https:\/\/www.facebook.com\/InterregPLUA\" target=\"_blank\" rel=\"noreferrer noopener nofollow\">profilu Programu na Facebooku<\/a>.<\/p>\n\n\n\n<p>Wi\u0119cej o projekcie mo\u017cna przeczyta\u0107&nbsp;<a href=\"https:\/\/pl-ua.eu\/pl\/projekty-i-historie\/smallcbb\/\">TUTAJ<\/a>.<\/p>\n\n\n\n<p><\/p>\n","protected":false},"excerpt":{"rendered":"<p>Wsp\u00f3\u0142praca ponad granicami \u2013 Fundusz Ma\u0142ych Projekt\u00f3w na pograniczu polsko-ukrai\u0144skim (akronim&nbsp;SmallCBB) Celem projektu SmallCBB jest budowanie wzajemnego zaufania oraz wspieranie wsp\u00f3\u0142pracy mieszka\u0144c\u00f3w i instytucji po obu stronach granicy poprzez realizacj\u0119 ma\u0142ych projekt\u00f3w. Projekt przewiduje organizacj\u0119 trzech nabor\u00f3w na ma\u0142e projekty oraz szeroki zakres dzia\u0142a\u0144 informacyjnych i szkoleniowych skierowanych do potencjalnych wnioskodawc\u00f3w. Stowarzyszenie Euroregion Karpackipl. Jana [&hellip;]<\/p>\n","protected":false},"author":25,"featured_media":0,"parent":39700,"menu_order":2,"comment_status":"closed","ping_status":"closed","template":"page-templates\/template-content-center.php","meta":{"_acf_changed":false,"inline_featured_image":false,"_themeisle_gutenberg_block_has_review":false,"footnotes":"","_links_to":"","_links_to_target":""},"class_list":["post-44503","page","type-page","status-publish","hentry"],"acf":[],"publishpress_future_action":{"enabled":false,"date":"2026-04-30 21:52:07","action":"change-status","newStatus":"draft","terms":[],"taxonomy":"translation_priority","extraData":[]},"publishpress_future_workflow_manual_trigger":{"enabledWorkflows":[]},"_links":{"self":[{"href":"https:\/\/pl-ua.eu\/pl\/wp-json\/wp\/v2\/pages\/44503","targetHints":{"allow":["GET"]}}],"collection":[{"href":"https:\/\/pl-ua.eu\/pl\/wp-json\/wp\/v2\/pages"}],"about":[{"href":"https:\/\/pl-ua.eu\/pl\/wp-json\/wp\/v2\/types\/page"}],"author":[{"embeddable":true,"href":"https:\/\/pl-ua.eu\/pl\/wp-json\/wp\/v2\/users\/25"}],"replies":[{"embeddable":true,"href":"https:\/\/pl-ua.eu\/pl\/wp-json\/wp\/v2\/comments?post=44503"}],"version-history":[{"count":9,"href":"https:\/\/pl-ua.eu\/pl\/wp-json\/wp\/v2\/pages\/44503\/revisions"}],"predecessor-version":[{"id":44859,"href":"https:\/\/pl-ua.eu\/pl\/wp-json\/wp\/v2\/pages\/44503\/revisions\/44859"}],"up":[{"embeddable":true,"href":"https:\/\/pl-ua.eu\/pl\/wp-json\/wp\/v2\/pages\/39700"}],"wp:attachment":[{"href":"https:\/\/pl-ua.eu\/pl\/wp-json\/wp\/v2\/media?parent=44503"}],"curies":[{"name":"wp","href":"https:\/\/api.w.org\/{rel}","templated":true}]}}