{"id":7111,"date":"2023-10-10T06:57:05","date_gmt":"2023-10-10T06:57:05","guid":{"rendered":"https:\/\/pl-ua.eu\/?page_id=7111"},"modified":"2026-03-31T16:29:05","modified_gmt":"2026-03-31T14:29:05","slug":"deklaracja-dostepnosci","status":"publish","type":"page","link":"https:\/\/pl-ua.eu\/pl\/deklaracja-dostepnosci\/","title":{"rendered":"Deklaracja dost\u0119pno\u015bci"},"content":{"rendered":"\n<p id=\"a11y-data-publikacja\"><\/p>\n\n\n\n<p>Deklaracja Dost\u0119pno\u015bci wykonana zosta\u0142a na podstawie art. 12 pkt 7 ustawy z dnia 4 kwietnia 2019 r. o dost\u0119pno\u015bci cyfrowej stron internetowych i aplikacji mobilnych podmiot\u00f3w publicznych (Dz. U. poz. 848), dalej zwanej \u201eustaw\u0105 o dost\u0119pno\u015bci cyfrowej\u201d w zwi\u0105zku z wdro\u017ceniem WCAG 2.2 na stron\u0119:&nbsp;<a href=\"https:\/\/pl-ua.eu\/pl\/\">https:\/\/pl-ua.eu\/<\/a><\/p>\n\n\n\n<p>Celem publikacji Deklaracji Dost\u0119pno\u015bci jest umo\u017cliwienie zapoznania si\u0119 z informacjami dotycz\u0105cymi dost\u0119pno\u015bci Programu Interreg NEXT Polska \u2013 Ukraina 2021-2027.<\/p>\n\n\n\n<p>Deklaracja dost\u0119pno\u015bci spe\u0142nia wymagania zawarte w art. 5 ustawy o dost\u0119pno\u015bci cyfrowej i jest w pe\u0142ni dost\u0119pna cyfrowo.<\/p>\n\n\n\n<hr class=\"wp-block-separator has-alpha-channel-opacity\"\/>\n\n\n\n<h2 class=\"wp-block-heading\">Wst\u0119p<\/h2>\n\n\n\n<p>Program Interreg NEXT Polska \u2013 Ukraina &nbsp;zobowi\u0105zuje si\u0119 zapewni\u0107 dost\u0119pno\u015b\u0107 swojej strony internetowej zgodnie z przepisami ustawy z dnia 4 kwietnia 2019 r. o dost\u0119pno\u015bci cyfrowej stron internetowych i aplikacji mobilnych podmiot\u00f3w publicznych. O\u015bwiadczenie w sprawie dost\u0119pno\u015bci ma zastosowanie do strony internetowej&nbsp;<a href=\"https:\/\/pl-ua.eu\/pl\/\">https:\/\/pl-ua.eu\/<\/a><\/p>\n\n\n\n<hr class=\"wp-block-separator has-alpha-channel-opacity\"\/>\n\n\n\n<h2 class=\"wp-block-heading\">Daty publikacji i aktualizacja<\/h2>\n\n\n\n<p>Data publikacji strony internetowej:&nbsp;<strong>29.05.2025<\/strong><br>Data ostatniej istotnej aktualizacji:&nbsp;<strong>29.05.2025<\/strong><br>Data sporz\u0105dzenia deklaracji:&nbsp;<strong>29.05.2025<\/strong><\/p>\n\n\n\n<p>Data ostatniego przegl\u0105du deklaracji:&nbsp;<strong>31.03.2026<\/strong><\/p>\n\n\n\n<hr class=\"wp-block-separator has-alpha-channel-opacity\"\/>\n\n\n\n<h2 class=\"wp-block-heading\" id=\"a11y-status\">Status pod wzgl\u0119dem zgodno\u015bci z ustaw\u0105<\/h2>\n\n\n\n<p id=\"a11y-status\">Strona internetowa&nbsp;jest cz\u0119\u015bciowo zgodna&nbsp;z ustaw\u0105 z dnia 4 kwietnia 2019 r. o dost\u0119pno\u015bci cyfrowej stron internetowych i aplikacji mobilnych podmiot\u00f3w publicznych.<\/p>\n\n\n\n<p>Zosta\u0142y spe\u0142nione cz\u0119\u015bciowo kryteria dost\u0119pu zgodne z ustaw\u0105:<\/p>\n\n\n\n<ul class=\"wp-block-list\">\n<li>mog\u0105 zdarzy\u0107 si\u0119 sytuacje, \u017ce pomimo stara\u0144 redaktor\u00f3w Portalu, pewne dokumenty opublikowane na stronie s\u0105 niedost\u0119pne z uwagi na fakt, \u017ce:\n<ul class=\"wp-block-list\">\n<li>pochodz\u0105 z r\u00f3\u017cnych \u017ar\u00f3de\u0142,<\/li>\n\n\n\n<li>s\u0105 bardzo obszerne, a ich wytworzenie odbywa\u0142o si\u0119 w kilku kom\u00f3rkach organizacyjnych, co uniemo\u017cliwia\u0142o wp\u0142yw na ich docelow\u0105 tre\u015b\u0107 oraz kszta\u0142t,<\/li>\n\n\n\n<li>opublikowane zosta\u0142y w oparciu o zasady przyj\u0119te w innej instytucji,<\/li>\n\n\n\n<li>opublikowane zosta\u0142y przed wej\u015bciem w \u017cycie ustawy o dost\u0119pno\u015bci cyfrowej,<\/li>\n<\/ul>\n<\/li>\n\n\n\n<li>filmy nie posiadaj\u0105 napis\u00f3w, t\u0142umaczenia na polski j\u0119zyk migowy, audiodeskrypcji lub transkrypcji.<\/li>\n<\/ul>\n\n\n\n<p>Wszystkie inne zewn\u0119trzne podmioty, niezale\u017cne prawnie, organizacyjnie i technicznie, kt\u00f3rych strony internetowe lub tre\u015bci mog\u0105 by\u0107 powi\u0105zane z witryn\u0105 programu wsp\u00f3\u0142pracy INTERREG Polska \u2013 Ukraina 2021-2027 lub odwo\u0142uj\u0105 si\u0119 do programu wsp\u00f3\u0142pracy Polska \u2013 Ukraina 2021-2027, s\u0105 odpowiedzialne za w\u0142asn\u0105 zawarto\u015b\u0107 jako ich operatorzy i nie s\u0105 obj\u0119te niniejsz\u0105 deklaracj\u0105.<\/p>\n\n\n\n<hr class=\"wp-block-separator has-alpha-channel-opacity\"\/>\n\n\n\n<h2 class=\"wp-block-heading\">Data deklaracji oraz metoda oceny cyfrowej dost\u0119pno\u015bci<\/h2>\n\n\n\n<p id=\"a11y-data-sporzadzenie\">Deklaracja zosta\u0142a sporz\u0105dzona: 29.05.2025<\/p>\n\n\n\n<p><em>Deklaracj\u0119 sporz\u0105dzono na podstawie badania przeprowadzonego przez podmiot zewn\u0119trzny:<\/em><\/p>\n\n\n\n<p id=\"a11y-audytor\"><strong>Nfinity.pl Sp. z o.o. ul. Wandy 7\/4, 53-320 Wroc\u0142aw<\/strong><br><strong>NIP: 8992651436, KRS:0000312911, REGON: 020819316<\/strong><\/p>\n\n\n\n<hr class=\"wp-block-separator has-alpha-channel-opacity\"\/>\n\n\n\n<h2 class=\"wp-block-heading\">Skr\u00f3ty klawiszowe<\/h2>\n\n\n\n<p>Na stronie internetowej mo\u017cna korzysta\u0107 ze standardowych skr\u00f3t\u00f3w klawiszowych przegl\u0105darki.<\/p>\n\n\n\n<hr class=\"wp-block-separator has-alpha-channel-opacity\"\/>\n\n\n\n<h2 class=\"wp-block-heading\" id=\"a11y-kontakt\">Informacje zwrotne i dane kontaktowe<\/h2>\n\n\n\n<p>W przypadku problem\u00f3w z dost\u0119pno\u015bci\u0105 strony internetowej prosimy o kontakt.<br>Osoby\u00a0kontaktowe:\u00a0Agnieszka \u0106wik\u0142a, adres email:\u00a0<a href=\"mailto:agnieszka.cwikla@pl-ua.eu\">agnieszka.cwikla@pl-ua.eu<\/a><br>Kontaktowa\u0107 mo\u017cna si\u0119 tak\u017ce dzwoni\u0105c na numer telefonu\u00a0+ 48 782 110 277.<br>T\u0105 sam\u0105 drog\u0105 mo\u017cna sk\u0142ada\u0107 wnioski o udost\u0119pnienie informacji niedost\u0119pnej oraz sk\u0142ada\u0107 \u017c\u0105dania zapewnienia dost\u0119pno\u015bci.<\/p>\n\n\n\n<hr class=\"wp-block-separator has-alpha-channel-opacity\"\/>\n\n\n\n<h2 class=\"wp-block-heading\">Informacje na temat procedury<\/h2>\n\n\n\n<p>Ka\u017cdy ma prawo do wyst\u0105pienia z \u017c\u0105daniem zapewnienia dost\u0119pno\u015bci cyfrowej strony internetowej, aplikacji mobilnej lub ich elementu. Mo\u017cna tak\u017ce za\u017c\u0105da\u0107 udost\u0119pnienia informacji za pomoc\u0105 alternatywnego sposobu dost\u0119pu, na przyk\u0142ad przez odczytanie niedost\u0119pnego cyfrowo dokumentu, opisanie zawarto\u015bci filmu bez audiodeskrypcji itp. \u017b\u0105danie powinno zawiera\u0107 dane osoby zg\u0142aszaj\u0105cej \u017c\u0105danie, wskazanie, o kt\u00f3r\u0105 stron\u0119 internetow\u0105 lub aplikacj\u0119 mobiln\u0105 chodzi oraz spos\u00f3b kontaktu. Je\u017celi osoba \u017c\u0105daj\u0105ca zg\u0142asza potrzeb\u0119 otrzymania informacji za pomoc\u0105 alternatywnego sposobu dost\u0119pu, powinna tak\u017ce okre\u015bli\u0107 dogodny dla niej spos\u00f3b przedstawienia tej informacji. Program Interreg NEXT Polska \u2013 Ukraina powinien zrealizowa\u0107 \u017c\u0105danie niezw\u0142ocznie, nie p\u00f3\u017aniej ni\u017c w ci\u0105gu 7 dni od dnia wyst\u0105pienia z \u017c\u0105daniem. Je\u017celi dotrzymanie tego terminu nie jest mo\u017cliwe, Program Interreg NEXT Polska \u2013 Ukraina niezw\u0142ocznie informuje o tym wnosz\u0105cego \u017c\u0105danie, kiedy realizacja \u017c\u0105dania b\u0119dzie mo\u017cliwa, przy czym termin ten nie mo\u017ce by\u0107 d\u0142u\u017cszy ni\u017c 2 miesi\u0105ce od dnia wyst\u0105pienia z \u017c\u0105daniem. Je\u017celi zapewnienie dost\u0119pno\u015bci cyfrowej nie jest mo\u017cliwe, Program Interreg NEXT Polska\u2013 Ukraina mo\u017ce zaproponowa\u0107 alternatywny spos\u00f3b dost\u0119pu do informacji. W przypadku, gdy Program Interreg NEXT Polska \u2013 Ukraina odm\u00f3wi realizacji \u017c\u0105dania zapewnienia dost\u0119pno\u015bci lub alternatywnego sposobu dost\u0119pu do informacji, wnosz\u0105cy \u017c\u0105danie mo\u017cne z\u0142o\u017cy\u0107 skarg\u0119 w sprawie zapewniana dost\u0119pno\u015bci cyfrowej strony internetowej, aplikacji mobilnej lub elementu strony internetowej, lub aplikacji mobilnej.<\/p>\n\n\n\n<p>Po wyczerpaniu wskazanej wy\u017cej procedury mo\u017cna tak\u017ce z\u0142o\u017cy\u0107 wniosek do Rzecznika Praw Obywatelskich na stronie&nbsp;<a href=\"https:\/\/www.rpo.gov.pl\/\" rel=\"noreferrer noopener nofollow\" target=\"_blank\">https:\/\/www.rpo.gov.pl\/<\/a><\/p>\n\n\n\n<hr class=\"wp-block-separator has-alpha-channel-opacity\"\/>\n\n\n\n<h2 class=\"wp-block-heading\" id=\"a11y-architektura\">Dost\u0119pno\u015b\u0107 architektoniczna<\/h2>\n\n\n\n<p>Budynek w kt\u00f3rym znajduje si\u0119 biuro Wsp\u00f3lnego Sekretariatu Programu Interreg NEXT Polska\u2013 Ukraina znajduj\u0105cy si\u0119 w Warszawie przy ul. Pu\u0142awskiej 180 zosta\u0142 przystosowany do u\u017cytkowania przez osoby z niepe\u0142nosprawno\u015bciami.<\/p>\n\n\n\n<p>Do budynku prowadz\u0105 dwa wej\u015bcia g\u0142\u00f3wne prowadz\u0105ce do pomieszcze\u0144 na VII pi\u0119trze, jedno wej\u015bcie od ul. Domaniewskiej, drugie od ulicy Pu\u0142awskiej. Wej\u015bcie do budynku od ulicy Domaniewskiej znajduje si\u0119 na poziomie gruntu. Wej\u015bcie od ul. Pu\u0142awskiej umo\u017cliwia podjazd dla os\u00f3b poruszaj\u0105cych si\u0119 na w\u00f3zku. Bezpo\u015brednio za drzwiami g\u0142\u00f3wnymi znajduje si\u0119 hol recepcji. Wej\u015bcie techniczne (pe\u0142ni\u0105ce r\u00f3wnie\u017c rol\u0119 wyj\u015bcia ewakuacyjnego) znajduje si\u0119 w przeciwleg\u0142ym kra\u0144cu bry\u0142y budynku, od strony ul. Domaniewskiej.<\/p>\n\n\n\n<p>Do budynku osoba z niepe\u0142nosprawno\u015bci\u0105 ruchow\u0105 mo\u017ce wej\u015b\u0107\/wjecha\u0107 na w\u00f3zku w asy\u015bcie osoby towarzysz\u0105cej lub ochrony czy pracownika recepcji. Aby ochrona lub pracownik recepcji pomog\u0142y osobie z niepe\u0142nosprawno\u015bci\u0105 ruchow\u0105 wej\u015b\u0107\/wjecha\u0107 w\u00f3zkiem do budynku nale\u017cy zadzwoni\u0107 domofonem do recepcji lub ochrony &#8211; domofon przy wej\u015bciu g\u0142\u00f3wnym od strony ul. Domaniewskiej i przy wej\u015bciu technicznym s\u0105 odpowiednio oznaczone. Drzwi wej\u015bciowe obrotowe od strony ul. Domaniewskiej i Pu\u0142awskiej s\u0105 przystosowane do mo\u017cliwo\u015bci przejazdu w\u00f3zkiem poprzez zwolnienie blokady drzwi, kt\u00f3ra umo\u017cliwi bezpieczny przejazd. Przy drzwiach obrotowych znajduj\u0105 si\u0119 r\u00f3wnie\u017c drzwi wej\u015bciowe, przez kt\u00f3re osoba z niepe\u0142nosprawno\u015bci\u0105 mo\u017ce przejecha\u0107 w\u00f3zkiem. Ochrona budynku mo\u017ce pe\u0142ni\u0107 rol\u0119 asysty w przypadku braku obecno\u015bci osoby wspomagaj\u0105cej tzn. pomo\u017ce wjecha\u0107 w\u00f3zkiem na teren budynku, a tak\u017ce pomo\u017ce dotrze\u0107 do siedziby CPE na VII pi\u0119trze.<\/p>\n\n\n\n<p>Recepcja znajduje si\u0119 po prawej stronie lobby przy wej\u015bciu od ul. Domaniewskiej, z lewej strony przy wej\u015bciu od ul. Pu\u0142awskiej. Dalsze przej\u015bcie do obiektu zabezpieczone jest bramkami wyposa\u017conymi w kontrol\u0119 dost\u0119pu oraz samozamykacze, przez kt\u00f3re mo\u017ce przejecha\u0107 osoba poruszaj\u0105ca si\u0119 na w\u00f3zku.<\/p>\n\n\n\n<p>Budynek P180 dostosowany jest do os\u00f3b z niepe\u0142nosprawno\u015bci\u0105 ruchow\u0105. Pomieszczenia WS na VII pi\u0119trze budynku nie posiadaj\u0105 barier architektonicznych, kt\u00f3re uniemo\u017cliwi\u0142yby swobodne poruszanie si\u0119 osobie na w\u00f3zku. W budynku s\u0105 windy.<\/p>\n\n\n\n<p>Toaleta dla os\u00f3b niepe\u0142nosprawnych znajduje si\u0119 na VII pi\u0119trze, po prawej stronie po wej\u015bciu drzwiami g\u0142\u00f3wnymi, a tak\u017ce w holu lobby po prawej stronie od wej\u015bcia od ul. Pu\u0142awskiej.<\/p>\n\n\n\n<p>Do budynku i wszystkich jego pomieszcze\u0144 osoba niepe\u0142nosprawna ma prawo wst\u0119pu z psem asystuj\u0105cym i psem przewodnikiem.<\/p>\n\n\n\n<p>Przed budynkiem od strony Domaniewskiej na chodniku zosta\u0142y zamontowane p\u0142yty chodnikowe umo\u017cliwiaj\u0105ce poruszanie si\u0119 osobom niewidomym i niedowidz\u0105cym poruszaj\u0105cym si\u0119 z lask\u0105. Droga zosta\u0142a wytyczona do wej\u015bcia do stacji metra Wilanowska.<\/p>\n\n\n\n<p>W budynku winda techniczna posiada oznaczenia w alfabecie Braille&#8217;a. <br>W budynku nie ma oznacze\u0144 kontrastowych lub w druku powi\u0119kszonym dla os\u00f3b niewidomych i s\u0142abowidz\u0105cych.<\/p>\n\n\n\n<p>W budynku nie ma miejsc parkingowych przeznaczonych dla os\u00f3b z niepe\u0142nosprawno\u015bci\u0105 ruchow\u0105 ani dla matek z dzie\u0107mi. Parking znajduj\u0105cy si\u0119 przed budynkiem znajduje si\u0119 w zarz\u0105dzie Miasta Sto\u0142ecznego Warszawy. Jest to parking p\u0142atny, na kt\u00f3rym nie zosta\u0142y wyznaczone miejsca dla os\u00f3b z niepe\u0142nosprawno\u015bciami.<\/p>\n\n\n\n<p>W recepcji budynku znajduje si\u0119 urz\u0105dzenie AED (Automatyczny Defibrylator Zewn\u0119trzny). To urz\u0105dzenie, kt\u00f3re analizuje rytm pracy serce poszkodowanego i podejmuje decyzj\u0119 o tym czy konieczna jest defibrylacja.<\/p>\n\n\n\n<p>W budynku nie ma p\u0119tli indukcyjnej.<\/p>\n\n\n\n<hr class=\"wp-block-separator has-alpha-channel-opacity\"\/>\n\n\n\n<h2 class=\"wp-block-heading\">Dost\u0119pno\u015b\u0107 komunikacyjno-informacyjna<\/h2>\n\n\n\n<p>Aby skutecznie komunikowa\u0107 si\u0119 z nasz\u0105 instytucj\u0105, osoby nies\u0142ysz\u0105ce lub s\u0142abo s\u0142ysz\u0105ce mog\u0105:<\/p>\n\n\n\n<ul class=\"wp-block-list\">\n<li>napisa\u0107 pismo\/z\u0142o\u017cy\u0107 wniosek na adres: Wsp\u00f3lny Sekretariat Programu Interreg NEXT Polska \u2013 Ukraina 2021-2027, ul. Pu\u0142awska 180, 02-670 Warszawa;<\/li>\n\n\n\n<li>wys\u0142a\u0107 e-maila na adres:&nbsp;<a href=\"mailto:js@pl-ua.eu\">js@pl-ua.eu<\/a>;<\/li>\n\n\n\n<li>skontaktowa\u0107 si\u0119 telefonicznie przy pomocy osoby trzeciej na numer telefonu: + 48 22 378 31 79;<\/li>\n\n\n\n<li>skontaktowa\u0107 si\u0119 osobi\u015bcie zg\u0142aszaj\u0105c si\u0119 w siedzibie urz\u0119du w godzinach urz\u0119dowania 8:15-16:15;<\/li>\n\n\n\n<li>wys\u0142a\u0107 wiadomo\u015b\u0107 SMS\/MMS na numer telefonu: + 48 782&nbsp;110&nbsp;277.<\/li>\n<\/ul>\n\n\n\n<p>&nbsp;<\/p>\n\n\n\n<p><\/p>\n","protected":false},"excerpt":{"rendered":"<p>Deklaracja Dost\u0119pno\u015bci wykonana zosta\u0142a na podstawie art. 12 pkt 7 ustawy z dnia 4 kwietnia 2019 r. o dost\u0119pno\u015bci cyfrowej stron internetowych i aplikacji mobilnych podmiot\u00f3w publicznych (Dz. U. poz. 848), dalej zwanej \u201eustaw\u0105 o dost\u0119pno\u015bci cyfrowej\u201d w zwi\u0105zku z wdro\u017ceniem WCAG 2.2 na stron\u0119:&nbsp;https:\/\/pl-ua.eu\/ Celem publikacji Deklaracji Dost\u0119pno\u015bci jest umo\u017cliwienie zapoznania si\u0119 z informacjami [&hellip;]<\/p>\n","protected":false},"author":1,"featured_media":0,"parent":0,"menu_order":0,"comment_status":"closed","ping_status":"closed","template":"","meta":{"_acf_changed":false,"inline_featured_image":false,"_themeisle_gutenberg_block_has_review":false,"footnotes":"","_links_to":"","_links_to_target":""},"class_list":["post-7111","page","type-page","status-publish","hentry"],"acf":[],"publishpress_future_action":{"enabled":false,"date":"2026-04-11 17:59:09","action":"change-status","newStatus":"draft","terms":[],"taxonomy":"translation_priority","extraData":[]},"publishpress_future_workflow_manual_trigger":{"enabledWorkflows":[]},"_links":{"self":[{"href":"https:\/\/pl-ua.eu\/pl\/wp-json\/wp\/v2\/pages\/7111","targetHints":{"allow":["GET"]}}],"collection":[{"href":"https:\/\/pl-ua.eu\/pl\/wp-json\/wp\/v2\/pages"}],"about":[{"href":"https:\/\/pl-ua.eu\/pl\/wp-json\/wp\/v2\/types\/page"}],"author":[{"embeddable":true,"href":"https:\/\/pl-ua.eu\/pl\/wp-json\/wp\/v2\/users\/1"}],"replies":[{"embeddable":true,"href":"https:\/\/pl-ua.eu\/pl\/wp-json\/wp\/v2\/comments?post=7111"}],"version-history":[{"count":31,"href":"https:\/\/pl-ua.eu\/pl\/wp-json\/wp\/v2\/pages\/7111\/revisions"}],"predecessor-version":[{"id":44584,"href":"https:\/\/pl-ua.eu\/pl\/wp-json\/wp\/v2\/pages\/7111\/revisions\/44584"}],"wp:attachment":[{"href":"https:\/\/pl-ua.eu\/pl\/wp-json\/wp\/v2\/media?parent=7111"}],"curies":[{"name":"wp","href":"https:\/\/api.w.org\/{rel}","templated":true}]}}