{"id":7113,"date":"2023-10-10T07:01:15","date_gmt":"2023-10-10T07:01:15","guid":{"rendered":"https:\/\/pl-ua.eu\/?page_id=7113"},"modified":"2026-03-31T17:30:44","modified_gmt":"2026-03-31T15:30:44","slug":"polityka-prywatnosci","status":"publish","type":"page","link":"https:\/\/pl-ua.eu\/pl\/polityka-prywatnosci\/","title":{"rendered":"Polityka prywatno\u015bci"},"content":{"rendered":"\n<p>Niniejsza Polityka Prywatno\u015bci okre\u015bla zasady przetwarzania i ochrony danych osobowych przekazanych przez U\u017cytkownik\u00f3w w zwi\u0105zku z korzystaniem przez nich z naszej strony internetowej, zgodnie z Rozporz\u0105dzeniem Parlamentu Europejskiego i Rady (UE) 2016\/679 z dnia 27 kwietnia 2016 r. (RODO).<\/p>\n\n\n\n<h2 class=\"wp-block-heading\">1. Administrator danych osobowych<\/h2>\n\n\n\n<p>Administratorem danych osobowych U\u017cytkownik\u00f3w strony jest Centrum Projekt\u00f3w Europejskich (CPE), z siedzib\u0105 przy ulicy Pu\u0142awska 180, 02-670 Warszawa. <\/p>\n\n\n\n<h2 class=\"wp-block-heading\">2. Inspektor Ochrony Danych<\/h2>\n\n\n\n<p>Inspektorem Danych Osobowych w Centrum Projekt\u00f3w Europejskich jest Pawe\u0142 Pogorzelski. Kontakt mo\u017cliwy jest pod adresem e-mail: <strong><a href=\"mailto:iod@cpe.gov.pl\">iod@cpe.gov.pl<\/a><\/strong> lub telefonicznie +48 888 050 176<\/p>\n\n\n\n<h2 class=\"wp-block-heading\">3. &nbsp;Wsp\u00f3\u0142administrowanie<\/h2>\n\n\n\n<p>Je\u015bli odwiedzaj\u0105 Pa\u0144stwo jeden z naszych portali spo\u0142eczno\u015bciowych, ponosimy odpowiedzialno\u015b\u0107 za operacje przetwarzania danych wywo\u0142ane podczas wizyty razem z operatorem platformy medi\u00f3w spo\u0142eczno\u015bciowych.<\/p>\n\n\n\n<p>Informacje dotycz\u0105ce zasad przetwarzania danych, w tym wsp\u00f3\u0142administrowania, odbiorc\u00f3w lub kategorii odbiorc\u00f3w, a tak\u017ce okresu przechowywania\/kryteri\u00f3w ustalania okresu przechowywania znale\u017a\u0107 mo\u017cna w politykach prywatno\u015bci danego portalu spo\u0142eczno\u015bciowego. CPE nie ma wp\u0142ywu na zawarte w nich postanowienia.<\/p>\n\n\n\n<p>Mimo i\u017c dzielimy odpowiedzialno\u015b\u0107 z operatorami portali spo\u0142eczno\u015bciowych, nie mamy wp\u0142ywu na procedury przetwarzania danych na tych portalach. Dalsze informacje mo\u017cna znale\u017a\u0107 w odpowiednich przepisach dotycz\u0105cych ochrony danych poszczeg\u00f3lnych operator\u00f3w.<\/p>\n\n\n\n<h2 class=\"wp-block-heading\">4. Zakres zbieranych danych<\/h2>\n\n\n\n<p>W ramach korzystania z naszej strony internetowej mog\u0105 by\u0107 zbierane nast\u0119puj\u0105ce dane osobowe:<\/p>\n\n\n\n<ul class=\"wp-block-list\">\n<li>imi\u0119 i nazwisko,<\/li>\n\n\n\n<li>adres e-mail,<\/li>\n\n\n\n<li>numer telefonu,<\/li>\n\n\n\n<li>adres IP,<\/li>\n\n\n\n<li>inne dane, kt\u00f3re U\u017cytkownik dobrowolnie poda w formularzach kontaktowych.<\/li>\n<\/ul>\n\n\n\n<h2 class=\"wp-block-heading\">5. Cele przetwarzania danych<\/h2>\n\n\n\n<p>Dane osobowe s\u0105 przetwarzane w nast\u0119puj\u0105cych celach:<\/p>\n\n\n\n<ul class=\"wp-block-list\">\n<li>realizacja us\u0142ug oferowanych na stronie,<\/li>\n\n\n\n<li>odpowiedzi na zapytania wys\u0142ane przez U\u017cytkownik\u00f3w,<\/li>\n\n\n\n<li>analiza i statystyki dotycz\u0105ce ruchu na stronie,<\/li>\n\n\n\n<li>spe\u0142nienie obowi\u0105zk\u00f3w wynikaj\u0105cych z przepis\u00f3w prawa.<\/li>\n<\/ul>\n\n\n\n<h2 class=\"wp-block-heading\">6. Podstawa prawna przetwarzania danych<\/h2>\n\n\n\n<p>Dane osobowe przetwarzane s\u0105 zgodnie z RODO, a podstaw\u0105 prawn\u0105 przetwarzania danych mo\u017ce by\u0107:<\/p>\n\n\n\n<ul class=\"wp-block-list\">\n<li>zgoda U\u017cytkownika (art. 6 ust. 1 lit. a RODO) \u2013 np. w przypadku zg\u0142oszenia do newslettera,<\/li>\n\n\n\n<li>niezb\u0119dno\u015b\u0107 przetwarzania do wykonania umowy (art. 6 ust. 1 lit. b RODO),<\/li>\n\n\n\n<li>wype\u0142nienie obowi\u0105zk\u00f3w prawnych (art. 6 ust. 1 lit. c RODO),<\/li>\n\n\n\n<li>prawnie uzasadnione interesy administratora (art. 6 ust. 1 lit. f RODO) \u2013 np. prowadzenie marketingu bezpo\u015bredniego.<\/li>\n<\/ul>\n\n\n\n<h2 class=\"wp-block-heading\">7. Odbiorcy danych<\/h2>\n\n\n\n<p>Dane osobowe mog\u0105 by\u0107 przekazywane podmiotom przetwarzaj\u0105cym dane w naszym imieniu, takim jak:<\/p>\n\n\n\n<ul class=\"wp-block-list\">\n<li>dostawcy us\u0142ug hostingowych,<\/li>\n\n\n\n<li>firmy \u015bwiadcz\u0105ce us\u0142ugi techniczne zwi\u0105zane z obs\u0142ug\u0105 strony.<\/li>\n<\/ul>\n\n\n\n<h2 class=\"wp-block-heading\">8. Okres przechowywania danych<\/h2>\n\n\n\n<p>Dane osobowe b\u0119d\u0105 przechowywane:<\/p>\n\n\n\n<ul class=\"wp-block-list\">\n<li>tak d\u0142ugo, jak jest to niezb\u0119dne do realizacji cel\u00f3w przetwarzania, dla kt\u00f3rych zosta\u0142y zebrane,<\/li>\n\n\n\n<li>do czasu wycofania zgody na przetwarzanie, w przypadku przetwarzania na podstawie zgody.<\/li>\n<\/ul>\n\n\n\n<h2 class=\"wp-block-heading\">9. Prawa U\u017cytkownik\u00f3w w ramach RODO<\/h2>\n\n\n\n<p>Zgodnie z RODO, ka\u017cdemu U\u017cytkownikowi przys\u0142uguje:<\/p>\n\n\n\n<ul class=\"wp-block-list\">\n<li>Prawo dost\u0119pu do swoich danych osobowych<\/li>\n\n\n\n<li>Prawo do sprostowania danych<\/li>\n\n\n\n<li>Prawo do usuni\u0119cia danych (\u201eprawo do bycia zapomnianym\u201d)<\/li>\n\n\n\n<li>Prawo do ograniczenia przetwarzania danych<\/li>\n\n\n\n<li>Prawo do przenoszenia danych<\/li>\n\n\n\n<li>Prawo do wniesienia sprzeciwu wobec przetwarzania<\/li>\n\n\n\n<li>Prawo do cofni\u0119cia zgody w dowolnym momencie (je\u015bli przetwarzanie odbywa si\u0119 na podstawie zgody)<\/li>\n\n\n\n<li>Prawo do wniesienia skargi do organu nadzorczego \u2013 w Polsce jest to Prezes Urz\u0119du Ochrony Danych Osobowych (PUODO)<\/li>\n<\/ul>\n\n\n\n<h2 class=\"wp-block-heading\">10. Pliki cookies<\/h2>\n\n\n\n<p>Nasza strona u\u017cywa plik\u00f3w cookies w celu poprawy jako\u015bci \u015bwiadczonych us\u0142ug oraz w celach statystycznych. U\u017cytkownik ma mo\u017cliwo\u015b\u0107 zarz\u0105dzania ustawieniami cookies poprzez konfiguracj\u0119 swojej przegl\u0105darki.<\/p>\n\n\n\n<p>Polityka plik\u00f3w cookies serwisu www.pl-ua.eu<\/p>\n\n\n\n<h5 class=\"wp-block-heading\"><strong>Wst\u0119p<\/strong><\/h5>\n\n\n\n<p>Serwis www.pl-ua.eu u\u017cywa plik\u00f3w cookies. Poni\u017cej informujemy o korzystaniu z plik\u00f3w cookies w serwisie www.pl-ua.eu<\/p>\n\n\n\n<h5 class=\"wp-block-heading\"><strong>Czym s\u0105 pliki cookies?<\/strong><\/h5>\n\n\n\n<p>Pliki cookies to ma\u0142e fragmenty tekstu, kodu, kt\u00f3re s\u0105 wysy\u0142ane do przegl\u0105darki i kt\u00f3re przegl\u0105darka wysy\u0142a z powrotem. Niekt\u00f3re cookies s\u0105 czasem zapisywane na danym urz\u0105dzeniu podczas przegl\u0105dania serwisu www.pl-ua.eu. Istniej\u0105 r\u00f3\u017cne rodzaje plik\u00f3w cookies. Pliki cookies u\u017cywane w serwisie www.pl-ua.eu zosta\u0142y podzielone na nast\u0119puj\u0105ce kategorie:<\/p>\n\n\n\n<ul class=\"wp-block-list\">\n<li>niezb\u0119dne pliki cookies<\/li>\n\n\n\n<li>funkcjonalne<\/li>\n\n\n\n<li>analityczne<\/li>\n<\/ul>\n\n\n\n<h5 class=\"wp-block-heading\"><strong>Z jakich plik\u00f3w cookies korzystamy?<\/strong><\/h5>\n\n\n\n<p>Pliki cookies, kt\u00f3re s\u0105 niezb\u0119dne do korzystania z serwisu www.plsk.eu, s\u0142u\u017c\u0105 m.in. do zapewnienia stabilno\u015bci jego funkcjonowania (mierz\u0105 ruch i zabezpieczaj\u0105 nas przed&nbsp; przeci\u0105\u017ceniem). Te pliki cookies s\u0105 absolutnie niezb\u0119dne, aby serwis www.pl-ua.eu m\u00f3g\u0142 \u015bwiadczy\u0107 us\u0142ugi, i\/lub wy\u0142\u0105cznie w celu transmisji us\u0142ug i\/lub serwisu www.pl-ua.eu.<\/p>\n\n\n\n<p>Funkcjonalne pliki cookies \u2013 zapami\u0119tywanie wybranych preferencji dotycz\u0105cych prywatno\u015bci, wype\u0142nie\u0144 formularzy on-line, zapami\u0119tywanie ustawie\u0144 strony internetowej.<\/p>\n\n\n\n<p>Analityczne pliki cookies \u2013 pozosta\u0142e pliki cookies wykorzystujemy jednie wtedy, gdy wyrazisz na to zgod\u0119. Te pliki cookies pomagaj\u0105 nam ulepsza\u0107 i mierzy\u0107 wydajno\u015b\u0107 serwisu www.plsk.eu poprzez zbieranie i raportowanie informacji o tym, jak z niego korzystasz.<\/p>\n\n\n\n<h5 class=\"wp-block-heading\"><strong>Zgoda na stosowanie plik\u00f3w cookies<\/strong><\/h5>\n\n\n\n<p>Podczas wizyty w serwisie www.gov.pl zostanie wy\u015bwietlony komunikat informuj\u0105cy, \u017ce wykorzystuje on pliki cookies.<\/p>\n\n\n\n<h5 class=\"wp-block-heading\"><strong>Modyfikowanie ustawie\u0144 plik\u00f3w cookies<\/strong><\/h5>\n\n\n\n<p>W wi\u0119kszo\u015bci przegl\u0105darek internetowych mo\u017cna: kasowa\u0107 pliki typu cookies z twardego dysku komputera (z poziomu ustawie\u0144 przegl\u0105darki), zablokowa\u0107 wszystkie przysy\u0142ane pliki typu cookies lub ustawi\u0107 ostrze\u017cenie przed zapisaniem ich na dysku.<\/p>\n\n\n\n<p>Nale\u017cy mie\u0107 na uwadze, \u017ce zmiany ustawie\u0144 tych plik\u00f3w polegaj\u0105ce na ograniczeniu ich stosowania mog\u0105 wp\u0142yn\u0105\u0107 na niekt\u00f3re funkcjonalno\u015bci dost\u0119pne na stronach internetowych je stosuj\u0105cych.<\/p>\n\n\n\n<p>Poni\u017cej wskazujemy spos\u00f3b zmiany ustawie\u0144 cookies w najbardziej popularnych wyszukiwarkach:<\/p>\n\n\n\n<ul class=\"wp-block-list\">\n<li><strong>Google Chrome <br><\/strong>Menu &gt; Ustawienia &gt; Prywatno\u015b\u0107 i bezpiecze\u0144stwo \u2013 nale\u017cy wybra\u0107 odpowiedni\u0105 opcj\u0119.<\/li>\n\n\n\n<li><strong>Internet Explorer<br><\/strong>Menu &gt; Ustawienia &gt; Pliki cookie i uprawnienia witryny \u2013 nale\u017cy wybra\u0107 odpowiedni\u0105 opcj\u0119.<\/li>\n\n\n\n<li><strong>Mozilla Firefox<br><\/strong>Menu &gt; Preferencje &gt; Prywatno\u015b\u0107 i bezpiecze\u0144stwo &gt; Ciasteczka i dane witryn \u2013 nale\u017cy wybra\u0107 odpowiedni\u0105 opcj\u0119.<\/li>\n\n\n\n<li><strong>Opera<\/strong><br>Menu &gt; Ustawienia &gt; Prywatno\u015b\u0107 i bezpiecze\u0144stwo \u2013 nale\u017cy wybra\u0107 odpowiedni\u0105 opcj\u0119.<\/li>\n\n\n\n<li><strong>Safari<\/strong><br>Menu &gt; Preferencje &gt; Prywatno\u015b\u0107 &gt; Pliki cookies \u2013 nale\u017cy wybra\u0107 odpowiedni\u0105 opcj\u0119. 10. Zmiany Polityki Prywatno\u015bci<\/li>\n<\/ul>\n\n\n\n<p>Zastrzegamy sobie prawo do wprowadzania zmian w niniejszej Polityce Prywatno\u015bci. Wszelkie zmiany b\u0119d\u0105 publikowane na tej stronie.<\/p>\n\n\n\n<h2 class=\"wp-block-heading\">11. Zmiany Polityki Prywatno\u015bci<\/h2>\n\n\n\n<p>Zastrzegamy sobie prawo do wprowadzania zmian w niniejszej Polityce Prywatno\u015bci. Wszelkie zmiany b\u0119d\u0105 publikowane na tej stronie.<\/p>\n","protected":false},"excerpt":{"rendered":"<p>Niniejsza Polityka Prywatno\u015bci okre\u015bla zasady przetwarzania i ochrony danych osobowych przekazanych przez U\u017cytkownik\u00f3w w zwi\u0105zku z korzystaniem przez nich z naszej strony internetowej, zgodnie z Rozporz\u0105dzeniem Parlamentu Europejskiego i Rady (UE) 2016\/679 z dnia 27 kwietnia 2016 r. (RODO). 1. Administrator danych osobowych Administratorem danych osobowych U\u017cytkownik\u00f3w strony jest Centrum Projekt\u00f3w Europejskich (CPE), z siedzib\u0105 [&hellip;]<\/p>\n","protected":false},"author":1,"featured_media":0,"parent":0,"menu_order":0,"comment_status":"closed","ping_status":"closed","template":"","meta":{"_acf_changed":false,"inline_featured_image":false,"_themeisle_gutenberg_block_has_review":false,"footnotes":"","_links_to":"","_links_to_target":""},"class_list":["post-7113","page","type-page","status-publish","hentry"],"acf":[],"publishpress_future_action":{"enabled":false,"date":"2026-04-12 18:22:40","action":"change-status","newStatus":"draft","terms":[],"taxonomy":"translation_priority","extraData":[]},"publishpress_future_workflow_manual_trigger":{"enabledWorkflows":[]},"_links":{"self":[{"href":"https:\/\/pl-ua.eu\/pl\/wp-json\/wp\/v2\/pages\/7113","targetHints":{"allow":["GET"]}}],"collection":[{"href":"https:\/\/pl-ua.eu\/pl\/wp-json\/wp\/v2\/pages"}],"about":[{"href":"https:\/\/pl-ua.eu\/pl\/wp-json\/wp\/v2\/types\/page"}],"author":[{"embeddable":true,"href":"https:\/\/pl-ua.eu\/pl\/wp-json\/wp\/v2\/users\/1"}],"replies":[{"embeddable":true,"href":"https:\/\/pl-ua.eu\/pl\/wp-json\/wp\/v2\/comments?post=7113"}],"version-history":[{"count":9,"href":"https:\/\/pl-ua.eu\/pl\/wp-json\/wp\/v2\/pages\/7113\/revisions"}],"predecessor-version":[{"id":44589,"href":"https:\/\/pl-ua.eu\/pl\/wp-json\/wp\/v2\/pages\/7113\/revisions\/44589"}],"wp:attachment":[{"href":"https:\/\/pl-ua.eu\/pl\/wp-json\/wp\/v2\/media?parent=7113"}],"curies":[{"name":"wp","href":"https:\/\/api.w.org\/{rel}","templated":true}]}}