{"id":7304,"date":"2023-10-19T06:46:29","date_gmt":"2023-10-19T06:46:29","guid":{"rendered":"https:\/\/pl-ua.eu\/?page_id=7304"},"modified":"2024-12-09T13:46:54","modified_gmt":"2024-12-09T11:46:54","slug":"mapa-strony","status":"publish","type":"page","link":"https:\/\/pl-ua.eu\/pl\/mapa-strony\/","title":{"rendered":"Mapa strony"},"content":{"rendered":"<h2>Strony<\/h2><ul><li><a href=\"https:\/\/pl-ua.eu\/pl\/polityka-plikow-cookies-eu\/\">Polityka plik\u00f3w cookies (EU)<\/a><\/li><li><a href=\"https:\/\/pl-ua.eu\/pl\/deklaracja-dostepnosci\/\">Deklaracja dost\u0119pno\u015bci<\/a><\/li><li><a href=\"https:\/\/pl-ua.eu\/pl\/polityka-prywatnosci\/\">Polityka prywatno\u015bci<\/a><\/li><li><a href=\"https:\/\/pl-ua.eu\/pl\/mapa-strony\/\">Mapa strony<\/a><\/li><li><a href=\"https:\/\/pl-ua.eu\/pl\/zobacz-inne-programy\/\">Zobacz inne programy<\/a><\/li><li><a href=\"https:\/\/pl-ua.eu\/pl\/dla-partnerow-projektow\/\">Dla partner\u00f3w projekt\u00f3w<\/a><ul><li><a href=\"https:\/\/pl-ua.eu\/pl\/dla-partnerow-projektow\/duze-projekty-infrastrukturalne\/\">Du\u017ce Projekty Infrastrukturalne<\/a><\/li><li><a href=\"https:\/\/pl-ua.eu\/pl\/dla-partnerow-projektow\/projekty-regularne\/\">Projekty regularne<\/a><\/li><li><a href=\"https:\/\/pl-ua.eu\/pl\/dla-partnerow-projektow\/fundusze-malych-projektow\/\">Fundusz Ma\u0142ych Projekt\u00f3w<\/a><\/li><li><a href=\"https:\/\/pl-ua.eu\/pl\/dla-partnerow-projektow\/promocja-projektu\/\">Komunikacja i wizualizacja<\/a><\/li><li><a href=\"https:\/\/pl-ua.eu\/pl\/dla-partnerow-projektow\/cst-sl2021\/\">CST \/ SL2021<\/a><\/li><li><a href=\"https:\/\/pl-ua.eu\/pl\/dla-partnerow-projektow\/pomoc-publiczna-pomoc-de-minimis\/\">Pomoc publiczna \/ pomoc de minimis<\/a><\/li><li><a href=\"https:\/\/pl-ua.eu\/pl\/dla-partnerow-projektow\/nieprawidlowosci\/\">Nieprawid\u0142owo\u015bci<\/a><\/li><li><a href=\"https:\/\/pl-ua.eu\/pl\/dla-partnerow-projektow\/pytania-i-odpowiedzi\/\">Pytania i odpowiedzi<\/a><\/li><li><a href=\"https:\/\/pl-ua.eu\/pl\/dla-partnerow-projektow\/szukaj-partnerow\/\">Szukaj partner\u00f3w<\/a><ul><li><a href=\"https:\/\/pl-ua.eu\/pl\/dla-partnerow-projektow\/szukaj-partnerow\/rejestracja-partnera\/\">Rejestracja partnera<\/a><\/li><li><a href=\"https:\/\/pl-ua.eu\/pl\/dla-partnerow-projektow\/szukaj-partnerow\/wyszukiwarka-partnerow\/\">Wyszukiwarka partner\u00f3w<\/a><\/li><\/ul><\/li><\/ul><\/li><li><a href=\"https:\/\/pl-ua.eu\/pl\/baza-projektow\/\">Baza projekt\u00f3w<\/a><\/li><li><a href=\"https:\/\/pl-ua.eu\/pl\/biblioteka\/\">Biblioteka<\/a><\/li><li><a href=\"https:\/\/pl-ua.eu\/pl\/o-programie\/\">O Programie<\/a><ul><li><a href=\"https:\/\/pl-ua.eu\/pl\/o-programie\/glowne-zalozenia-programu\/\">G\u0142\u00f3wne za\u0142o\u017cenia Programu<\/a><\/li><li><a href=\"https:\/\/pl-ua.eu\/pl\/o-programie\/dokumenty\/\">Dokumenty<\/a><\/li><li><a href=\"https:\/\/pl-ua.eu\/pl\/o-programie\/instytucje-programowe\/\">Instytucje Programowe<\/a><ul><li><a href=\"https:\/\/pl-ua.eu\/pl\/o-programie\/instytucje-programowe\/komitet-monitorujacy\/\">Komitet Monitoruj\u0105cy<\/a><\/li><li><a href=\"https:\/\/pl-ua.eu\/pl\/o-programie\/instytucje-programowe\/instytucja-zarzadzajaca\/\">Instytucja zarz\u0105dzaj\u0105ca<\/a><\/li><li><a href=\"https:\/\/pl-ua.eu\/pl\/o-programie\/instytucje-programowe\/instytucja-krajowa\/\">Instytucja krajowa<\/a><\/li><li><a href=\"https:\/\/pl-ua.eu\/pl\/o-programie\/instytucje-programowe\/instytucja-audytowa\/\">Instytucja audytowa<\/a><\/li><li><a href=\"https:\/\/pl-ua.eu\/pl\/o-programie\/instytucje-programowe\/grupa-audytorow\/\">Grupa Audytor\u00f3w<\/a><\/li><li><a href=\"https:\/\/pl-ua.eu\/pl\/o-programie\/instytucje-programowe\/wspolny-sekretariat\/\">Wsp\u00f3lny Sekretariat<\/a><\/li><li><a href=\"https:\/\/pl-ua.eu\/pl\/o-programie\/instytucje-programowe\/kontrolerzy\/\">Kontrolerzy<\/a><\/li><\/ul><\/li><li><a href=\"https:\/\/pl-ua.eu\/pl\/o-programie\/glowne-zalozenie-projektow\/\">Rodzaje projekt\u00f3w<\/a><\/li><li><a href=\"https:\/\/pl-ua.eu\/pl\/o-programie\/fmp\/\">Fundusze Ma\u0142ych Projekt\u00f3w<\/a><ul><li><a href=\"https:\/\/pl-ua.eu\/pl\/o-programie\/fmp\/srodowisko-crosseco\/\">\u015aRODOWISKO &#8211; CrossEco<\/a><\/li><li><a href=\"https:\/\/pl-ua.eu\/pl\/o-programie\/fmp\/wspolpraca-smallcbb\/\">WSP\u00d3\u0141PRACA &#8211; SmallCBB<\/a><\/li><\/ul><\/li><li><a href=\"https:\/\/pl-ua.eu\/pl\/o-programie\/nabory-wnioskow\/\">Nabory wniosk\u00f3w<\/a><\/li><li><a href=\"https:\/\/pl-ua.eu\/pl\/o-programie\/postep-realizacji-programu\/\">Post\u0119p realizacji Programu<\/a><\/li><li><a href=\"https:\/\/pl-ua.eu\/pl\/o-programie\/interreg2028-2034\/\">Interreg 2028-2034<\/a><\/li><\/ul><\/li><li><a href=\"https:\/\/pl-ua.eu\/pl\/block-ui\/\">Block UI<\/a><\/li><li><a href=\"https:\/\/pl-ua.eu\/pl\/mapa-projektow\/\">Mapa projekt\u00f3w<\/a><\/li><li><a href=\"https:\/\/pl-ua.eu\/pl\/kontaktz-urzedem\/\">Kontaktz Urz\u0119dem<\/a><\/li><li><a href=\"https:\/\/pl-ua.eu\/pl\/platforma-wewnetrzna\/\">Platforma wewn\u0119trzna<\/a><\/li><li><a href=\"https:\/\/pl-ua.eu\/pl\/konkursy\/\">Konkursy<\/a><\/li><li><a href=\"https:\/\/pl-ua.eu\/pl\/quote-ui\/\">Quote UI<\/a><\/li><li><a href=\"https:\/\/pl-ua.eu\/pl\/\">Strona g\u0142\u00f3wna<\/a><\/li><li><a href=\"https:\/\/pl-ua.eu\/pl\/archiwum-wydarzenia\/\">Archiwum Wydarze\u0144<\/a><\/li><li><a href=\"https:\/\/pl-ua.eu\/pl\/nabory\/\">Nabory<\/a><\/li><li><a href=\"https:\/\/pl-ua.eu\/pl\/wydarzenia\/\">Wydarzenia<\/a><\/li><li><a href=\"https:\/\/pl-ua.eu\/pl\/aktualnosci\/\">Aktualno\u015bci<\/a><\/li><li><a href=\"https:\/\/pl-ua.eu\/pl\/skontaktuj-sie\/\">Skontaktuj si\u0119<\/a><ul><li><a href=\"https:\/\/pl-ua.eu\/skontaktuj-sie\/\">Punkty informacyjne<\/a><\/li><li><a href=\"https:\/\/pl-ua.eu\/skontaktuj-sie\/\">Oddzia\u0142 Sekretariatu we Lwowie<\/a><\/li><li><a href=\"https:\/\/pl-ua.eu\/skontaktuj-sie\/\">Regionalne Punkty Kontaktowe<\/a><\/li><li><a href=\"https:\/\/pl-ua.eu\/skontaktuj-sie\/\">Kontrola<\/a><\/li><\/ul><\/li><li><a href=\"https:\/\/pl-ua.eu\/pl\/historie-sukcesow\/\">Historie sukces\u00f3w<\/a><\/li><\/ul>\n\n\n\n<p><\/p>\n","protected":false},"excerpt":{"rendered":"","protected":false},"author":1,"featured_media":0,"parent":0,"menu_order":0,"comment_status":"closed","ping_status":"closed","template":"","meta":{"_acf_changed":false,"inline_featured_image":false,"_themeisle_gutenberg_block_has_review":false,"footnotes":"","_links_to":"","_links_to_target":""},"class_list":["post-7304","page","type-page","status-publish","hentry"],"acf":[],"publishpress_future_action":{"enabled":false,"date":"2026-04-11 11:41:07","action":"change-status","newStatus":"draft","terms":[],"taxonomy":"translation_priority","extraData":[]},"publishpress_future_workflow_manual_trigger":{"enabledWorkflows":[]},"_links":{"self":[{"href":"https:\/\/pl-ua.eu\/pl\/wp-json\/wp\/v2\/pages\/7304","targetHints":{"allow":["GET"]}}],"collection":[{"href":"https:\/\/pl-ua.eu\/pl\/wp-json\/wp\/v2\/pages"}],"about":[{"href":"https:\/\/pl-ua.eu\/pl\/wp-json\/wp\/v2\/types\/page"}],"author":[{"embeddable":true,"href":"https:\/\/pl-ua.eu\/pl\/wp-json\/wp\/v2\/users\/1"}],"replies":[{"embeddable":true,"href":"https:\/\/pl-ua.eu\/pl\/wp-json\/wp\/v2\/comments?post=7304"}],"version-history":[{"count":12,"href":"https:\/\/pl-ua.eu\/pl\/wp-json\/wp\/v2\/pages\/7304\/revisions"}],"predecessor-version":[{"id":33828,"href":"https:\/\/pl-ua.eu\/pl\/wp-json\/wp\/v2\/pages\/7304\/revisions\/33828"}],"wp:attachment":[{"href":"https:\/\/pl-ua.eu\/pl\/wp-json\/wp\/v2\/media?parent=7304"}],"curies":[{"name":"wp","href":"https:\/\/api.w.org\/{rel}","templated":true}]}}